{"id":9512,"date":"2023-06-12T17:51:46","date_gmt":"2023-06-12T17:51:46","guid":{"rendered":"https:\/\/atmosferasmuebles.com\/tienda\/?post_type=product&#038;p=9512"},"modified":"2026-01-18T22:15:58","modified_gmt":"2026-01-18T22:15:58","slug":"atlanta-36-square-table","status":"publish","type":"product","link":"https:\/\/atmosferasmuebles.com\/tienda\/producto\/atlanta-36-square-table\/","title":{"rendered":"Atlanta 36&#8243; Square Table"},"content":{"rendered":"<p>Elegante mesa de comedor al aire libre con una rica decoraci\u00f3n de mimbre. La construcci\u00f3n sin costuras tratada con melamina moldeada dura y suave est\u00e1 hecha para resistir manchas, quemaduras, rayones y decoloraci\u00f3n. El Atlanta conservar\u00e1 su color y belleza originales sin encanecer. Cuenta con una gran base de pedestal de 4 puntas hecha de resina de primera, un compuesto que es impermeable al aire salado, el cloro y las manchas m\u00e1s comunes. Tiene un agujero para paraguas con tapa para adaptarse a cualquier paraguas Grosfillex con un poste de 1 1\/2 &#8220;.<\/p>\n","protected":false},"excerpt":{"rendered":"<p>Elegante mesa de comedor al aire libre con una rica decoraci\u00f3n de mimbre. La construcci\u00f3n sin costuras tratada con melamina moldeada dura y suave est\u00e1 hecha para resistir manchas, quemaduras, rayones y decoloraci\u00f3n. El Atlanta conservar\u00e1 su color y belleza originales sin encanecer. Cuenta con una gran base de pedestal de 4 puntas hecha de resina de primera, un compuesto que es impermeable al aire salado, el cloro y las manchas m\u00e1s comunes. Tiene un agujero para paraguas con tapa para adaptarse a cualquier paraguas Grosfillex con un poste de 1 1\/2 &#8220;.<\/p>\n","protected":false},"featured_media":9516,"comment_status":"open","ping_status":"closed","template":"","meta":{"_joinchat":[]},"product_brand":[],"product_cat":[61,99,706,801,1212,1173,26,17,59],"product_tag":[],"accesorios":[],"coleccion":[799],"espacios":[210,212],"marca":[223],"material":[234],"class_list":{"0":"post-9512","1":"product","2":"type-product","3":"status-publish","4":"has-post-thumbnail","6":"product_cat-comedor","7":"product_cat-comedores","8":"product_cat-exterior","9":"product_cat-grosfillex","10":"product_cat-melamina","11":"product_cat-mesa-comedor","12":"product_cat-mesas","13":"product_cat-muebles-de-exterior","14":"product_cat-resina","15":"coleccion-atlanta","16":"espacios-comedores","17":"espacios-jardin","18":"marca-grosfillex","19":"material-resina","20":"sales-flash-overlay","21":"woocommerce-text-align-center","22":"woocommerce-image-align-center","24":"first","25":"instock","26":"shipping-taxable","27":"purchasable","28":"product-type-variable"},"_links":{"self":[{"href":"https:\/\/atmosferasmuebles.com\/tienda\/wp-json\/wp\/v2\/product\/9512","targetHints":{"allow":["GET"]}}],"collection":[{"href":"https:\/\/atmosferasmuebles.com\/tienda\/wp-json\/wp\/v2\/product"}],"about":[{"href":"https:\/\/atmosferasmuebles.com\/tienda\/wp-json\/wp\/v2\/types\/product"}],"replies":[{"embeddable":true,"href":"https:\/\/atmosferasmuebles.com\/tienda\/wp-json\/wp\/v2\/comments?post=9512"}],"version-history":[{"count":1,"href":"https:\/\/atmosferasmuebles.com\/tienda\/wp-json\/wp\/v2\/product\/9512\/revisions"}],"predecessor-version":[{"id":9517,"href":"https:\/\/atmosferasmuebles.com\/tienda\/wp-json\/wp\/v2\/product\/9512\/revisions\/9517"}],"wp:featuredmedia":[{"embeddable":true,"href":"https:\/\/atmosferasmuebles.com\/tienda\/wp-json\/wp\/v2\/media\/9516"}],"wp:attachment":[{"href":"https:\/\/atmosferasmuebles.com\/tienda\/wp-json\/wp\/v2\/media?parent=9512"}],"wp:term":[{"taxonomy":"product_brand","embeddable":true,"href":"https:\/\/atmosferasmuebles.com\/tienda\/wp-json\/wp\/v2\/product_brand?post=9512"},{"taxonomy":"product_cat","embeddable":true,"href":"https:\/\/atmosferasmuebles.com\/tienda\/wp-json\/wp\/v2\/product_cat?post=9512"},{"taxonomy":"product_tag","embeddable":true,"href":"https:\/\/atmosferasmuebles.com\/tienda\/wp-json\/wp\/v2\/product_tag?post=9512"},{"taxonomy":"accesorios","embeddable":true,"href":"https:\/\/atmosferasmuebles.com\/tienda\/wp-json\/wp\/v2\/accesorios?post=9512"},{"taxonomy":"coleccion","embeddable":true,"href":"https:\/\/atmosferasmuebles.com\/tienda\/wp-json\/wp\/v2\/coleccion?post=9512"},{"taxonomy":"espacios","embeddable":true,"href":"https:\/\/atmosferasmuebles.com\/tienda\/wp-json\/wp\/v2\/espacios?post=9512"},{"taxonomy":"marca","embeddable":true,"href":"https:\/\/atmosferasmuebles.com\/tienda\/wp-json\/wp\/v2\/marca?post=9512"},{"taxonomy":"material","embeddable":true,"href":"https:\/\/atmosferasmuebles.com\/tienda\/wp-json\/wp\/v2\/material?post=9512"}],"curies":[{"name":"wp","href":"https:\/\/api.w.org\/{rel}","templated":true}]}}