{"id":9464,"date":"2023-06-12T17:15:37","date_gmt":"2023-06-12T17:15:37","guid":{"rendered":"https:\/\/atmosferasmuebles.com\/tienda\/?post_type=product&#038;p=9464"},"modified":"2026-02-10T19:00:44","modified_gmt":"2026-02-10T19:00:44","slug":"35-lb-table-umbrella-base","status":"publish","type":"product","link":"https:\/\/atmosferasmuebles.com\/tienda\/producto\/35-lb-table-umbrella-base\/","title":{"rendered":"35 lb. Table Umbrella Base\u00a0"},"content":{"rendered":"<p>Dise\u00f1ado espec\u00edficamente para sujetar un paraguas de mesa. Los orificios en negrita de anclaje moldeados aseguran la base a la plataforma para mayor estabilidad, con un anillo opcional de 35 libras disponible para mayor estabilidad. V\u00e1stago largo reforzado con dos tornillos de mariposa dise\u00f1ados espec\u00edficamente para cualquier paraguas con un poste de 1 1\/2 &#8220;.<\/p>\n","protected":false},"excerpt":{"rendered":"<p>Dise\u00f1ado espec\u00edficamente para sujetar un paraguas de mesa. Los orificios en negrita de anclaje moldeados aseguran la base a la plataforma para mayor estabilidad, con un anillo opcional de 35 libras disponible para mayor estabilidad. V\u00e1stago largo reforzado con dos tornillos de mariposa dise\u00f1ados espec\u00edficamente para cualquier paraguas con un poste de 1 1\/2 &#8220;.<\/p>\n","protected":false},"featured_media":9468,"comment_status":"open","ping_status":"closed","template":"","meta":{"_joinchat":[]},"product_brand":[],"product_cat":[1205,316,710,1820,61,706,801,17,59,27],"product_tag":[],"accesorios":[1863],"coleccion":[],"espacios":[213,212],"marca":[223],"material":[234],"class_list":{"0":"post-9464","1":"product","2":"type-product","3":"status-publish","4":"has-post-thumbnail","6":"product_cat-accesorios","7":"product_cat-accesorios-comedor","8":"product_cat-base","9":"product_cat-base-para-sombrilla","10":"product_cat-comedor","11":"product_cat-exterior","12":"product_cat-grosfillex","13":"product_cat-muebles-de-exterior","14":"product_cat-resina","15":"product_cat-sombrillas","16":"accesorios-bases","17":"espacios-alberca","18":"espacios-jardin","19":"marca-grosfillex","20":"material-resina","21":"sales-flash-overlay","22":"woocommerce-text-align-center","23":"woocommerce-image-align-center","25":"first","26":"instock","27":"shipping-taxable","28":"purchasable","29":"product-type-variable"},"_links":{"self":[{"href":"https:\/\/atmosferasmuebles.com\/tienda\/wp-json\/wp\/v2\/product\/9464","targetHints":{"allow":["GET"]}}],"collection":[{"href":"https:\/\/atmosferasmuebles.com\/tienda\/wp-json\/wp\/v2\/product"}],"about":[{"href":"https:\/\/atmosferasmuebles.com\/tienda\/wp-json\/wp\/v2\/types\/product"}],"replies":[{"embeddable":true,"href":"https:\/\/atmosferasmuebles.com\/tienda\/wp-json\/wp\/v2\/comments?post=9464"}],"version-history":[{"count":1,"href":"https:\/\/atmosferasmuebles.com\/tienda\/wp-json\/wp\/v2\/product\/9464\/revisions"}],"predecessor-version":[{"id":9469,"href":"https:\/\/atmosferasmuebles.com\/tienda\/wp-json\/wp\/v2\/product\/9464\/revisions\/9469"}],"wp:featuredmedia":[{"embeddable":true,"href":"https:\/\/atmosferasmuebles.com\/tienda\/wp-json\/wp\/v2\/media\/9468"}],"wp:attachment":[{"href":"https:\/\/atmosferasmuebles.com\/tienda\/wp-json\/wp\/v2\/media?parent=9464"}],"wp:term":[{"taxonomy":"product_brand","embeddable":true,"href":"https:\/\/atmosferasmuebles.com\/tienda\/wp-json\/wp\/v2\/product_brand?post=9464"},{"taxonomy":"product_cat","embeddable":true,"href":"https:\/\/atmosferasmuebles.com\/tienda\/wp-json\/wp\/v2\/product_cat?post=9464"},{"taxonomy":"product_tag","embeddable":true,"href":"https:\/\/atmosferasmuebles.com\/tienda\/wp-json\/wp\/v2\/product_tag?post=9464"},{"taxonomy":"accesorios","embeddable":true,"href":"https:\/\/atmosferasmuebles.com\/tienda\/wp-json\/wp\/v2\/accesorios?post=9464"},{"taxonomy":"coleccion","embeddable":true,"href":"https:\/\/atmosferasmuebles.com\/tienda\/wp-json\/wp\/v2\/coleccion?post=9464"},{"taxonomy":"espacios","embeddable":true,"href":"https:\/\/atmosferasmuebles.com\/tienda\/wp-json\/wp\/v2\/espacios?post=9464"},{"taxonomy":"marca","embeddable":true,"href":"https:\/\/atmosferasmuebles.com\/tienda\/wp-json\/wp\/v2\/marca?post=9464"},{"taxonomy":"material","embeddable":true,"href":"https:\/\/atmosferasmuebles.com\/tienda\/wp-json\/wp\/v2\/material?post=9464"}],"curies":[{"name":"wp","href":"https:\/\/api.w.org\/{rel}","templated":true}]}}