{"id":9306,"date":"2023-06-10T19:30:43","date_gmt":"2023-06-10T19:30:43","guid":{"rendered":"https:\/\/atmosferasmuebles.com\/tienda\/?post_type=product&#038;p=9306"},"modified":"2025-08-20T21:19:29","modified_gmt":"2025-08-20T21:19:29","slug":"marina-adjustable-sling-chaise","status":"publish","type":"product","link":"https:\/\/atmosferasmuebles.com\/tienda\/producto\/marina-adjustable-sling-chaise\/","title":{"rendered":"Marina Adjustable Sling Chaise\u00a0"},"content":{"rendered":"<p>La chaise longue ajustable Marina sin brazos est\u00e1 dise\u00f1ada espec\u00edficamente para uso comercial. Dise\u00f1ado para una comodidad duradera con un cabestrillo firme, transpirable y de apoyo y respaldo ajustable en 5 posiciones. La tumbona Marana cuenta con ruedas empotradas para facilitar la movilidad y una eslinga de poli\u00e9ster recubierta de vinilo tejido f\u00e1cil de reemplazar. Apilable para un f\u00e1cil almacenamiento.<\/p>\n","protected":false},"excerpt":{"rendered":"<p>La chaise longue ajustable Marina sin brazos est\u00e1 dise\u00f1ada espec\u00edficamente para uso comercial. Dise\u00f1ado para una comodidad duradera con un cabestrillo firme, transpirable y de apoyo y respaldo ajustable en 5 posiciones. La tumbona Marana cuenta con ruedas empotradas para facilitar la movilidad y una eslinga de poli\u00e9ster recubierta de vinilo tejido f\u00e1cil de reemplazar. Apilable para un f\u00e1cil almacenamiento.<\/p>\n","protected":false},"featured_media":9307,"comment_status":"open","ping_status":"closed","template":"","meta":{"_joinchat":[]},"product_brand":[],"product_cat":[706,801,17,59,69,18],"product_tag":[],"accesorios":[],"coleccion":[773],"espacios":[213],"marca":[223],"material":[234,233],"class_list":{"0":"post-9306","1":"product","2":"type-product","3":"status-publish","4":"has-post-thumbnail","6":"product_cat-exterior","7":"product_cat-grosfillex","8":"product_cat-muebles-de-exterior","9":"product_cat-resina","10":"product_cat-tela-para-exterior","11":"product_cat-tumbonas-y-camastros","12":"coleccion-marina","13":"espacios-alberca","14":"marca-grosfillex","15":"material-resina","16":"material-textil","17":"sales-flash-overlay","18":"woocommerce-text-align-center","19":"woocommerce-image-align-center","20":"wc-has-gallery","22":"first","23":"instock","24":"shipping-taxable","25":"purchasable","26":"product-type-variable"},"_links":{"self":[{"href":"https:\/\/atmosferasmuebles.com\/tienda\/wp-json\/wp\/v2\/product\/9306","targetHints":{"allow":["GET"]}}],"collection":[{"href":"https:\/\/atmosferasmuebles.com\/tienda\/wp-json\/wp\/v2\/product"}],"about":[{"href":"https:\/\/atmosferasmuebles.com\/tienda\/wp-json\/wp\/v2\/types\/product"}],"replies":[{"embeddable":true,"href":"https:\/\/atmosferasmuebles.com\/tienda\/wp-json\/wp\/v2\/comments?post=9306"}],"version-history":[{"count":1,"href":"https:\/\/atmosferasmuebles.com\/tienda\/wp-json\/wp\/v2\/product\/9306\/revisions"}],"predecessor-version":[{"id":9311,"href":"https:\/\/atmosferasmuebles.com\/tienda\/wp-json\/wp\/v2\/product\/9306\/revisions\/9311"}],"wp:featuredmedia":[{"embeddable":true,"href":"https:\/\/atmosferasmuebles.com\/tienda\/wp-json\/wp\/v2\/media\/9307"}],"wp:attachment":[{"href":"https:\/\/atmosferasmuebles.com\/tienda\/wp-json\/wp\/v2\/media?parent=9306"}],"wp:term":[{"taxonomy":"product_brand","embeddable":true,"href":"https:\/\/atmosferasmuebles.com\/tienda\/wp-json\/wp\/v2\/product_brand?post=9306"},{"taxonomy":"product_cat","embeddable":true,"href":"https:\/\/atmosferasmuebles.com\/tienda\/wp-json\/wp\/v2\/product_cat?post=9306"},{"taxonomy":"product_tag","embeddable":true,"href":"https:\/\/atmosferasmuebles.com\/tienda\/wp-json\/wp\/v2\/product_tag?post=9306"},{"taxonomy":"accesorios","embeddable":true,"href":"https:\/\/atmosferasmuebles.com\/tienda\/wp-json\/wp\/v2\/accesorios?post=9306"},{"taxonomy":"coleccion","embeddable":true,"href":"https:\/\/atmosferasmuebles.com\/tienda\/wp-json\/wp\/v2\/coleccion?post=9306"},{"taxonomy":"espacios","embeddable":true,"href":"https:\/\/atmosferasmuebles.com\/tienda\/wp-json\/wp\/v2\/espacios?post=9306"},{"taxonomy":"marca","embeddable":true,"href":"https:\/\/atmosferasmuebles.com\/tienda\/wp-json\/wp\/v2\/marca?post=9306"},{"taxonomy":"material","embeddable":true,"href":"https:\/\/atmosferasmuebles.com\/tienda\/wp-json\/wp\/v2\/material?post=9306"}],"curies":[{"name":"wp","href":"https:\/\/api.w.org\/{rel}","templated":true}]}}