{"id":9257,"date":"2023-06-10T19:05:20","date_gmt":"2023-06-10T19:05:20","guid":{"rendered":"https:\/\/atmosferasmuebles.com\/tienda\/?post_type=product&#038;p=9257"},"modified":"2025-08-20T21:19:29","modified_gmt":"2025-08-20T21:19:29","slug":"jamaica-beach-adjustable-sling-chaise","status":"publish","type":"product","link":"https:\/\/atmosferasmuebles.com\/tienda\/producto\/jamaica-beach-adjustable-sling-chaise\/","title":{"rendered":"Jamaica Beach Adjustable Sling Chaise"},"content":{"rendered":"<p>Vers\u00e1til sill\u00f3n de eslinga ajustable de 4 posiciones con un tejido de poli\u00e9ster recubierto de PVC resistente al moho, las manchas y la decoloraci\u00f3n, tejido espec\u00edficamente para funcionar en entornos comerciales al aire libre. La tumbona Jamaica Beach tiene ruedas empotradas para facilitar el transporte y almohadillas para los pies resistentes para una mayor resistencia al desgaste. Pasa las normas de rendimiento ASTM F 1988-99 Clase B para uso comercial. 100% reciclable y fabricado en EE. UU.<\/p>\n","protected":false},"excerpt":{"rendered":"<p>Vers\u00e1til sill\u00f3n de eslinga ajustable de 4 posiciones con un tejido de poli\u00e9ster recubierto de PVC resistente al moho, las manchas y la decoloraci\u00f3n, tejido espec\u00edficamente para funcionar en entornos comerciales al aire libre. La tumbona Jamaica Beach tiene ruedas empotradas para facilitar el transporte y almohadillas para los pies resistentes para una mayor resistencia al desgaste. Pasa las normas de rendimiento ASTM F 1988-99 Clase B para uso comercial. 100% reciclable y fabricado en EE. UU.<\/p>\n","protected":false},"featured_media":9269,"comment_status":"open","ping_status":"closed","template":"","meta":{"_joinchat":[]},"product_brand":[],"product_cat":[706,801,17,18],"product_tag":[],"accesorios":[],"coleccion":[753],"espacios":[213,212],"marca":[223],"material":[],"class_list":{"0":"post-9257","1":"product","2":"type-product","3":"status-publish","4":"has-post-thumbnail","6":"product_cat-exterior","7":"product_cat-grosfillex","8":"product_cat-muebles-de-exterior","9":"product_cat-tumbonas-y-camastros","10":"coleccion-jamaica","11":"espacios-alberca","12":"espacios-jardin","13":"marca-grosfillex","14":"sales-flash-overlay","15":"woocommerce-text-align-center","16":"woocommerce-image-align-center","17":"wc-has-gallery","19":"first","20":"instock","21":"shipping-taxable","22":"purchasable","23":"product-type-variable"},"_links":{"self":[{"href":"https:\/\/atmosferasmuebles.com\/tienda\/wp-json\/wp\/v2\/product\/9257","targetHints":{"allow":["GET"]}}],"collection":[{"href":"https:\/\/atmosferasmuebles.com\/tienda\/wp-json\/wp\/v2\/product"}],"about":[{"href":"https:\/\/atmosferasmuebles.com\/tienda\/wp-json\/wp\/v2\/types\/product"}],"replies":[{"embeddable":true,"href":"https:\/\/atmosferasmuebles.com\/tienda\/wp-json\/wp\/v2\/comments?post=9257"}],"version-history":[{"count":1,"href":"https:\/\/atmosferasmuebles.com\/tienda\/wp-json\/wp\/v2\/product\/9257\/revisions"}],"predecessor-version":[{"id":9272,"href":"https:\/\/atmosferasmuebles.com\/tienda\/wp-json\/wp\/v2\/product\/9257\/revisions\/9272"}],"wp:featuredmedia":[{"embeddable":true,"href":"https:\/\/atmosferasmuebles.com\/tienda\/wp-json\/wp\/v2\/media\/9269"}],"wp:attachment":[{"href":"https:\/\/atmosferasmuebles.com\/tienda\/wp-json\/wp\/v2\/media?parent=9257"}],"wp:term":[{"taxonomy":"product_brand","embeddable":true,"href":"https:\/\/atmosferasmuebles.com\/tienda\/wp-json\/wp\/v2\/product_brand?post=9257"},{"taxonomy":"product_cat","embeddable":true,"href":"https:\/\/atmosferasmuebles.com\/tienda\/wp-json\/wp\/v2\/product_cat?post=9257"},{"taxonomy":"product_tag","embeddable":true,"href":"https:\/\/atmosferasmuebles.com\/tienda\/wp-json\/wp\/v2\/product_tag?post=9257"},{"taxonomy":"accesorios","embeddable":true,"href":"https:\/\/atmosferasmuebles.com\/tienda\/wp-json\/wp\/v2\/accesorios?post=9257"},{"taxonomy":"coleccion","embeddable":true,"href":"https:\/\/atmosferasmuebles.com\/tienda\/wp-json\/wp\/v2\/coleccion?post=9257"},{"taxonomy":"espacios","embeddable":true,"href":"https:\/\/atmosferasmuebles.com\/tienda\/wp-json\/wp\/v2\/espacios?post=9257"},{"taxonomy":"marca","embeddable":true,"href":"https:\/\/atmosferasmuebles.com\/tienda\/wp-json\/wp\/v2\/marca?post=9257"},{"taxonomy":"material","embeddable":true,"href":"https:\/\/atmosferasmuebles.com\/tienda\/wp-json\/wp\/v2\/material?post=9257"}],"curies":[{"name":"wp","href":"https:\/\/api.w.org\/{rel}","templated":true}]}}