{"id":9162,"date":"2023-06-09T20:00:17","date_gmt":"2023-06-09T20:00:17","guid":{"rendered":"https:\/\/atmosferasmuebles.com\/tienda\/?post_type=product&#038;p=9162"},"modified":"2025-08-20T21:19:24","modified_gmt":"2025-08-20T21:19:24","slug":"havana-classic-armchair","status":"publish","type":"product","link":"https:\/\/atmosferasmuebles.com\/tienda\/producto\/havana-classic-armchair\/","title":{"rendered":"Havana Classic Armchair"},"content":{"rendered":"<p>Dise\u00f1o de mimbre para todo clima sin mantenimiento! El sill\u00f3n Havana Classic tiene una textura decorativa con acabado de mimbre que no albergar\u00e1 suciedad, g\u00e9rmenes ni bacterias. El Havana cuenta con patas cuadradas de aluminio recubierto de polvo de 1 1\/4 &#8220;con almohadillas resistentes para los pies para una integridad estructural.<\/p>\n","protected":false},"excerpt":{"rendered":"<p>Dise\u00f1o de mimbre para todo clima sin mantenimiento! El sill\u00f3n Havana Classic tiene una textura decorativa con acabado de mimbre que no albergar\u00e1 suciedad, g\u00e9rmenes ni bacterias. El Havana cuenta con patas cuadradas de aluminio recubierto de polvo de 1 1\/4 &#8220;con almohadillas resistentes para los pies para una integridad estructural.<\/p>\n","protected":false},"featured_media":9166,"comment_status":"open","ping_status":"closed","template":"","meta":{"_joinchat":[]},"product_brand":[],"product_cat":[316,61,99,706,801,63,17,60],"product_tag":[],"accesorios":[],"coleccion":[743],"espacios":[210,212],"marca":[223],"material":[232],"class_list":{"0":"post-9162","1":"product","2":"type-product","3":"status-publish","4":"has-post-thumbnail","6":"product_cat-accesorios-comedor","7":"product_cat-comedor","8":"product_cat-comedores","9":"product_cat-exterior","10":"product_cat-grosfillex","11":"product_cat-mimbre-intemperie","12":"product_cat-muebles-de-exterior","13":"product_cat-sillas","14":"coleccion-havana","15":"espacios-comedores","16":"espacios-jardin","17":"marca-grosfillex","18":"material-aluminio","19":"sales-flash-overlay","20":"woocommerce-text-align-center","21":"woocommerce-image-align-center","22":"wc-has-gallery","24":"first","25":"instock","26":"shipping-taxable","27":"purchasable","28":"product-type-variable"},"_links":{"self":[{"href":"https:\/\/atmosferasmuebles.com\/tienda\/wp-json\/wp\/v2\/product\/9162","targetHints":{"allow":["GET"]}}],"collection":[{"href":"https:\/\/atmosferasmuebles.com\/tienda\/wp-json\/wp\/v2\/product"}],"about":[{"href":"https:\/\/atmosferasmuebles.com\/tienda\/wp-json\/wp\/v2\/types\/product"}],"replies":[{"embeddable":true,"href":"https:\/\/atmosferasmuebles.com\/tienda\/wp-json\/wp\/v2\/comments?post=9162"}],"version-history":[{"count":2,"href":"https:\/\/atmosferasmuebles.com\/tienda\/wp-json\/wp\/v2\/product\/9162\/revisions"}],"predecessor-version":[{"id":9171,"href":"https:\/\/atmosferasmuebles.com\/tienda\/wp-json\/wp\/v2\/product\/9162\/revisions\/9171"}],"wp:featuredmedia":[{"embeddable":true,"href":"https:\/\/atmosferasmuebles.com\/tienda\/wp-json\/wp\/v2\/media\/9166"}],"wp:attachment":[{"href":"https:\/\/atmosferasmuebles.com\/tienda\/wp-json\/wp\/v2\/media?parent=9162"}],"wp:term":[{"taxonomy":"product_brand","embeddable":true,"href":"https:\/\/atmosferasmuebles.com\/tienda\/wp-json\/wp\/v2\/product_brand?post=9162"},{"taxonomy":"product_cat","embeddable":true,"href":"https:\/\/atmosferasmuebles.com\/tienda\/wp-json\/wp\/v2\/product_cat?post=9162"},{"taxonomy":"product_tag","embeddable":true,"href":"https:\/\/atmosferasmuebles.com\/tienda\/wp-json\/wp\/v2\/product_tag?post=9162"},{"taxonomy":"accesorios","embeddable":true,"href":"https:\/\/atmosferasmuebles.com\/tienda\/wp-json\/wp\/v2\/accesorios?post=9162"},{"taxonomy":"coleccion","embeddable":true,"href":"https:\/\/atmosferasmuebles.com\/tienda\/wp-json\/wp\/v2\/coleccion?post=9162"},{"taxonomy":"espacios","embeddable":true,"href":"https:\/\/atmosferasmuebles.com\/tienda\/wp-json\/wp\/v2\/espacios?post=9162"},{"taxonomy":"marca","embeddable":true,"href":"https:\/\/atmosferasmuebles.com\/tienda\/wp-json\/wp\/v2\/marca?post=9162"},{"taxonomy":"material","embeddable":true,"href":"https:\/\/atmosferasmuebles.com\/tienda\/wp-json\/wp\/v2\/material?post=9162"}],"curies":[{"name":"wp","href":"https:\/\/api.w.org\/{rel}","templated":true}]}}