{"id":9143,"date":"2023-06-09T19:29:13","date_gmt":"2023-06-09T19:29:13","guid":{"rendered":"https:\/\/atmosferasmuebles.com\/tienda\/?post_type=product&#038;p=9143"},"modified":"2025-08-20T21:19:24","modified_gmt":"2025-08-20T21:19:24","slug":"java-wicker-armchair","status":"publish","type":"product","link":"https:\/\/atmosferasmuebles.com\/tienda\/producto\/java-wicker-armchair\/","title":{"rendered":"Java Wicker Armchair"},"content":{"rendered":"<p>El dise\u00f1o cl\u00e1sico contempor\u00e1neo combina el mimbre con resina para brindar resistencia, estilo y comodidad. Apilable y apto para interior o exterior.<\/p>\n","protected":false},"excerpt":{"rendered":"<p>El dise\u00f1o cl\u00e1sico contempor\u00e1neo combina el mimbre con resina para brindar resistencia, estilo y comodidad. Apilable y apto para interior o exterior.<\/p>\n","protected":false},"featured_media":9120,"comment_status":"open","ping_status":"closed","template":"","meta":{"_joinchat":[]},"product_brand":[],"product_cat":[316,61,99,706,801,17,59],"product_tag":[],"accesorios":[],"coleccion":[],"espacios":[],"marca":[],"material":[],"class_list":{"0":"post-9143","1":"product","2":"type-product","3":"status-publish","4":"has-post-thumbnail","6":"product_cat-accesorios-comedor","7":"product_cat-comedor","8":"product_cat-comedores","9":"product_cat-exterior","10":"product_cat-grosfillex","11":"product_cat-muebles-de-exterior","12":"product_cat-resina","13":"sales-flash-overlay","14":"woocommerce-text-align-center","15":"woocommerce-image-align-center","16":"wc-has-gallery","18":"first","19":"instock","20":"shipping-taxable","21":"purchasable","22":"product-type-variable"},"_links":{"self":[{"href":"https:\/\/atmosferasmuebles.com\/tienda\/wp-json\/wp\/v2\/product\/9143","targetHints":{"allow":["GET"]}}],"collection":[{"href":"https:\/\/atmosferasmuebles.com\/tienda\/wp-json\/wp\/v2\/product"}],"about":[{"href":"https:\/\/atmosferasmuebles.com\/tienda\/wp-json\/wp\/v2\/types\/product"}],"replies":[{"embeddable":true,"href":"https:\/\/atmosferasmuebles.com\/tienda\/wp-json\/wp\/v2\/comments?post=9143"}],"version-history":[{"count":1,"href":"https:\/\/atmosferasmuebles.com\/tienda\/wp-json\/wp\/v2\/product\/9143\/revisions"}],"predecessor-version":[{"id":9151,"href":"https:\/\/atmosferasmuebles.com\/tienda\/wp-json\/wp\/v2\/product\/9143\/revisions\/9151"}],"wp:featuredmedia":[{"embeddable":true,"href":"https:\/\/atmosferasmuebles.com\/tienda\/wp-json\/wp\/v2\/media\/9120"}],"wp:attachment":[{"href":"https:\/\/atmosferasmuebles.com\/tienda\/wp-json\/wp\/v2\/media?parent=9143"}],"wp:term":[{"taxonomy":"product_brand","embeddable":true,"href":"https:\/\/atmosferasmuebles.com\/tienda\/wp-json\/wp\/v2\/product_brand?post=9143"},{"taxonomy":"product_cat","embeddable":true,"href":"https:\/\/atmosferasmuebles.com\/tienda\/wp-json\/wp\/v2\/product_cat?post=9143"},{"taxonomy":"product_tag","embeddable":true,"href":"https:\/\/atmosferasmuebles.com\/tienda\/wp-json\/wp\/v2\/product_tag?post=9143"},{"taxonomy":"accesorios","embeddable":true,"href":"https:\/\/atmosferasmuebles.com\/tienda\/wp-json\/wp\/v2\/accesorios?post=9143"},{"taxonomy":"coleccion","embeddable":true,"href":"https:\/\/atmosferasmuebles.com\/tienda\/wp-json\/wp\/v2\/coleccion?post=9143"},{"taxonomy":"espacios","embeddable":true,"href":"https:\/\/atmosferasmuebles.com\/tienda\/wp-json\/wp\/v2\/espacios?post=9143"},{"taxonomy":"marca","embeddable":true,"href":"https:\/\/atmosferasmuebles.com\/tienda\/wp-json\/wp\/v2\/marca?post=9143"},{"taxonomy":"material","embeddable":true,"href":"https:\/\/atmosferasmuebles.com\/tienda\/wp-json\/wp\/v2\/material?post=9143"}],"curies":[{"name":"wp","href":"https:\/\/api.w.org\/{rel}","templated":true}]}}