{"id":9128,"date":"2023-06-09T19:12:00","date_gmt":"2023-06-09T19:12:00","guid":{"rendered":"https:\/\/atmosferasmuebles.com\/tienda\/?post_type=product&#038;p=9128"},"modified":"2026-01-26T06:07:39","modified_gmt":"2026-01-26T06:07:39","slug":"java-wicker-barstool","status":"publish","type":"product","link":"https:\/\/atmosferasmuebles.com\/tienda\/producto\/java-wicker-barstool\/","title":{"rendered":"Java Wicker Barstool"},"content":{"rendered":"<p>The Java Barstool: dise\u00f1o cl\u00e1sico de mimbre contempor\u00e1neo que es apilable y resistente. Asiento y patas de aluminio con recubrimiento en polvo.<\/p>\n","protected":false},"excerpt":{"rendered":"<p>The Java Barstool: dise\u00f1o cl\u00e1sico de mimbre contempor\u00e1neo que es apilable y resistente. Asiento y patas de aluminio con recubrimiento en polvo.<\/p>\n","protected":false},"featured_media":9129,"comment_status":"open","ping_status":"closed","template":"","meta":{"_joinchat":[]},"product_brand":[],"product_cat":[316,61,99,706,801,17,59],"product_tag":[],"accesorios":[],"coleccion":[738],"espacios":[210],"marca":[223],"material":[234],"class_list":{"0":"post-9128","1":"product","2":"type-product","3":"status-publish","4":"has-post-thumbnail","6":"product_cat-accesorios-comedor","7":"product_cat-comedor","8":"product_cat-comedores","9":"product_cat-exterior","10":"product_cat-grosfillex","11":"product_cat-muebles-de-exterior","12":"product_cat-resina","13":"coleccion-java","14":"espacios-comedores","15":"marca-grosfillex","16":"material-resina","17":"sales-flash-overlay","18":"woocommerce-text-align-center","19":"woocommerce-image-align-center","20":"wc-has-gallery","22":"first","23":"instock","24":"shipping-taxable","25":"purchasable","26":"product-type-variable"},"_links":{"self":[{"href":"https:\/\/atmosferasmuebles.com\/tienda\/wp-json\/wp\/v2\/product\/9128","targetHints":{"allow":["GET"]}}],"collection":[{"href":"https:\/\/atmosferasmuebles.com\/tienda\/wp-json\/wp\/v2\/product"}],"about":[{"href":"https:\/\/atmosferasmuebles.com\/tienda\/wp-json\/wp\/v2\/types\/product"}],"replies":[{"embeddable":true,"href":"https:\/\/atmosferasmuebles.com\/tienda\/wp-json\/wp\/v2\/comments?post=9128"}],"version-history":[{"count":1,"href":"https:\/\/atmosferasmuebles.com\/tienda\/wp-json\/wp\/v2\/product\/9128\/revisions"}],"predecessor-version":[{"id":9133,"href":"https:\/\/atmosferasmuebles.com\/tienda\/wp-json\/wp\/v2\/product\/9128\/revisions\/9133"}],"wp:featuredmedia":[{"embeddable":true,"href":"https:\/\/atmosferasmuebles.com\/tienda\/wp-json\/wp\/v2\/media\/9129"}],"wp:attachment":[{"href":"https:\/\/atmosferasmuebles.com\/tienda\/wp-json\/wp\/v2\/media?parent=9128"}],"wp:term":[{"taxonomy":"product_brand","embeddable":true,"href":"https:\/\/atmosferasmuebles.com\/tienda\/wp-json\/wp\/v2\/product_brand?post=9128"},{"taxonomy":"product_cat","embeddable":true,"href":"https:\/\/atmosferasmuebles.com\/tienda\/wp-json\/wp\/v2\/product_cat?post=9128"},{"taxonomy":"product_tag","embeddable":true,"href":"https:\/\/atmosferasmuebles.com\/tienda\/wp-json\/wp\/v2\/product_tag?post=9128"},{"taxonomy":"accesorios","embeddable":true,"href":"https:\/\/atmosferasmuebles.com\/tienda\/wp-json\/wp\/v2\/accesorios?post=9128"},{"taxonomy":"coleccion","embeddable":true,"href":"https:\/\/atmosferasmuebles.com\/tienda\/wp-json\/wp\/v2\/coleccion?post=9128"},{"taxonomy":"espacios","embeddable":true,"href":"https:\/\/atmosferasmuebles.com\/tienda\/wp-json\/wp\/v2\/espacios?post=9128"},{"taxonomy":"marca","embeddable":true,"href":"https:\/\/atmosferasmuebles.com\/tienda\/wp-json\/wp\/v2\/marca?post=9128"},{"taxonomy":"material","embeddable":true,"href":"https:\/\/atmosferasmuebles.com\/tienda\/wp-json\/wp\/v2\/material?post=9128"}],"curies":[{"name":"wp","href":"https:\/\/api.w.org\/{rel}","templated":true}]}}