{"id":9104,"date":"2023-06-09T17:20:09","date_gmt":"2023-06-09T17:20:09","guid":{"rendered":"https:\/\/atmosferasmuebles.com\/tienda\/?post_type=product&#038;p=9104"},"modified":"2026-01-18T22:15:58","modified_gmt":"2026-01-18T22:15:58","slug":"ramatuelle-table-duo-28-dining","status":"publish","type":"product","link":"https:\/\/atmosferasmuebles.com\/tienda\/producto\/ramatuelle-table-duo-28-dining\/","title":{"rendered":"Ramatuelle Table Duo 28&#8243; Dining\u00a0"},"content":{"rendered":"<p>La nueva mesa de comedor Ramatuelle 73 \u2019Duo cuenta con un asa de resina de poliamida reforzada y est\u00e1 acabada con pintura de poli\u00e9ster de alta resistencia sobre acero inoxidable tratado con tratamiento anticorrosi\u00f3n por cataforesis. La parte superior se inclina para un f\u00e1cil almacenamiento. El compa\u00f1ero perfecto para la silla de comedor Ramatuelle 73 &#8216;.<\/p>\n","protected":false},"excerpt":{"rendered":"<p>La nueva mesa de comedor Ramatuelle 73 \u2019Duo cuenta con un asa de resina de poliamida reforzada y est\u00e1 acabada con pintura de poli\u00e9ster de alta resistencia sobre acero inoxidable tratado con tratamiento anticorrosi\u00f3n por cataforesis. La parte superior se inclina para un f\u00e1cil almacenamiento. El compa\u00f1ero perfecto para la silla de comedor Ramatuelle 73 &#8216;.<\/p>\n","protected":false},"featured_media":9094,"comment_status":"open","ping_status":"closed","template":"","meta":{"_joinchat":[]},"product_brand":[],"product_cat":[316,706,801,1173,26,23,17],"product_tag":[],"accesorios":[],"coleccion":[733],"espacios":[210],"marca":[223],"material":[],"class_list":{"0":"post-9104","1":"product","2":"type-product","3":"status-publish","4":"has-post-thumbnail","6":"product_cat-accesorios-comedor","7":"product_cat-exterior","8":"product_cat-grosfillex","9":"product_cat-mesa-comedor","10":"product_cat-mesas","11":"product_cat-metal","12":"product_cat-muebles-de-exterior","13":"coleccion-ramatuelle","14":"espacios-comedores","15":"marca-grosfillex","16":"sales-flash-overlay","17":"woocommerce-text-align-center","18":"woocommerce-image-align-center","19":"wc-has-gallery","21":"first","22":"instock","23":"shipping-taxable","24":"purchasable","25":"product-type-variable"},"_links":{"self":[{"href":"https:\/\/atmosferasmuebles.com\/tienda\/wp-json\/wp\/v2\/product\/9104","targetHints":{"allow":["GET"]}}],"collection":[{"href":"https:\/\/atmosferasmuebles.com\/tienda\/wp-json\/wp\/v2\/product"}],"about":[{"href":"https:\/\/atmosferasmuebles.com\/tienda\/wp-json\/wp\/v2\/types\/product"}],"replies":[{"embeddable":true,"href":"https:\/\/atmosferasmuebles.com\/tienda\/wp-json\/wp\/v2\/comments?post=9104"}],"version-history":[{"count":1,"href":"https:\/\/atmosferasmuebles.com\/tienda\/wp-json\/wp\/v2\/product\/9104\/revisions"}],"predecessor-version":[{"id":9105,"href":"https:\/\/atmosferasmuebles.com\/tienda\/wp-json\/wp\/v2\/product\/9104\/revisions\/9105"}],"wp:featuredmedia":[{"embeddable":true,"href":"https:\/\/atmosferasmuebles.com\/tienda\/wp-json\/wp\/v2\/media\/9094"}],"wp:attachment":[{"href":"https:\/\/atmosferasmuebles.com\/tienda\/wp-json\/wp\/v2\/media?parent=9104"}],"wp:term":[{"taxonomy":"product_brand","embeddable":true,"href":"https:\/\/atmosferasmuebles.com\/tienda\/wp-json\/wp\/v2\/product_brand?post=9104"},{"taxonomy":"product_cat","embeddable":true,"href":"https:\/\/atmosferasmuebles.com\/tienda\/wp-json\/wp\/v2\/product_cat?post=9104"},{"taxonomy":"product_tag","embeddable":true,"href":"https:\/\/atmosferasmuebles.com\/tienda\/wp-json\/wp\/v2\/product_tag?post=9104"},{"taxonomy":"accesorios","embeddable":true,"href":"https:\/\/atmosferasmuebles.com\/tienda\/wp-json\/wp\/v2\/accesorios?post=9104"},{"taxonomy":"coleccion","embeddable":true,"href":"https:\/\/atmosferasmuebles.com\/tienda\/wp-json\/wp\/v2\/coleccion?post=9104"},{"taxonomy":"espacios","embeddable":true,"href":"https:\/\/atmosferasmuebles.com\/tienda\/wp-json\/wp\/v2\/espacios?post=9104"},{"taxonomy":"marca","embeddable":true,"href":"https:\/\/atmosferasmuebles.com\/tienda\/wp-json\/wp\/v2\/marca?post=9104"},{"taxonomy":"material","embeddable":true,"href":"https:\/\/atmosferasmuebles.com\/tienda\/wp-json\/wp\/v2\/material?post=9104"}],"curies":[{"name":"wp","href":"https:\/\/api.w.org\/{rel}","templated":true}]}}