{"id":9038,"date":"2023-06-09T15:32:00","date_gmt":"2023-06-09T15:32:00","guid":{"rendered":"https:\/\/atmosferasmuebles.com\/tienda\/?post_type=product&#038;p=9038"},"modified":"2025-08-20T21:19:19","modified_gmt":"2025-08-20T21:19:19","slug":"sunset-towel-valet-triple","status":"publish","type":"product","link":"https:\/\/atmosferasmuebles.com\/tienda\/producto\/sunset-towel-valet-triple\/","title":{"rendered":"Sunset Towel Valet Triple"},"content":{"rendered":"<p>Sunset Towel Valet es una hermosa soluci\u00f3n para mantener las \u00e1reas de su piscina, spa y gimnasio limpias y ordenadas. Fabricado en aluminio con inserciones de textilene, es f\u00e1cil de montar y est\u00e1 construido para durar. Towel Valet est\u00e1 disponible en configuraciones de unidad simple, doble y triple. Cada unidad viene con un carrito de lavander\u00eda y una bolsa de lavander\u00eda a juego para limpiar f\u00e1cilmente las toallas sucias.<\/p>\n","protected":false},"excerpt":{"rendered":"<p>Sunset Towel Valet es una hermosa soluci\u00f3n para mantener las \u00e1reas de su piscina, spa y gimnasio limpias y ordenadas. Fabricado en aluminio con inserciones de textilene, es f\u00e1cil de montar y est\u00e1 construido para durar. Towel Valet est\u00e1 disponible en configuraciones de unidad simple, doble y triple. Cada unidad viene con un carrito de &#8230; <a title=\"Sunset Towel Valet Triple\" class=\"read-more\" href=\"https:\/\/atmosferasmuebles.com\/tienda\/producto\/sunset-towel-valet-triple\/\" aria-label=\"Leer m\u00e1s sobre Sunset Towel Valet Triple\">Leer m\u00e1s<\/a><\/p>\n","protected":false},"featured_media":9046,"comment_status":"open","ping_status":"closed","template":"","meta":{"_joinchat":[]},"product_brand":[],"product_cat":[706,801,23,17,69],"product_tag":[],"accesorios":[],"coleccion":[727],"espacios":[213],"marca":[223],"material":[232,233],"class_list":{"0":"post-9038","1":"product","2":"type-product","3":"status-publish","4":"has-post-thumbnail","6":"product_cat-exterior","7":"product_cat-grosfillex","8":"product_cat-metal","9":"product_cat-muebles-de-exterior","10":"product_cat-tela-para-exterior","11":"coleccion-sunset","12":"espacios-alberca","13":"marca-grosfillex","14":"material-aluminio","15":"material-textil","16":"sales-flash-overlay","17":"woocommerce-text-align-center","18":"woocommerce-image-align-center","19":"wc-has-gallery","21":"first","22":"instock","23":"shipping-taxable","24":"purchasable","25":"product-type-variable"},"_links":{"self":[{"href":"https:\/\/atmosferasmuebles.com\/tienda\/wp-json\/wp\/v2\/product\/9038","targetHints":{"allow":["GET"]}}],"collection":[{"href":"https:\/\/atmosferasmuebles.com\/tienda\/wp-json\/wp\/v2\/product"}],"about":[{"href":"https:\/\/atmosferasmuebles.com\/tienda\/wp-json\/wp\/v2\/types\/product"}],"replies":[{"embeddable":true,"href":"https:\/\/atmosferasmuebles.com\/tienda\/wp-json\/wp\/v2\/comments?post=9038"}],"version-history":[{"count":1,"href":"https:\/\/atmosferasmuebles.com\/tienda\/wp-json\/wp\/v2\/product\/9038\/revisions"}],"predecessor-version":[{"id":9047,"href":"https:\/\/atmosferasmuebles.com\/tienda\/wp-json\/wp\/v2\/product\/9038\/revisions\/9047"}],"wp:featuredmedia":[{"embeddable":true,"href":"https:\/\/atmosferasmuebles.com\/tienda\/wp-json\/wp\/v2\/media\/9046"}],"wp:attachment":[{"href":"https:\/\/atmosferasmuebles.com\/tienda\/wp-json\/wp\/v2\/media?parent=9038"}],"wp:term":[{"taxonomy":"product_brand","embeddable":true,"href":"https:\/\/atmosferasmuebles.com\/tienda\/wp-json\/wp\/v2\/product_brand?post=9038"},{"taxonomy":"product_cat","embeddable":true,"href":"https:\/\/atmosferasmuebles.com\/tienda\/wp-json\/wp\/v2\/product_cat?post=9038"},{"taxonomy":"product_tag","embeddable":true,"href":"https:\/\/atmosferasmuebles.com\/tienda\/wp-json\/wp\/v2\/product_tag?post=9038"},{"taxonomy":"accesorios","embeddable":true,"href":"https:\/\/atmosferasmuebles.com\/tienda\/wp-json\/wp\/v2\/accesorios?post=9038"},{"taxonomy":"coleccion","embeddable":true,"href":"https:\/\/atmosferasmuebles.com\/tienda\/wp-json\/wp\/v2\/coleccion?post=9038"},{"taxonomy":"espacios","embeddable":true,"href":"https:\/\/atmosferasmuebles.com\/tienda\/wp-json\/wp\/v2\/espacios?post=9038"},{"taxonomy":"marca","embeddable":true,"href":"https:\/\/atmosferasmuebles.com\/tienda\/wp-json\/wp\/v2\/marca?post=9038"},{"taxonomy":"material","embeddable":true,"href":"https:\/\/atmosferasmuebles.com\/tienda\/wp-json\/wp\/v2\/material?post=9038"}],"curies":[{"name":"wp","href":"https:\/\/api.w.org\/{rel}","templated":true}]}}