{"id":8959,"date":"2023-06-06T18:50:34","date_gmt":"2023-06-06T18:50:34","guid":{"rendered":"https:\/\/atmosferasmuebles.com\/tienda\/?post_type=product&#038;p=8959"},"modified":"2026-05-03T04:57:01","modified_gmt":"2026-05-03T04:57:01","slug":"sunset-chaise-lounge","status":"publish","type":"product","link":"https:\/\/atmosferasmuebles.com\/tienda\/producto\/sunset-chaise-lounge\/","title":{"rendered":"Sunset Chaise lounge"},"content":{"rendered":"<p>Sunset Chaise Lounge es \u00fanico en su clase. Fabricado con la tecnolog\u00eda de moldeo por aire , sus l\u00edneas fluidas y suaves ofrecen una comodidad superior sin sacrificar el estilo. El aspecto del metal fundido sin el peso ni el miedo a la oxidaci\u00f3n. Cuenta con un cabestrillo reemplazable.<\/p>\n","protected":false},"excerpt":{"rendered":"<p>Sunset Chaise Lounge es \u00fanico en su clase. Fabricado con la tecnolog\u00eda de moldeo por aire , sus l\u00edneas fluidas y suaves ofrecen una comodidad superior sin sacrificar el estilo. El aspecto del metal fundido sin el peso ni el miedo a la oxidaci\u00f3n. Cuenta con un cabestrillo reemplazable.<\/p>\n","protected":false},"featured_media":8960,"comment_status":"open","ping_status":"closed","template":"","meta":{"_joinchat":[]},"product_brand":[],"product_cat":[2234,706,801,23,17,18],"product_tag":[],"accesorios":[],"coleccion":[727],"espacios":[213,1221],"marca":[223],"material":[232],"class_list":{"0":"post-8959","1":"product","2":"type-product","3":"status-publish","4":"has-post-thumbnail","6":"product_cat-alberca","7":"product_cat-exterior","8":"product_cat-grosfillex","9":"product_cat-metal","10":"product_cat-muebles-de-exterior","11":"product_cat-tumbonas-y-camastros","12":"coleccion-sunset","13":"espacios-alberca","14":"espacios-playa","15":"marca-grosfillex","16":"material-aluminio","17":"sales-flash-overlay","18":"woocommerce-text-align-center","19":"woocommerce-image-align-center","20":"wc-has-gallery","22":"first","23":"instock","24":"shipping-taxable","25":"purchasable","26":"product-type-variable"},"_links":{"self":[{"href":"https:\/\/atmosferasmuebles.com\/tienda\/wp-json\/wp\/v2\/product\/8959","targetHints":{"allow":["GET"]}}],"collection":[{"href":"https:\/\/atmosferasmuebles.com\/tienda\/wp-json\/wp\/v2\/product"}],"about":[{"href":"https:\/\/atmosferasmuebles.com\/tienda\/wp-json\/wp\/v2\/types\/product"}],"replies":[{"embeddable":true,"href":"https:\/\/atmosferasmuebles.com\/tienda\/wp-json\/wp\/v2\/comments?post=8959"}],"version-history":[{"count":1,"href":"https:\/\/atmosferasmuebles.com\/tienda\/wp-json\/wp\/v2\/product\/8959\/revisions"}],"predecessor-version":[{"id":8979,"href":"https:\/\/atmosferasmuebles.com\/tienda\/wp-json\/wp\/v2\/product\/8959\/revisions\/8979"}],"wp:featuredmedia":[{"embeddable":true,"href":"https:\/\/atmosferasmuebles.com\/tienda\/wp-json\/wp\/v2\/media\/8960"}],"wp:attachment":[{"href":"https:\/\/atmosferasmuebles.com\/tienda\/wp-json\/wp\/v2\/media?parent=8959"}],"wp:term":[{"taxonomy":"product_brand","embeddable":true,"href":"https:\/\/atmosferasmuebles.com\/tienda\/wp-json\/wp\/v2\/product_brand?post=8959"},{"taxonomy":"product_cat","embeddable":true,"href":"https:\/\/atmosferasmuebles.com\/tienda\/wp-json\/wp\/v2\/product_cat?post=8959"},{"taxonomy":"product_tag","embeddable":true,"href":"https:\/\/atmosferasmuebles.com\/tienda\/wp-json\/wp\/v2\/product_tag?post=8959"},{"taxonomy":"accesorios","embeddable":true,"href":"https:\/\/atmosferasmuebles.com\/tienda\/wp-json\/wp\/v2\/accesorios?post=8959"},{"taxonomy":"coleccion","embeddable":true,"href":"https:\/\/atmosferasmuebles.com\/tienda\/wp-json\/wp\/v2\/coleccion?post=8959"},{"taxonomy":"espacios","embeddable":true,"href":"https:\/\/atmosferasmuebles.com\/tienda\/wp-json\/wp\/v2\/espacios?post=8959"},{"taxonomy":"marca","embeddable":true,"href":"https:\/\/atmosferasmuebles.com\/tienda\/wp-json\/wp\/v2\/marca?post=8959"},{"taxonomy":"material","embeddable":true,"href":"https:\/\/atmosferasmuebles.com\/tienda\/wp-json\/wp\/v2\/material?post=8959"}],"curies":[{"name":"wp","href":"https:\/\/api.w.org\/{rel}","templated":true}]}}