{"id":8398,"date":"2022-07-19T04:54:35","date_gmt":"2022-07-19T04:54:35","guid":{"rendered":"https:\/\/atmosferasmuebles.com\/tienda\/?post_type=product&#038;p=8398"},"modified":"2026-04-29T08:32:04","modified_gmt":"2026-04-29T08:32:04","slug":"banco-flora","status":"publish","type":"product","link":"https:\/\/atmosferasmuebles.com\/tienda\/producto\/banco-flora\/","title":{"rendered":"Banco Flora"},"content":{"rendered":"<p>El complemento perfecto para cualquier comedor. Dise\u00f1o simple pero elegante la convierte en una silla ergon\u00f3mica extremadamente c\u00f3moda. La parte posterior ligeramente curva admite todos los tipos de cuerpo y condimenta cualquier configuraci\u00f3n. Las patas protectoras de pl\u00e1stico mantienen el suelo libre de rayones.<\/p>\n","protected":false},"excerpt":{"rendered":"<p>El complemento perfecto para cualquier comedor. Dise\u00f1o simple pero elegante la convierte en una silla ergon\u00f3mica extremadamente c\u00f3moda. La parte posterior ligeramente curva admite todos los tipos de cuerpo y condimenta cualquier configuraci\u00f3n. Las patas protectoras de pl\u00e1stico mantienen el suelo libre de rayones.<\/p>\n","protected":false},"featured_media":8416,"comment_status":"open","ping_status":"closed","template":"","meta":{"_joinchat":[]},"product_brand":[],"product_cat":[315,62,99,270,40,59],"product_tag":[],"accesorios":[],"coleccion":[],"espacios":[210],"marca":[704],"material":[232,228],"class_list":{"0":"post-8398","1":"product","2":"type-product","3":"status-publish","4":"has-post-thumbnail","6":"product_cat-accesorios-interior","7":"product_cat-bancos","8":"product_cat-comedores","9":"product_cat-interior","10":"product_cat-madera","11":"product_cat-resina","12":"espacios-comedores","13":"marca-purpura","14":"material-aluminio","15":"material-madera","16":"sales-flash-overlay","17":"woocommerce-text-align-center","18":"woocommerce-image-align-center","20":"first","21":"instock","22":"shipping-taxable","23":"purchasable","24":"product-type-variable"},"_links":{"self":[{"href":"https:\/\/atmosferasmuebles.com\/tienda\/wp-json\/wp\/v2\/product\/8398","targetHints":{"allow":["GET"]}}],"collection":[{"href":"https:\/\/atmosferasmuebles.com\/tienda\/wp-json\/wp\/v2\/product"}],"about":[{"href":"https:\/\/atmosferasmuebles.com\/tienda\/wp-json\/wp\/v2\/types\/product"}],"replies":[{"embeddable":true,"href":"https:\/\/atmosferasmuebles.com\/tienda\/wp-json\/wp\/v2\/comments?post=8398"}],"version-history":[{"count":1,"href":"https:\/\/atmosferasmuebles.com\/tienda\/wp-json\/wp\/v2\/product\/8398\/revisions"}],"predecessor-version":[{"id":8419,"href":"https:\/\/atmosferasmuebles.com\/tienda\/wp-json\/wp\/v2\/product\/8398\/revisions\/8419"}],"wp:featuredmedia":[{"embeddable":true,"href":"https:\/\/atmosferasmuebles.com\/tienda\/wp-json\/wp\/v2\/media\/8416"}],"wp:attachment":[{"href":"https:\/\/atmosferasmuebles.com\/tienda\/wp-json\/wp\/v2\/media?parent=8398"}],"wp:term":[{"taxonomy":"product_brand","embeddable":true,"href":"https:\/\/atmosferasmuebles.com\/tienda\/wp-json\/wp\/v2\/product_brand?post=8398"},{"taxonomy":"product_cat","embeddable":true,"href":"https:\/\/atmosferasmuebles.com\/tienda\/wp-json\/wp\/v2\/product_cat?post=8398"},{"taxonomy":"product_tag","embeddable":true,"href":"https:\/\/atmosferasmuebles.com\/tienda\/wp-json\/wp\/v2\/product_tag?post=8398"},{"taxonomy":"accesorios","embeddable":true,"href":"https:\/\/atmosferasmuebles.com\/tienda\/wp-json\/wp\/v2\/accesorios?post=8398"},{"taxonomy":"coleccion","embeddable":true,"href":"https:\/\/atmosferasmuebles.com\/tienda\/wp-json\/wp\/v2\/coleccion?post=8398"},{"taxonomy":"espacios","embeddable":true,"href":"https:\/\/atmosferasmuebles.com\/tienda\/wp-json\/wp\/v2\/espacios?post=8398"},{"taxonomy":"marca","embeddable":true,"href":"https:\/\/atmosferasmuebles.com\/tienda\/wp-json\/wp\/v2\/marca?post=8398"},{"taxonomy":"material","embeddable":true,"href":"https:\/\/atmosferasmuebles.com\/tienda\/wp-json\/wp\/v2\/material?post=8398"}],"curies":[{"name":"wp","href":"https:\/\/api.w.org\/{rel}","templated":true}]}}