{"id":8271,"date":"2022-07-08T16:41:46","date_gmt":"2022-07-08T16:41:46","guid":{"rendered":"https:\/\/atmosferasmuebles.com\/tienda\/?post_type=product&#038;p=8271"},"modified":"2026-02-10T19:14:57","modified_gmt":"2026-02-10T19:14:57","slug":"nuta-banco","status":"publish","type":"product","link":"https:\/\/atmosferasmuebles.com\/tienda\/producto\/nuta-banco\/","title":{"rendered":"Nuta banco"},"content":{"rendered":"<p>Nuta taburete disponible en dos alturas; bar y cocina. El material utilizado es tecnopol\u00edmero que le da un concepto de tacto suave a este taburete, que vuelve a proponer un dise\u00f1o de anta\u00f1o pero con materiales modernos, para un complemento adecuado para ambientes contract y comunitarios.<\/p>\n","protected":false},"excerpt":{"rendered":"<p>Nuta taburete disponible en dos alturas; bar y cocina. El material utilizado es tecnopol\u00edmero que le da un concepto de tacto suave a este taburete, que vuelve a proponer un dise\u00f1o de anta\u00f1o pero con materiales modernos, para un complemento adecuado para ambientes contract y comunitarios.<\/p>\n","protected":false},"featured_media":8274,"comment_status":"open","ping_status":"closed","template":"","meta":{"_joinchat":[]},"product_brand":[],"product_cat":[62,99,270],"product_tag":[],"accesorios":[],"coleccion":[],"espacios":[210],"marca":[463],"material":[232],"class_list":{"0":"post-8271","1":"product","2":"type-product","3":"status-publish","4":"has-post-thumbnail","6":"product_cat-bancos","7":"product_cat-comedores","8":"product_cat-interior","9":"espacios-comedores","10":"marca-labenze","11":"material-aluminio","12":"sales-flash-overlay","13":"woocommerce-text-align-center","14":"woocommerce-image-align-center","15":"wc-has-gallery","17":"first","18":"instock","19":"shipping-taxable","20":"purchasable","21":"product-type-simple"},"_links":{"self":[{"href":"https:\/\/atmosferasmuebles.com\/tienda\/wp-json\/wp\/v2\/product\/8271","targetHints":{"allow":["GET"]}}],"collection":[{"href":"https:\/\/atmosferasmuebles.com\/tienda\/wp-json\/wp\/v2\/product"}],"about":[{"href":"https:\/\/atmosferasmuebles.com\/tienda\/wp-json\/wp\/v2\/types\/product"}],"replies":[{"embeddable":true,"href":"https:\/\/atmosferasmuebles.com\/tienda\/wp-json\/wp\/v2\/comments?post=8271"}],"version-history":[{"count":2,"href":"https:\/\/atmosferasmuebles.com\/tienda\/wp-json\/wp\/v2\/product\/8271\/revisions"}],"predecessor-version":[{"id":8307,"href":"https:\/\/atmosferasmuebles.com\/tienda\/wp-json\/wp\/v2\/product\/8271\/revisions\/8307"}],"wp:featuredmedia":[{"embeddable":true,"href":"https:\/\/atmosferasmuebles.com\/tienda\/wp-json\/wp\/v2\/media\/8274"}],"wp:attachment":[{"href":"https:\/\/atmosferasmuebles.com\/tienda\/wp-json\/wp\/v2\/media?parent=8271"}],"wp:term":[{"taxonomy":"product_brand","embeddable":true,"href":"https:\/\/atmosferasmuebles.com\/tienda\/wp-json\/wp\/v2\/product_brand?post=8271"},{"taxonomy":"product_cat","embeddable":true,"href":"https:\/\/atmosferasmuebles.com\/tienda\/wp-json\/wp\/v2\/product_cat?post=8271"},{"taxonomy":"product_tag","embeddable":true,"href":"https:\/\/atmosferasmuebles.com\/tienda\/wp-json\/wp\/v2\/product_tag?post=8271"},{"taxonomy":"accesorios","embeddable":true,"href":"https:\/\/atmosferasmuebles.com\/tienda\/wp-json\/wp\/v2\/accesorios?post=8271"},{"taxonomy":"coleccion","embeddable":true,"href":"https:\/\/atmosferasmuebles.com\/tienda\/wp-json\/wp\/v2\/coleccion?post=8271"},{"taxonomy":"espacios","embeddable":true,"href":"https:\/\/atmosferasmuebles.com\/tienda\/wp-json\/wp\/v2\/espacios?post=8271"},{"taxonomy":"marca","embeddable":true,"href":"https:\/\/atmosferasmuebles.com\/tienda\/wp-json\/wp\/v2\/marca?post=8271"},{"taxonomy":"material","embeddable":true,"href":"https:\/\/atmosferasmuebles.com\/tienda\/wp-json\/wp\/v2\/material?post=8271"}],"curies":[{"name":"wp","href":"https:\/\/api.w.org\/{rel}","templated":true}]}}