{"id":8098,"date":"2022-06-09T19:24:40","date_gmt":"2022-06-09T19:24:40","guid":{"rendered":"https:\/\/atmosferasmuebles.com\/tienda\/?post_type=product&#038;p=8098"},"modified":"2026-04-29T08:20:23","modified_gmt":"2026-04-29T08:20:23","slug":"ivy-blue-crack","status":"publish","type":"product","link":"https:\/\/atmosferasmuebles.com\/tienda\/producto\/ivy-blue-crack\/","title":{"rendered":"Ivy Blue Crack"},"content":{"rendered":"<p>El rico veteado azul de esta alfombra River Flow de Calvin Klein est\u00e1 inspirado en la belleza de la naturaleza. La paleta azul sobre marfil se realza con pelo cortado texturizado. Moderno y minimalista, en fibras de telar mec\u00e1nico f\u00e1ciles de limpiar. Debido a la construcci\u00f3n detallada de nuestras alfombras, tanto hechas a mano como a m\u00e1quina, los tama\u00f1os pueden variar. Recomendado para \u00e1reas con tr\u00e1nsito peatonal moderado. Bajo desprendimiento 100% POLIPROPILENO<\/p>\n","protected":false},"excerpt":{"rendered":"<p>El rico veteado azul de esta alfombra River Flow de Calvin Klein est\u00e1 inspirado en la belleza de la naturaleza. La paleta azul sobre marfil se realza con pelo cortado texturizado. Moderno y minimalista, en fibras de telar mec\u00e1nico f\u00e1ciles de limpiar. 100% POLIPROPILENO<\/p>\n","protected":false},"featured_media":8118,"comment_status":"open","ping_status":"closed","template":"","meta":{"_joinchat":[]},"product_brand":[],"product_cat":[315,98,653,2235],"product_tag":[],"accesorios":[],"coleccion":[],"espacios":[209],"marca":[],"material":[],"class_list":{"0":"post-8098","1":"product","2":"type-product","3":"status-publish","4":"has-post-thumbnail","6":"product_cat-accesorios-interior","7":"product_cat-salas","8":"product_cat-tapete","9":"product_cat-textil","10":"espacios-salas","11":"sales-flash-overlay","12":"woocommerce-text-align-center","13":"woocommerce-image-align-center","14":"wc-has-gallery","16":"first","17":"instock","18":"shipping-taxable","19":"purchasable","20":"product-type-simple"},"_links":{"self":[{"href":"https:\/\/atmosferasmuebles.com\/tienda\/wp-json\/wp\/v2\/product\/8098","targetHints":{"allow":["GET"]}}],"collection":[{"href":"https:\/\/atmosferasmuebles.com\/tienda\/wp-json\/wp\/v2\/product"}],"about":[{"href":"https:\/\/atmosferasmuebles.com\/tienda\/wp-json\/wp\/v2\/types\/product"}],"replies":[{"embeddable":true,"href":"https:\/\/atmosferasmuebles.com\/tienda\/wp-json\/wp\/v2\/comments?post=8098"}],"version-history":[{"count":3,"href":"https:\/\/atmosferasmuebles.com\/tienda\/wp-json\/wp\/v2\/product\/8098\/revisions"}],"predecessor-version":[{"id":8839,"href":"https:\/\/atmosferasmuebles.com\/tienda\/wp-json\/wp\/v2\/product\/8098\/revisions\/8839"}],"wp:featuredmedia":[{"embeddable":true,"href":"https:\/\/atmosferasmuebles.com\/tienda\/wp-json\/wp\/v2\/media\/8118"}],"wp:attachment":[{"href":"https:\/\/atmosferasmuebles.com\/tienda\/wp-json\/wp\/v2\/media?parent=8098"}],"wp:term":[{"taxonomy":"product_brand","embeddable":true,"href":"https:\/\/atmosferasmuebles.com\/tienda\/wp-json\/wp\/v2\/product_brand?post=8098"},{"taxonomy":"product_cat","embeddable":true,"href":"https:\/\/atmosferasmuebles.com\/tienda\/wp-json\/wp\/v2\/product_cat?post=8098"},{"taxonomy":"product_tag","embeddable":true,"href":"https:\/\/atmosferasmuebles.com\/tienda\/wp-json\/wp\/v2\/product_tag?post=8098"},{"taxonomy":"accesorios","embeddable":true,"href":"https:\/\/atmosferasmuebles.com\/tienda\/wp-json\/wp\/v2\/accesorios?post=8098"},{"taxonomy":"coleccion","embeddable":true,"href":"https:\/\/atmosferasmuebles.com\/tienda\/wp-json\/wp\/v2\/coleccion?post=8098"},{"taxonomy":"espacios","embeddable":true,"href":"https:\/\/atmosferasmuebles.com\/tienda\/wp-json\/wp\/v2\/espacios?post=8098"},{"taxonomy":"marca","embeddable":true,"href":"https:\/\/atmosferasmuebles.com\/tienda\/wp-json\/wp\/v2\/marca?post=8098"},{"taxonomy":"material","embeddable":true,"href":"https:\/\/atmosferasmuebles.com\/tienda\/wp-json\/wp\/v2\/material?post=8098"}],"curies":[{"name":"wp","href":"https:\/\/api.w.org\/{rel}","templated":true}]}}