{"id":8039,"date":"2022-06-09T18:25:36","date_gmt":"2022-06-09T18:25:36","guid":{"rendered":"https:\/\/atmosferasmuebles.com\/tienda\/?post_type=product&#038;p=8039"},"modified":"2026-04-29T08:34:08","modified_gmt":"2026-04-29T08:34:08","slug":"ivory-light","status":"publish","type":"product","link":"https:\/\/atmosferasmuebles.com\/tienda\/producto\/ivory-light\/","title":{"rendered":"Ivory Light"},"content":{"rendered":"<p>Tan agradable a la vista como al caminar, esta alfombra peluda contempor\u00e1nea de la colecci\u00f3n Feather Soft presenta un brillante dise\u00f1o de enrejado en relieve en gris carb\u00f3n sobre un fondo de marfil. Las fibras de poli\u00e9ster tejidas a m\u00e1quina ofrecen una textura agradablemente suave bajo los pies, lo que lo convierte en un excelente complemento para su sala de estar, dormitorio u oficina en el hogar. Debido a la construcci\u00f3n detallada de nuestras alfombras, tanto hechas a mano como a m\u00e1quina, los tama\u00f1os pueden variar. Recomendado para \u00e1reas con tr\u00e1nsito peatonal moderado. Bajo desprendimientoIvory Light 100% POLYESTER<\/p>\n","protected":false},"excerpt":{"rendered":"<p>Tan agradable a la vista como al caminar, esta alfombra peluda contempor\u00e1nea de la colecci\u00f3n Feather Soft presenta un brillante dise\u00f1o de enrejado en relieve en gris carb\u00f3n sobre un fondo de marfil. Las fibras de poli\u00e9ster tejidas a m\u00e1quina ofrecen una textura agradablemente suave bajo los pies, lo que lo convierte en un excelente complemento para su sala de estar, dormitorio u oficina en el hogar. 100% POLYESTER<\/p>\n","protected":false},"featured_media":8061,"comment_status":"open","ping_status":"closed","template":"","meta":{"_joinchat":[]},"product_brand":[],"product_cat":[315,1493,653,2235],"product_tag":[],"accesorios":[],"coleccion":[],"espacios":[1473],"marca":[],"material":[],"class_list":{"0":"post-8039","1":"product","2":"type-product","3":"status-publish","4":"has-post-thumbnail","6":"product_cat-accesorios-interior","7":"product_cat-oficina","8":"product_cat-tapete","9":"product_cat-textil","10":"espacios-oficina","11":"sales-flash-overlay","12":"woocommerce-text-align-center","13":"woocommerce-image-align-center","14":"wc-has-gallery","16":"first","17":"instock","18":"shipping-taxable","19":"purchasable","20":"product-type-simple"},"_links":{"self":[{"href":"https:\/\/atmosferasmuebles.com\/tienda\/wp-json\/wp\/v2\/product\/8039","targetHints":{"allow":["GET"]}}],"collection":[{"href":"https:\/\/atmosferasmuebles.com\/tienda\/wp-json\/wp\/v2\/product"}],"about":[{"href":"https:\/\/atmosferasmuebles.com\/tienda\/wp-json\/wp\/v2\/types\/product"}],"replies":[{"embeddable":true,"href":"https:\/\/atmosferasmuebles.com\/tienda\/wp-json\/wp\/v2\/comments?post=8039"}],"version-history":[{"count":3,"href":"https:\/\/atmosferasmuebles.com\/tienda\/wp-json\/wp\/v2\/product\/8039\/revisions"}],"predecessor-version":[{"id":8868,"href":"https:\/\/atmosferasmuebles.com\/tienda\/wp-json\/wp\/v2\/product\/8039\/revisions\/8868"}],"wp:featuredmedia":[{"embeddable":true,"href":"https:\/\/atmosferasmuebles.com\/tienda\/wp-json\/wp\/v2\/media\/8061"}],"wp:attachment":[{"href":"https:\/\/atmosferasmuebles.com\/tienda\/wp-json\/wp\/v2\/media?parent=8039"}],"wp:term":[{"taxonomy":"product_brand","embeddable":true,"href":"https:\/\/atmosferasmuebles.com\/tienda\/wp-json\/wp\/v2\/product_brand?post=8039"},{"taxonomy":"product_cat","embeddable":true,"href":"https:\/\/atmosferasmuebles.com\/tienda\/wp-json\/wp\/v2\/product_cat?post=8039"},{"taxonomy":"product_tag","embeddable":true,"href":"https:\/\/atmosferasmuebles.com\/tienda\/wp-json\/wp\/v2\/product_tag?post=8039"},{"taxonomy":"accesorios","embeddable":true,"href":"https:\/\/atmosferasmuebles.com\/tienda\/wp-json\/wp\/v2\/accesorios?post=8039"},{"taxonomy":"coleccion","embeddable":true,"href":"https:\/\/atmosferasmuebles.com\/tienda\/wp-json\/wp\/v2\/coleccion?post=8039"},{"taxonomy":"espacios","embeddable":true,"href":"https:\/\/atmosferasmuebles.com\/tienda\/wp-json\/wp\/v2\/espacios?post=8039"},{"taxonomy":"marca","embeddable":true,"href":"https:\/\/atmosferasmuebles.com\/tienda\/wp-json\/wp\/v2\/marca?post=8039"},{"taxonomy":"material","embeddable":true,"href":"https:\/\/atmosferasmuebles.com\/tienda\/wp-json\/wp\/v2\/material?post=8039"}],"curies":[{"name":"wp","href":"https:\/\/api.w.org\/{rel}","templated":true}]}}