{"id":664,"date":"2021-04-05T17:32:10","date_gmt":"2021-04-05T17:32:10","guid":{"rendered":"http:\/\/atmosferasmuebles.com\/tienda\/?post_type=product&#038;p=664"},"modified":"2026-02-10T19:20:13","modified_gmt":"2026-02-10T19:20:13","slug":"silla-hall-con-brazos","status":"publish","type":"product","link":"https:\/\/atmosferasmuebles.com\/tienda\/producto\/silla-hall-con-brazos\/","title":{"rendered":"Silla Hall con brazos"},"content":{"rendered":"<p>El sill\u00f3n HALL con brazos es una soluci\u00f3n resistente y funcional para exteriores, ideal para terrazas, jardines y espacios p\u00fablicos. Su estructura est\u00e1 fabricada en polipropileno reforzado con fibra de vidrio, utilizando un proceso de inyecci\u00f3n por gas que garantiza mayor durabilidad y resistencia.<br \/>Gracias a sus tacos antideslizantes y su dise\u00f1o apilable, es f\u00e1cil de almacenar y muy estable en todo tipo de superficies. Su construcci\u00f3n robusta lo convierte en una excelente opci\u00f3n para uso residencial o contract, incluso en ambientes con alto tr\u00e1nsito.<\/p>\n<p>Medidas: Largo: 56.5 cm | Profundidad: 56 cm | Altura total: 84 cm | Altura al asiento: 47 cm<\/p>\n","protected":false},"excerpt":{"rendered":"<p>Sill\u00f3n HALL con brazos para exteriores, apilable y resistente. Hecho de polipropileno con fibra de vidrio, ideal para terrazas y espacios abiertos.<\/p>\n","protected":false},"featured_media":669,"comment_status":"open","ping_status":"closed","template":"","meta":{"_joinchat":[]},"product_brand":[],"product_cat":[16,17,59,60],"product_tag":[],"accesorios":[],"coleccion":[980],"espacios":[210,212],"marca":[214],"material":[989,234],"class_list":{"0":"post-664","1":"product","2":"type-product","3":"status-publish","4":"has-post-thumbnail","6":"product_cat-ezpeleta","7":"product_cat-muebles-de-exterior","8":"product_cat-resina","9":"product_cat-sillas","10":"coleccion-ezpeleta","11":"espacios-comedores","12":"espacios-jardin","13":"marca-ezpeleta","14":"material-fibra-de-vidrio","15":"material-resina","16":"sales-flash-overlay","17":"woocommerce-text-align-center","18":"woocommerce-image-align-center","19":"wc-has-gallery","21":"first","22":"instock","23":"shipping-taxable","24":"purchasable","25":"product-type-variable"},"_links":{"self":[{"href":"https:\/\/atmosferasmuebles.com\/tienda\/wp-json\/wp\/v2\/product\/664","targetHints":{"allow":["GET"]}}],"collection":[{"href":"https:\/\/atmosferasmuebles.com\/tienda\/wp-json\/wp\/v2\/product"}],"about":[{"href":"https:\/\/atmosferasmuebles.com\/tienda\/wp-json\/wp\/v2\/types\/product"}],"replies":[{"embeddable":true,"href":"https:\/\/atmosferasmuebles.com\/tienda\/wp-json\/wp\/v2\/comments?post=664"}],"version-history":[{"count":2,"href":"https:\/\/atmosferasmuebles.com\/tienda\/wp-json\/wp\/v2\/product\/664\/revisions"}],"predecessor-version":[{"id":18180,"href":"https:\/\/atmosferasmuebles.com\/tienda\/wp-json\/wp\/v2\/product\/664\/revisions\/18180"}],"wp:featuredmedia":[{"embeddable":true,"href":"https:\/\/atmosferasmuebles.com\/tienda\/wp-json\/wp\/v2\/media\/669"}],"wp:attachment":[{"href":"https:\/\/atmosferasmuebles.com\/tienda\/wp-json\/wp\/v2\/media?parent=664"}],"wp:term":[{"taxonomy":"product_brand","embeddable":true,"href":"https:\/\/atmosferasmuebles.com\/tienda\/wp-json\/wp\/v2\/product_brand?post=664"},{"taxonomy":"product_cat","embeddable":true,"href":"https:\/\/atmosferasmuebles.com\/tienda\/wp-json\/wp\/v2\/product_cat?post=664"},{"taxonomy":"product_tag","embeddable":true,"href":"https:\/\/atmosferasmuebles.com\/tienda\/wp-json\/wp\/v2\/product_tag?post=664"},{"taxonomy":"accesorios","embeddable":true,"href":"https:\/\/atmosferasmuebles.com\/tienda\/wp-json\/wp\/v2\/accesorios?post=664"},{"taxonomy":"coleccion","embeddable":true,"href":"https:\/\/atmosferasmuebles.com\/tienda\/wp-json\/wp\/v2\/coleccion?post=664"},{"taxonomy":"espacios","embeddable":true,"href":"https:\/\/atmosferasmuebles.com\/tienda\/wp-json\/wp\/v2\/espacios?post=664"},{"taxonomy":"marca","embeddable":true,"href":"https:\/\/atmosferasmuebles.com\/tienda\/wp-json\/wp\/v2\/marca?post=664"},{"taxonomy":"material","embeddable":true,"href":"https:\/\/atmosferasmuebles.com\/tienda\/wp-json\/wp\/v2\/material?post=664"}],"curies":[{"name":"wp","href":"https:\/\/api.w.org\/{rel}","templated":true}]}}