{"id":6416,"date":"2022-02-02T20:30:25","date_gmt":"2022-02-02T20:30:25","guid":{"rendered":"https:\/\/atmosferasmuebles.com\/tienda\/?post_type=product&#038;p=6416"},"modified":"2026-04-29T08:32:08","modified_gmt":"2026-04-29T08:32:08","slug":"mesa-auxiliar-alta-dj","status":"publish","type":"product","link":"https:\/\/atmosferasmuebles.com\/tienda\/producto\/mesa-auxiliar-alta-dj\/","title":{"rendered":"Mesa Auxiliar alta DJ"},"content":{"rendered":"<p>Mesa Auxiliar DJ, disponibles en dos tama\u00f1os, las mesas de DJ son imprescindibles para exteriores o interiores.<\/p>\n<p>Para sostener una bebida, un libro, tu equipo de m\u00fasica o lo que te plazca esta mesa ser\u00e1 muy funcional y el mejor complemento en cualquier \u00e1rea de tu espacio al exterior o interior.<\/p>\n<p>Fabricada en aluminio de alta calidad.<\/p>\n","protected":false},"excerpt":{"rendered":"<p>Mesa Auxiliar DJ opci\u00f3n funcional para tu espacio al exterior combina f\u00e1cilmente con cualquier colecci\u00f3n de Couture.<\/p>\n<p>Detalles del producto:<br \/>\nMarco de aluminio soldado de grado contractual.<br \/>\nMarco de recubrimiento en polvo de la marca Tiger.<\/p>\n","protected":false},"featured_media":7977,"comment_status":"open","ping_status":"closed","template":"","meta":{"_joinchat":[]},"product_brand":[],"product_cat":[1149,436,61,99,351,26,17],"product_tag":[],"accesorios":[],"coleccion":[435],"espacios":[210,212,209],"marca":[353],"material":[232],"class_list":{"0":"post-6416","1":"product","2":"type-product","3":"status-publish","4":"has-post-thumbnail","6":"product_cat-aluminio","7":"product_cat-coleccion-dj","8":"product_cat-comedor","9":"product_cat-comedores","10":"product_cat-couture","11":"product_cat-mesas","12":"product_cat-muebles-de-exterior","13":"coleccion-dj","14":"espacios-comedores","15":"espacios-jardin","16":"espacios-salas","17":"marca-couture","18":"material-aluminio","19":"sales-flash-overlay","20":"woocommerce-text-align-center","21":"woocommerce-image-align-center","22":"wc-has-gallery","24":"first","25":"instock","26":"shipping-taxable","27":"purchasable","28":"product-type-variable"},"_links":{"self":[{"href":"https:\/\/atmosferasmuebles.com\/tienda\/wp-json\/wp\/v2\/product\/6416","targetHints":{"allow":["GET"]}}],"collection":[{"href":"https:\/\/atmosferasmuebles.com\/tienda\/wp-json\/wp\/v2\/product"}],"about":[{"href":"https:\/\/atmosferasmuebles.com\/tienda\/wp-json\/wp\/v2\/types\/product"}],"replies":[{"embeddable":true,"href":"https:\/\/atmosferasmuebles.com\/tienda\/wp-json\/wp\/v2\/comments?post=6416"}],"version-history":[{"count":1,"href":"https:\/\/atmosferasmuebles.com\/tienda\/wp-json\/wp\/v2\/product\/6416\/revisions"}],"predecessor-version":[{"id":6433,"href":"https:\/\/atmosferasmuebles.com\/tienda\/wp-json\/wp\/v2\/product\/6416\/revisions\/6433"}],"wp:featuredmedia":[{"embeddable":true,"href":"https:\/\/atmosferasmuebles.com\/tienda\/wp-json\/wp\/v2\/media\/7977"}],"wp:attachment":[{"href":"https:\/\/atmosferasmuebles.com\/tienda\/wp-json\/wp\/v2\/media?parent=6416"}],"wp:term":[{"taxonomy":"product_brand","embeddable":true,"href":"https:\/\/atmosferasmuebles.com\/tienda\/wp-json\/wp\/v2\/product_brand?post=6416"},{"taxonomy":"product_cat","embeddable":true,"href":"https:\/\/atmosferasmuebles.com\/tienda\/wp-json\/wp\/v2\/product_cat?post=6416"},{"taxonomy":"product_tag","embeddable":true,"href":"https:\/\/atmosferasmuebles.com\/tienda\/wp-json\/wp\/v2\/product_tag?post=6416"},{"taxonomy":"accesorios","embeddable":true,"href":"https:\/\/atmosferasmuebles.com\/tienda\/wp-json\/wp\/v2\/accesorios?post=6416"},{"taxonomy":"coleccion","embeddable":true,"href":"https:\/\/atmosferasmuebles.com\/tienda\/wp-json\/wp\/v2\/coleccion?post=6416"},{"taxonomy":"espacios","embeddable":true,"href":"https:\/\/atmosferasmuebles.com\/tienda\/wp-json\/wp\/v2\/espacios?post=6416"},{"taxonomy":"marca","embeddable":true,"href":"https:\/\/atmosferasmuebles.com\/tienda\/wp-json\/wp\/v2\/marca?post=6416"},{"taxonomy":"material","embeddable":true,"href":"https:\/\/atmosferasmuebles.com\/tienda\/wp-json\/wp\/v2\/material?post=6416"}],"curies":[{"name":"wp","href":"https:\/\/api.w.org\/{rel}","templated":true}]}}