{"id":6409,"date":"2022-01-28T19:16:08","date_gmt":"2022-01-28T19:16:08","guid":{"rendered":"https:\/\/atmosferasmuebles.com\/tienda\/?post_type=product&#038;p=6409"},"modified":"2026-01-30T03:27:04","modified_gmt":"2026-01-30T03:27:04","slug":"mesa-cuadrada-de-aluminio-para-4-personas-para-jardin-patio-terraza-exterior-portofino","status":"publish","type":"product","link":"https:\/\/atmosferasmuebles.com\/tienda\/producto\/mesa-cuadrada-de-aluminio-para-4-personas-para-jardin-patio-terraza-exterior-portofino\/","title":{"rendered":"Mesa Portofino cuadrada"},"content":{"rendered":"<p>La Mesa Portofino cuadrada, disponible en medidas de 160 \u00d7 90 cm y 90 \u00d7 90 cm, es una opci\u00f3n elegante y funcional para terrazas, patios o zonas exteriores. Su estructura de aluminio lacado est\u00e1 disponible en color blanco o negro, combinando durabilidad, ligereza y dise\u00f1o moderno.<br \/>El tablero compacto permite una limpieza sencilla y alta resistencia al uso exterior. Puedes personalizarla eligiendo entre cinco acabados: blanco, blanco m\u00e1rmol, taup\u00e9, negro o m\u00e1rmol.<br \/>Gracias a sus materiales de calidad y su est\u00e9tica contempor\u00e1nea, es ideal tanto para ambientes residenciales como para proyectos contract como restaurantes, hoteles y cafeter\u00edas.<\/p>\n<p>F\u00e1cil de mantener, altamente resistente y visualmente vers\u00e1til.<\/p>\n","protected":false},"excerpt":{"rendered":"<p>Mesa Portofino cuadrada con estructura de aluminio lacado y tablero compacto. Ideal para exteriores, f\u00e1cil de limpiar y disponible en varios colores.<\/p>\n","protected":false},"featured_media":6366,"comment_status":"open","ping_status":"closed","template":"","meta":{"_joinchat":[]},"product_brand":[],"product_cat":[430,61,16,26,17],"product_tag":[],"accesorios":[],"coleccion":[429],"espacios":[210,212],"marca":[214],"material":[232],"class_list":{"0":"post-6409","1":"product","2":"type-product","3":"status-publish","4":"has-post-thumbnail","6":"product_cat-coleccion-portofino","7":"product_cat-comedor","8":"product_cat-ezpeleta","9":"product_cat-mesas","10":"product_cat-muebles-de-exterior","11":"coleccion-portofino","12":"espacios-comedores","13":"espacios-jardin","14":"marca-ezpeleta","15":"material-aluminio","16":"sales-flash-overlay","17":"woocommerce-text-align-center","18":"woocommerce-image-align-center","19":"wc-has-gallery","21":"first","22":"instock","23":"shipping-taxable","24":"purchasable","25":"product-type-variable"},"_links":{"self":[{"href":"https:\/\/atmosferasmuebles.com\/tienda\/wp-json\/wp\/v2\/product\/6409","targetHints":{"allow":["GET"]}}],"collection":[{"href":"https:\/\/atmosferasmuebles.com\/tienda\/wp-json\/wp\/v2\/product"}],"about":[{"href":"https:\/\/atmosferasmuebles.com\/tienda\/wp-json\/wp\/v2\/types\/product"}],"replies":[{"embeddable":true,"href":"https:\/\/atmosferasmuebles.com\/tienda\/wp-json\/wp\/v2\/comments?post=6409"}],"version-history":[{"count":4,"href":"https:\/\/atmosferasmuebles.com\/tienda\/wp-json\/wp\/v2\/product\/6409\/revisions"}],"predecessor-version":[{"id":18191,"href":"https:\/\/atmosferasmuebles.com\/tienda\/wp-json\/wp\/v2\/product\/6409\/revisions\/18191"}],"wp:featuredmedia":[{"embeddable":true,"href":"https:\/\/atmosferasmuebles.com\/tienda\/wp-json\/wp\/v2\/media\/6366"}],"wp:attachment":[{"href":"https:\/\/atmosferasmuebles.com\/tienda\/wp-json\/wp\/v2\/media?parent=6409"}],"wp:term":[{"taxonomy":"product_brand","embeddable":true,"href":"https:\/\/atmosferasmuebles.com\/tienda\/wp-json\/wp\/v2\/product_brand?post=6409"},{"taxonomy":"product_cat","embeddable":true,"href":"https:\/\/atmosferasmuebles.com\/tienda\/wp-json\/wp\/v2\/product_cat?post=6409"},{"taxonomy":"product_tag","embeddable":true,"href":"https:\/\/atmosferasmuebles.com\/tienda\/wp-json\/wp\/v2\/product_tag?post=6409"},{"taxonomy":"accesorios","embeddable":true,"href":"https:\/\/atmosferasmuebles.com\/tienda\/wp-json\/wp\/v2\/accesorios?post=6409"},{"taxonomy":"coleccion","embeddable":true,"href":"https:\/\/atmosferasmuebles.com\/tienda\/wp-json\/wp\/v2\/coleccion?post=6409"},{"taxonomy":"espacios","embeddable":true,"href":"https:\/\/atmosferasmuebles.com\/tienda\/wp-json\/wp\/v2\/espacios?post=6409"},{"taxonomy":"marca","embeddable":true,"href":"https:\/\/atmosferasmuebles.com\/tienda\/wp-json\/wp\/v2\/marca?post=6409"},{"taxonomy":"material","embeddable":true,"href":"https:\/\/atmosferasmuebles.com\/tienda\/wp-json\/wp\/v2\/material?post=6409"}],"curies":[{"name":"wp","href":"https:\/\/api.w.org\/{rel}","templated":true}]}}