{"id":6326,"date":"2022-01-28T16:35:29","date_gmt":"2022-01-28T16:35:29","guid":{"rendered":"https:\/\/atmosferasmuebles.com\/tienda\/?post_type=product&#038;p=6326"},"modified":"2026-04-29T08:26:56","modified_gmt":"2026-04-29T08:26:56","slug":"sombrilla-parasol-eolo-para-jardin","status":"publish","type":"product","link":"https:\/\/atmosferasmuebles.com\/tienda\/producto\/sombrilla-parasol-eolo-para-jardin\/","title":{"rendered":"Sombrilla parasol Eolo Olefin"},"content":{"rendered":"<p>La Sombrilla Parasol EOLO es una soluci\u00f3n funcional y elegante para terrazas, jardines o espacios comerciales. Su dise\u00f1o con brazo lateral maximiza el espacio \u00fatil, y su estructura de aluminio lacado con 4 varillas (20&#215;14 mm) ofrece alta resistencia y durabilidad.<br \/>Cuenta con apertura tipo push-up con sistema abre-cierra, pulsador de bloqueo y un sistema anti-viento para mayor seguridad. La tela est\u00e1 confeccionada en Olef\u00edn, un tejido de polipropileno tintado en masa que fija el color desde el interior de la fibra, garantizando alta resistencia solar y mayor durabilidad.<br \/>Es repelente al agua, resistente a manchas y 100\u202f% reciclable. Adem\u00e1s, incluye certificaci\u00f3n UV Standard 801 con nivel UPF 80, que asegura la protecci\u00f3n contra los efectos nocivos de los rayos UV.<\/p>\n<p>Muy f\u00e1cil de lavar y desinfectar. Apta para uso p\u00fablico y dom\u00e9stico.<\/p>\n<p>\u26a0\ufe0f Base no incluida.<\/p>\n","protected":false},"excerpt":{"rendered":"<p>Sombrilla EOLO con brazo lateral, estructura de aluminio y tela Olef\u00edn. Resistente al viento, con protecci\u00f3n UV UPF 80. Base no incluida.<\/p>\n","protected":false},"featured_media":6719,"comment_status":"open","ping_status":"closed","template":"","meta":{"_joinchat":[]},"product_brand":[],"product_cat":[1149,2238,19,417,16,2237,17,27,2236],"product_tag":[],"accesorios":[],"coleccion":[416],"espacios":[213,212,1224],"marca":[214],"material":[232,234,233],"class_list":{"0":"post-6326","1":"product","2":"type-product","3":"status-publish","4":"has-post-thumbnail","6":"product_cat-aluminio","7":"product_cat-bases-de-sombrilla","8":"product_cat-cinta-o-tela-para-exterior","9":"product_cat-coleccion-eolo","10":"product_cat-ezpeleta","11":"product_cat-jardin","12":"product_cat-muebles-de-exterior","13":"product_cat-sombrillas","14":"product_cat-terraza","15":"coleccion-eolo","16":"espacios-alberca","17":"espacios-jardin","18":"espacios-terraza","19":"marca-ezpeleta","20":"material-aluminio","21":"material-resina","22":"material-textil","23":"sales-flash-overlay","24":"woocommerce-text-align-center","25":"woocommerce-image-align-center","26":"wc-has-gallery","28":"first","29":"instock","30":"shipping-taxable","31":"purchasable","32":"product-type-variable"},"_links":{"self":[{"href":"https:\/\/atmosferasmuebles.com\/tienda\/wp-json\/wp\/v2\/product\/6326","targetHints":{"allow":["GET"]}}],"collection":[{"href":"https:\/\/atmosferasmuebles.com\/tienda\/wp-json\/wp\/v2\/product"}],"about":[{"href":"https:\/\/atmosferasmuebles.com\/tienda\/wp-json\/wp\/v2\/types\/product"}],"replies":[{"embeddable":true,"href":"https:\/\/atmosferasmuebles.com\/tienda\/wp-json\/wp\/v2\/comments?post=6326"}],"version-history":[{"count":4,"href":"https:\/\/atmosferasmuebles.com\/tienda\/wp-json\/wp\/v2\/product\/6326\/revisions"}],"predecessor-version":[{"id":18188,"href":"https:\/\/atmosferasmuebles.com\/tienda\/wp-json\/wp\/v2\/product\/6326\/revisions\/18188"}],"wp:featuredmedia":[{"embeddable":true,"href":"https:\/\/atmosferasmuebles.com\/tienda\/wp-json\/wp\/v2\/media\/6719"}],"wp:attachment":[{"href":"https:\/\/atmosferasmuebles.com\/tienda\/wp-json\/wp\/v2\/media?parent=6326"}],"wp:term":[{"taxonomy":"product_brand","embeddable":true,"href":"https:\/\/atmosferasmuebles.com\/tienda\/wp-json\/wp\/v2\/product_brand?post=6326"},{"taxonomy":"product_cat","embeddable":true,"href":"https:\/\/atmosferasmuebles.com\/tienda\/wp-json\/wp\/v2\/product_cat?post=6326"},{"taxonomy":"product_tag","embeddable":true,"href":"https:\/\/atmosferasmuebles.com\/tienda\/wp-json\/wp\/v2\/product_tag?post=6326"},{"taxonomy":"accesorios","embeddable":true,"href":"https:\/\/atmosferasmuebles.com\/tienda\/wp-json\/wp\/v2\/accesorios?post=6326"},{"taxonomy":"coleccion","embeddable":true,"href":"https:\/\/atmosferasmuebles.com\/tienda\/wp-json\/wp\/v2\/coleccion?post=6326"},{"taxonomy":"espacios","embeddable":true,"href":"https:\/\/atmosferasmuebles.com\/tienda\/wp-json\/wp\/v2\/espacios?post=6326"},{"taxonomy":"marca","embeddable":true,"href":"https:\/\/atmosferasmuebles.com\/tienda\/wp-json\/wp\/v2\/marca?post=6326"},{"taxonomy":"material","embeddable":true,"href":"https:\/\/atmosferasmuebles.com\/tienda\/wp-json\/wp\/v2\/material?post=6326"}],"curies":[{"name":"wp","href":"https:\/\/api.w.org\/{rel}","templated":true}]}}