{"id":6255,"date":"2022-01-27T18:38:23","date_gmt":"2022-01-27T18:38:23","guid":{"rendered":"https:\/\/atmosferasmuebles.com\/tienda\/?post_type=product&#038;p=6255"},"modified":"2026-03-09T23:12:29","modified_gmt":"2026-03-09T23:12:29","slug":"camastro-fitt","status":"publish","type":"product","link":"https:\/\/atmosferasmuebles.com\/tienda\/producto\/camastro-fitt\/","title":{"rendered":"Camastro Fitt"},"content":{"rendered":"<p>Con la Tumbona Tramontina en Madera Jatob\u00e1 con Acabado Eco Blindage y Base de Aluminio de la l\u00ednea Terrazzo Fitt, podr\u00e1s relajarte y disfrutar de tu tiempo libre con comodidad. La opci\u00f3n ideal para quienes valoran los productos modernos, con un dise\u00f1o \u00fanico y que ofrecen una gran durabilidad. La Tumbona de Tramontina se produce con bases de aluminio, lo que permite una mayor resistencia. El agua de la piscina ya no ser\u00e1 un problema.<\/p>\n","protected":false},"excerpt":{"rendered":"<p>Elaborado en madera maciza de Jatob\u00e1 de alta densidad y resistencia a la intemperie.<br \/>\nTiene bases de aluminio.<br \/>\nAcabado Eco Blindage: Impregnado, con acci\u00f3n insecticida y fungicida, con protector solar. El producto agrega durabilidad y protecci\u00f3n a los muebles. Es ecol\u00f3gicamente correcto, ya que utiliza productos a base de agua y no es perjudicial para la salud.<\/p>\n<p>La variaci\u00f3n de tonalidades es una caracter\u00edstica t\u00edpica de la madera, por tanto, puede presentar diferentes tonalidades en un mismo producto. Hay varios factores, como: la edad del \u00e1rbol, la parte de madera utilizada y el tipo de corte realizado.<br \/>\nLos muebles con acabado Eco Blindage son resistentes a la luz solar, tienen mayor elasticidad y total adherencia a la madera. Cierra completamente los poros, transformando la pel\u00edcula de barniz en una barrera contra los elementos.<br \/>\nProducto ecol\u00f3gicamente correcto, no tiene olor, no tiene componentes nocivos para la salud o la naturaleza, adem\u00e1s, es biodegradable e impermeable.<br \/>\nLos tornillos deben apretarse peri\u00f3dicamente, pero no excesivamente.<br \/>\nPara una mayor durabilidad, es necesario limpiar peri\u00f3dicamente la superficie barnizada lav\u00e1ndola con agua, jab\u00f3n neutro y una esponja suave. Est\u00e1 prohibido el uso de productos de limpieza a base de disolventes o amoniaco.<br \/>\nSe recomienda que cada 6 (seis) meses se realice el mantenimiento preventivo del acabado Eco Blindage, a trav\u00e9s del Kit Mantenimiento Eco Blindage (REF .: 12999\/009) comercializado por Tramontina, pasando una capa uniforme por toda la superficie del muebles y dejar secar durante 4 (cuatro) horas.<\/p>\n","protected":false},"featured_media":6257,"comment_status":"open","ping_status":"closed","template":"","meta":{"_joinchat":[]},"product_brand":[],"product_cat":[408,17,877,241,18],"product_tag":[],"accesorios":[],"coleccion":[407],"espacios":[213,212],"marca":[353],"material":[228],"class_list":{"0":"post-6255","1":"product","2":"type-product","3":"status-publish","4":"has-post-thumbnail","6":"product_cat-coleccion-fitt","7":"product_cat-muebles-de-exterior","8":"product_cat-outlet","9":"product_cat-tramontina","10":"product_cat-tumbonas-y-camastros","11":"coleccion-fitt","12":"espacios-alberca","13":"espacios-jardin","14":"marca-couture","15":"material-madera","16":"sales-flash-overlay","17":"woocommerce-text-align-center","18":"woocommerce-image-align-center","19":"wc-has-gallery","21":"first","22":"instock","23":"sale","24":"shipping-taxable","25":"purchasable","26":"product-type-simple"},"_links":{"self":[{"href":"https:\/\/atmosferasmuebles.com\/tienda\/wp-json\/wp\/v2\/product\/6255","targetHints":{"allow":["GET"]}}],"collection":[{"href":"https:\/\/atmosferasmuebles.com\/tienda\/wp-json\/wp\/v2\/product"}],"about":[{"href":"https:\/\/atmosferasmuebles.com\/tienda\/wp-json\/wp\/v2\/types\/product"}],"replies":[{"embeddable":true,"href":"https:\/\/atmosferasmuebles.com\/tienda\/wp-json\/wp\/v2\/comments?post=6255"}],"version-history":[{"count":1,"href":"https:\/\/atmosferasmuebles.com\/tienda\/wp-json\/wp\/v2\/product\/6255\/revisions"}],"predecessor-version":[{"id":6258,"href":"https:\/\/atmosferasmuebles.com\/tienda\/wp-json\/wp\/v2\/product\/6255\/revisions\/6258"}],"wp:featuredmedia":[{"embeddable":true,"href":"https:\/\/atmosferasmuebles.com\/tienda\/wp-json\/wp\/v2\/media\/6257"}],"wp:attachment":[{"href":"https:\/\/atmosferasmuebles.com\/tienda\/wp-json\/wp\/v2\/media?parent=6255"}],"wp:term":[{"taxonomy":"product_brand","embeddable":true,"href":"https:\/\/atmosferasmuebles.com\/tienda\/wp-json\/wp\/v2\/product_brand?post=6255"},{"taxonomy":"product_cat","embeddable":true,"href":"https:\/\/atmosferasmuebles.com\/tienda\/wp-json\/wp\/v2\/product_cat?post=6255"},{"taxonomy":"product_tag","embeddable":true,"href":"https:\/\/atmosferasmuebles.com\/tienda\/wp-json\/wp\/v2\/product_tag?post=6255"},{"taxonomy":"accesorios","embeddable":true,"href":"https:\/\/atmosferasmuebles.com\/tienda\/wp-json\/wp\/v2\/accesorios?post=6255"},{"taxonomy":"coleccion","embeddable":true,"href":"https:\/\/atmosferasmuebles.com\/tienda\/wp-json\/wp\/v2\/coleccion?post=6255"},{"taxonomy":"espacios","embeddable":true,"href":"https:\/\/atmosferasmuebles.com\/tienda\/wp-json\/wp\/v2\/espacios?post=6255"},{"taxonomy":"marca","embeddable":true,"href":"https:\/\/atmosferasmuebles.com\/tienda\/wp-json\/wp\/v2\/marca?post=6255"},{"taxonomy":"material","embeddable":true,"href":"https:\/\/atmosferasmuebles.com\/tienda\/wp-json\/wp\/v2\/material?post=6255"}],"curies":[{"name":"wp","href":"https:\/\/api.w.org\/{rel}","templated":true}]}}