{"id":6250,"date":"2022-01-27T18:23:20","date_gmt":"2022-01-27T18:23:20","guid":{"rendered":"https:\/\/atmosferasmuebles.com\/tienda\/?post_type=product&#038;p=6250"},"modified":"2026-04-29T08:20:38","modified_gmt":"2026-04-29T08:20:38","slug":"ottoman-hex","status":"publish","type":"product","link":"https:\/\/atmosferasmuebles.com\/tienda\/producto\/ottoman-hex\/","title":{"rendered":"Ottoman Hex"},"content":{"rendered":"<p>Ottoman Hex es lindo y pr\u00e1ctico, un gran compa\u00f1ero para tus actividades al aire libre o en interiores.<\/p>\n<p>Utiliza uno o varios como mesas, otomanas, bandejas de servicio o de cualquier otra forma.<\/p>\n<p>Fabricada con estructura de aluminio y tela Sunbrella.<\/p>\n","protected":false},"excerpt":{"rendered":"<p>Ottoman Hex opci\u00f3n funcional para tu espacio al exterior combina f\u00e1cilmente con cualquier colecci\u00f3n de Couture.<\/p>\n<p>Detalles del producto:<br \/>\nMarco de aluminio soldado de grado contractual.<br \/>\nMarco de recubrimiento en polvo de la marca Tiger.<br \/>\nSunbrella de tela para exteriores con tratamiento UV.<\/p>\n","protected":false},"featured_media":6251,"comment_status":"open","ping_status":"closed","template":"","meta":{"_joinchat":[]},"product_brand":[],"product_cat":[1149,19,406,351,17,1625,98,69],"product_tag":[],"accesorios":[],"coleccion":[405],"espacios":[1466,211,209],"marca":[353],"material":[232,233],"class_list":{"0":"post-6250","1":"product","2":"type-product","3":"status-publish","4":"has-post-thumbnail","6":"product_cat-aluminio","7":"product_cat-cinta-o-tela-para-exterior","8":"product_cat-coleccion-hex","9":"product_cat-couture","10":"product_cat-muebles-de-exterior","11":"product_cat-ottoman","12":"product_cat-salas","13":"product_cat-tela-para-exterior","14":"coleccion-hex","15":"espacios-estancia","16":"espacios-recamaras","17":"espacios-salas","18":"marca-couture","19":"material-aluminio","20":"material-textil","21":"sales-flash-overlay","22":"woocommerce-text-align-center","23":"woocommerce-image-align-center","24":"wc-has-gallery","26":"first","27":"instock","28":"shipping-taxable","29":"purchasable","30":"product-type-simple"},"_links":{"self":[{"href":"https:\/\/atmosferasmuebles.com\/tienda\/wp-json\/wp\/v2\/product\/6250","targetHints":{"allow":["GET"]}}],"collection":[{"href":"https:\/\/atmosferasmuebles.com\/tienda\/wp-json\/wp\/v2\/product"}],"about":[{"href":"https:\/\/atmosferasmuebles.com\/tienda\/wp-json\/wp\/v2\/types\/product"}],"replies":[{"embeddable":true,"href":"https:\/\/atmosferasmuebles.com\/tienda\/wp-json\/wp\/v2\/comments?post=6250"}],"version-history":[{"count":1,"href":"https:\/\/atmosferasmuebles.com\/tienda\/wp-json\/wp\/v2\/product\/6250\/revisions"}],"predecessor-version":[{"id":6254,"href":"https:\/\/atmosferasmuebles.com\/tienda\/wp-json\/wp\/v2\/product\/6250\/revisions\/6254"}],"wp:featuredmedia":[{"embeddable":true,"href":"https:\/\/atmosferasmuebles.com\/tienda\/wp-json\/wp\/v2\/media\/6251"}],"wp:attachment":[{"href":"https:\/\/atmosferasmuebles.com\/tienda\/wp-json\/wp\/v2\/media?parent=6250"}],"wp:term":[{"taxonomy":"product_brand","embeddable":true,"href":"https:\/\/atmosferasmuebles.com\/tienda\/wp-json\/wp\/v2\/product_brand?post=6250"},{"taxonomy":"product_cat","embeddable":true,"href":"https:\/\/atmosferasmuebles.com\/tienda\/wp-json\/wp\/v2\/product_cat?post=6250"},{"taxonomy":"product_tag","embeddable":true,"href":"https:\/\/atmosferasmuebles.com\/tienda\/wp-json\/wp\/v2\/product_tag?post=6250"},{"taxonomy":"accesorios","embeddable":true,"href":"https:\/\/atmosferasmuebles.com\/tienda\/wp-json\/wp\/v2\/accesorios?post=6250"},{"taxonomy":"coleccion","embeddable":true,"href":"https:\/\/atmosferasmuebles.com\/tienda\/wp-json\/wp\/v2\/coleccion?post=6250"},{"taxonomy":"espacios","embeddable":true,"href":"https:\/\/atmosferasmuebles.com\/tienda\/wp-json\/wp\/v2\/espacios?post=6250"},{"taxonomy":"marca","embeddable":true,"href":"https:\/\/atmosferasmuebles.com\/tienda\/wp-json\/wp\/v2\/marca?post=6250"},{"taxonomy":"material","embeddable":true,"href":"https:\/\/atmosferasmuebles.com\/tienda\/wp-json\/wp\/v2\/material?post=6250"}],"curies":[{"name":"wp","href":"https:\/\/api.w.org\/{rel}","templated":true}]}}