{"id":6246,"date":"2022-01-27T18:14:40","date_gmt":"2022-01-27T18:14:40","guid":{"rendered":"https:\/\/atmosferasmuebles.com\/tienda\/?post_type=product&#038;p=6246"},"modified":"2026-05-03T04:57:01","modified_gmt":"2026-05-03T04:57:01","slug":"mesa-auxiliar-cube","status":"publish","type":"product","link":"https:\/\/atmosferasmuebles.com\/tienda\/producto\/mesa-auxiliar-cube\/","title":{"rendered":"Mesa Auxiliar Cube"},"content":{"rendered":"<p>Mesa Auxiliar Cube, es una linda mesa peque\u00f1a para tener a mano.<\/p>\n<p>Combina con cualquier colecci\u00f3n de Couture y te ser\u00e1 muy \u00fatil para tu sala, \u00e1rea de alberca o incluso acompa\u00f1ar tu sill\u00f3n de descanso en el jard\u00edn.<\/p>\n<p>Fabricada en aluminio de alta calidad.<\/p>\n","protected":false},"excerpt":{"rendered":"<p>Mesa Auxiliar Cube opci\u00f3n funcional para tu espacio al exterior combina f\u00e1cilmente con cualquier colecci\u00f3n de Couture.<\/p>\n<p>Detalles del producto:<br \/>\nMarco de aluminio soldado de grado contractual<br \/>\nMarco de recubrimiento en polvo de la marca Tiger<\/p>\n","protected":false},"featured_media":6247,"comment_status":"open","ping_status":"closed","template":"","meta":{"_joinchat":[]},"product_brand":[],"product_cat":[2234,1149,19,404,351,2237,26,17],"product_tag":[],"accesorios":[],"coleccion":[403],"espacios":[213,212,209],"marca":[353],"material":[232],"class_list":{"0":"post-6246","1":"product","2":"type-product","3":"status-publish","4":"has-post-thumbnail","6":"product_cat-alberca","7":"product_cat-aluminio","8":"product_cat-cinta-o-tela-para-exterior","9":"product_cat-coleccion-cube","10":"product_cat-couture","11":"product_cat-jardin","12":"product_cat-mesas","13":"product_cat-muebles-de-exterior","14":"coleccion-cube","15":"espacios-alberca","16":"espacios-jardin","17":"espacios-salas","18":"marca-couture","19":"material-aluminio","20":"sales-flash-overlay","21":"woocommerce-text-align-center","22":"woocommerce-image-align-center","24":"first","25":"instock","26":"shipping-taxable","27":"purchasable","28":"product-type-simple"},"_links":{"self":[{"href":"https:\/\/atmosferasmuebles.com\/tienda\/wp-json\/wp\/v2\/product\/6246","targetHints":{"allow":["GET"]}}],"collection":[{"href":"https:\/\/atmosferasmuebles.com\/tienda\/wp-json\/wp\/v2\/product"}],"about":[{"href":"https:\/\/atmosferasmuebles.com\/tienda\/wp-json\/wp\/v2\/types\/product"}],"replies":[{"embeddable":true,"href":"https:\/\/atmosferasmuebles.com\/tienda\/wp-json\/wp\/v2\/comments?post=6246"}],"version-history":[{"count":2,"href":"https:\/\/atmosferasmuebles.com\/tienda\/wp-json\/wp\/v2\/product\/6246\/revisions"}],"predecessor-version":[{"id":6249,"href":"https:\/\/atmosferasmuebles.com\/tienda\/wp-json\/wp\/v2\/product\/6246\/revisions\/6249"}],"wp:featuredmedia":[{"embeddable":true,"href":"https:\/\/atmosferasmuebles.com\/tienda\/wp-json\/wp\/v2\/media\/6247"}],"wp:attachment":[{"href":"https:\/\/atmosferasmuebles.com\/tienda\/wp-json\/wp\/v2\/media?parent=6246"}],"wp:term":[{"taxonomy":"product_brand","embeddable":true,"href":"https:\/\/atmosferasmuebles.com\/tienda\/wp-json\/wp\/v2\/product_brand?post=6246"},{"taxonomy":"product_cat","embeddable":true,"href":"https:\/\/atmosferasmuebles.com\/tienda\/wp-json\/wp\/v2\/product_cat?post=6246"},{"taxonomy":"product_tag","embeddable":true,"href":"https:\/\/atmosferasmuebles.com\/tienda\/wp-json\/wp\/v2\/product_tag?post=6246"},{"taxonomy":"accesorios","embeddable":true,"href":"https:\/\/atmosferasmuebles.com\/tienda\/wp-json\/wp\/v2\/accesorios?post=6246"},{"taxonomy":"coleccion","embeddable":true,"href":"https:\/\/atmosferasmuebles.com\/tienda\/wp-json\/wp\/v2\/coleccion?post=6246"},{"taxonomy":"espacios","embeddable":true,"href":"https:\/\/atmosferasmuebles.com\/tienda\/wp-json\/wp\/v2\/espacios?post=6246"},{"taxonomy":"marca","embeddable":true,"href":"https:\/\/atmosferasmuebles.com\/tienda\/wp-json\/wp\/v2\/marca?post=6246"},{"taxonomy":"material","embeddable":true,"href":"https:\/\/atmosferasmuebles.com\/tienda\/wp-json\/wp\/v2\/material?post=6246"}],"curies":[{"name":"wp","href":"https:\/\/api.w.org\/{rel}","templated":true}]}}