{"id":6238,"date":"2022-01-27T18:07:21","date_gmt":"2022-01-27T18:07:21","guid":{"rendered":"https:\/\/atmosferasmuebles.com\/tienda\/?post_type=product&#038;p=6238"},"modified":"2026-04-29T08:32:09","modified_gmt":"2026-04-29T08:32:09","slug":"mesa-caretilla-zoom","status":"publish","type":"product","link":"https:\/\/atmosferasmuebles.com\/tienda\/producto\/mesa-caretilla-zoom\/","title":{"rendered":"Mesa &#8211; caretilla Zoom"},"content":{"rendered":"<p>Mesa- caretilla Zoom, la forma se encuentra con la funci\u00f3n. ZOOM no solo es muy \u00fatil, sino que tiene un aspecto arquitect\u00f3nico distintivo y &#8230; \u00a1siempre est\u00e1 listo para servir!<\/p>\n<p>Tanto para exteriores o interiores este carrito te ser\u00e1 de gran utilidad.<\/p>\n<p>Fabricado en aluminio y disponible en 2 colores.<\/p>\n","protected":false},"excerpt":{"rendered":"<p>Mesa &#8211; caretilla Zoom opci\u00f3n funcional para tu espacio al exterior e interior.<\/p>\n<p>Detalles del producto:<br \/>\nMarco de aluminio soldado de grado contractual<br \/>\nMarco de recubrimiento en polvo de la marca Tiger<\/p>\n","protected":false},"featured_media":6243,"comment_status":"open","ping_status":"closed","template":"","meta":{"_joinchat":[]},"product_brand":[],"product_cat":[1149,402,99,351,26,17,98],"product_tag":[],"accesorios":[],"coleccion":[401],"espacios":[210,209],"marca":[353],"material":[232],"class_list":{"0":"post-6238","1":"product","2":"type-product","3":"status-publish","4":"has-post-thumbnail","6":"product_cat-aluminio","7":"product_cat-coleccion-zoom","8":"product_cat-comedores","9":"product_cat-couture","10":"product_cat-mesas","11":"product_cat-muebles-de-exterior","12":"product_cat-salas","13":"coleccion-zoom","14":"espacios-comedores","15":"espacios-salas","16":"marca-couture","17":"material-aluminio","18":"sales-flash-overlay","19":"woocommerce-text-align-center","20":"woocommerce-image-align-center","21":"wc-has-gallery","23":"first","24":"instock","25":"shipping-taxable","26":"purchasable","27":"product-type-variable"},"_links":{"self":[{"href":"https:\/\/atmosferasmuebles.com\/tienda\/wp-json\/wp\/v2\/product\/6238","targetHints":{"allow":["GET"]}}],"collection":[{"href":"https:\/\/atmosferasmuebles.com\/tienda\/wp-json\/wp\/v2\/product"}],"about":[{"href":"https:\/\/atmosferasmuebles.com\/tienda\/wp-json\/wp\/v2\/types\/product"}],"replies":[{"embeddable":true,"href":"https:\/\/atmosferasmuebles.com\/tienda\/wp-json\/wp\/v2\/comments?post=6238"}],"version-history":[{"count":1,"href":"https:\/\/atmosferasmuebles.com\/tienda\/wp-json\/wp\/v2\/product\/6238\/revisions"}],"predecessor-version":[{"id":6245,"href":"https:\/\/atmosferasmuebles.com\/tienda\/wp-json\/wp\/v2\/product\/6238\/revisions\/6245"}],"wp:featuredmedia":[{"embeddable":true,"href":"https:\/\/atmosferasmuebles.com\/tienda\/wp-json\/wp\/v2\/media\/6243"}],"wp:attachment":[{"href":"https:\/\/atmosferasmuebles.com\/tienda\/wp-json\/wp\/v2\/media?parent=6238"}],"wp:term":[{"taxonomy":"product_brand","embeddable":true,"href":"https:\/\/atmosferasmuebles.com\/tienda\/wp-json\/wp\/v2\/product_brand?post=6238"},{"taxonomy":"product_cat","embeddable":true,"href":"https:\/\/atmosferasmuebles.com\/tienda\/wp-json\/wp\/v2\/product_cat?post=6238"},{"taxonomy":"product_tag","embeddable":true,"href":"https:\/\/atmosferasmuebles.com\/tienda\/wp-json\/wp\/v2\/product_tag?post=6238"},{"taxonomy":"accesorios","embeddable":true,"href":"https:\/\/atmosferasmuebles.com\/tienda\/wp-json\/wp\/v2\/accesorios?post=6238"},{"taxonomy":"coleccion","embeddable":true,"href":"https:\/\/atmosferasmuebles.com\/tienda\/wp-json\/wp\/v2\/coleccion?post=6238"},{"taxonomy":"espacios","embeddable":true,"href":"https:\/\/atmosferasmuebles.com\/tienda\/wp-json\/wp\/v2\/espacios?post=6238"},{"taxonomy":"marca","embeddable":true,"href":"https:\/\/atmosferasmuebles.com\/tienda\/wp-json\/wp\/v2\/marca?post=6238"},{"taxonomy":"material","embeddable":true,"href":"https:\/\/atmosferasmuebles.com\/tienda\/wp-json\/wp\/v2\/material?post=6238"}],"curies":[{"name":"wp","href":"https:\/\/api.w.org\/{rel}","templated":true}]}}