{"id":6228,"date":"2022-01-27T17:54:45","date_gmt":"2022-01-27T17:54:45","guid":{"rendered":"https:\/\/atmosferasmuebles.com\/tienda\/?post_type=product&#038;p=6228"},"modified":"2026-04-29T08:32:09","modified_gmt":"2026-04-29T08:32:09","slug":"mesa-de-cafe-lift","status":"publish","type":"product","link":"https:\/\/atmosferasmuebles.com\/tienda\/producto\/mesa-de-cafe-lift\/","title":{"rendered":"Mesa de Caf\u00e9 Lift"},"content":{"rendered":"<p>Mesa de Caf\u00e9 Lift muy funcional al poder levantar uno, dos o tres paneles de la parte superior de la mesa.<\/p>\n<p>Para cenar c\u00f3modamente, leer una revista o usar tu computadora port\u00e1til en espacios al aire libre o al interior.<\/p>\n<p>Fabricado en aluminio y disponible en 2 colores.<\/p>\n","protected":false},"excerpt":{"rendered":"<p>Mesa de Caf\u00e9 Lift opci\u00f3n vers\u00e1til que te permite tener una mesa multifuncional.<\/p>\n<p>Detalles del producto:<br \/>\nMarco de aluminio soldado de grado contractual<br \/>\nMarco de recubrimiento en polvo de la marca Tiger<\/p>\n","protected":false},"featured_media":6702,"comment_status":"open","ping_status":"closed","template":"","meta":{"_joinchat":[]},"product_brand":[],"product_cat":[1149,400,99,351,26,17,98],"product_tag":[],"accesorios":[],"coleccion":[399],"espacios":[210,1466,1672,209,1224],"marca":[353],"material":[232],"class_list":{"0":"post-6228","1":"product","2":"type-product","3":"status-publish","4":"has-post-thumbnail","6":"product_cat-aluminio","7":"product_cat-coleccion-lift","8":"product_cat-comedores","9":"product_cat-couture","10":"product_cat-mesas","11":"product_cat-muebles-de-exterior","12":"product_cat-salas","13":"coleccion-lift","14":"espacios-comedores","15":"espacios-estancia","16":"espacios-residencial","17":"espacios-salas","18":"espacios-terraza","19":"marca-couture","20":"material-aluminio","21":"sales-flash-overlay","22":"woocommerce-text-align-center","23":"woocommerce-image-align-center","24":"wc-has-gallery","26":"first","27":"instock","28":"shipping-taxable","29":"purchasable","30":"product-type-variable"},"_links":{"self":[{"href":"https:\/\/atmosferasmuebles.com\/tienda\/wp-json\/wp\/v2\/product\/6228","targetHints":{"allow":["GET"]}}],"collection":[{"href":"https:\/\/atmosferasmuebles.com\/tienda\/wp-json\/wp\/v2\/product"}],"about":[{"href":"https:\/\/atmosferasmuebles.com\/tienda\/wp-json\/wp\/v2\/types\/product"}],"replies":[{"embeddable":true,"href":"https:\/\/atmosferasmuebles.com\/tienda\/wp-json\/wp\/v2\/comments?post=6228"}],"version-history":[{"count":1,"href":"https:\/\/atmosferasmuebles.com\/tienda\/wp-json\/wp\/v2\/product\/6228\/revisions"}],"predecessor-version":[{"id":6237,"href":"https:\/\/atmosferasmuebles.com\/tienda\/wp-json\/wp\/v2\/product\/6228\/revisions\/6237"}],"wp:featuredmedia":[{"embeddable":true,"href":"https:\/\/atmosferasmuebles.com\/tienda\/wp-json\/wp\/v2\/media\/6702"}],"wp:attachment":[{"href":"https:\/\/atmosferasmuebles.com\/tienda\/wp-json\/wp\/v2\/media?parent=6228"}],"wp:term":[{"taxonomy":"product_brand","embeddable":true,"href":"https:\/\/atmosferasmuebles.com\/tienda\/wp-json\/wp\/v2\/product_brand?post=6228"},{"taxonomy":"product_cat","embeddable":true,"href":"https:\/\/atmosferasmuebles.com\/tienda\/wp-json\/wp\/v2\/product_cat?post=6228"},{"taxonomy":"product_tag","embeddable":true,"href":"https:\/\/atmosferasmuebles.com\/tienda\/wp-json\/wp\/v2\/product_tag?post=6228"},{"taxonomy":"accesorios","embeddable":true,"href":"https:\/\/atmosferasmuebles.com\/tienda\/wp-json\/wp\/v2\/accesorios?post=6228"},{"taxonomy":"coleccion","embeddable":true,"href":"https:\/\/atmosferasmuebles.com\/tienda\/wp-json\/wp\/v2\/coleccion?post=6228"},{"taxonomy":"espacios","embeddable":true,"href":"https:\/\/atmosferasmuebles.com\/tienda\/wp-json\/wp\/v2\/espacios?post=6228"},{"taxonomy":"marca","embeddable":true,"href":"https:\/\/atmosferasmuebles.com\/tienda\/wp-json\/wp\/v2\/marca?post=6228"},{"taxonomy":"material","embeddable":true,"href":"https:\/\/atmosferasmuebles.com\/tienda\/wp-json\/wp\/v2\/material?post=6228"}],"curies":[{"name":"wp","href":"https:\/\/api.w.org\/{rel}","templated":true}]}}