{"id":6186,"date":"2022-01-27T16:25:13","date_gmt":"2022-01-27T16:25:13","guid":{"rendered":"https:\/\/atmosferasmuebles.com\/tienda\/?post_type=product&#038;p=6186"},"modified":"2026-01-26T05:52:08","modified_gmt":"2026-01-26T05:52:08","slug":"mesa-de-cafe-oasis","status":"publish","type":"product","link":"https:\/\/atmosferasmuebles.com\/tienda\/producto\/mesa-de-cafe-oasis\/","title":{"rendered":"Mesa de Cafe Oasis"},"content":{"rendered":"<p>Mesa de Caf\u00e9 Oasis, su estructura de barras le da un car\u00e1cter ligero y fresco.<\/p>\n<p>Complementa tu sala Oasis con esta mesa de caf\u00e9 para crear tu propia configuraci\u00f3n.<\/p>\n<p>Fabricado en marco de aluminio con tapa de vidrio templado revestido de cer\u00e1mica.<\/p>\n<p>Disponible en 2 colores.<\/p>\n","protected":false},"excerpt":{"rendered":"<p>Mesa de Caf\u00e9 Oasis complemento ideal para tu sala Oasis o para acompa\u00f1ar tu camastro en tu jard\u00edn o \u00e1rea de alberca.<\/p>\n<p>Detalles del producto:<br \/>\nMarco de aluminio soldado de grado contractual.<br \/>\nMarco de recubrimiento en polvo de la marca Tiger.<br \/>\nLas mesas tienen una tapa de vidrio templado revestido de cer\u00e1mica.<\/p>\n","protected":false},"featured_media":6726,"comment_status":"open","ping_status":"closed","template":"","meta":{"_joinchat":[]},"product_brand":[],"product_cat":[19,394,351,17,98,69],"product_tag":[],"accesorios":[],"coleccion":[393],"espacios":[212,209],"marca":[353],"material":[232,233],"class_list":{"0":"post-6186","1":"product","2":"type-product","3":"status-publish","4":"has-post-thumbnail","6":"product_cat-cinta-o-tela-para-exterior","7":"product_cat-coleccion-oasis","8":"product_cat-couture","9":"product_cat-muebles-de-exterior","10":"product_cat-salas","11":"product_cat-tela-para-exterior","12":"coleccion-oasis","13":"espacios-jardin","14":"espacios-salas","15":"marca-couture","16":"material-aluminio","17":"material-textil","18":"sales-flash-overlay","19":"woocommerce-text-align-center","20":"woocommerce-image-align-center","21":"wc-has-gallery","23":"first","24":"instock","25":"shipping-taxable","26":"purchasable","27":"product-type-variable"},"_links":{"self":[{"href":"https:\/\/atmosferasmuebles.com\/tienda\/wp-json\/wp\/v2\/product\/6186","targetHints":{"allow":["GET"]}}],"collection":[{"href":"https:\/\/atmosferasmuebles.com\/tienda\/wp-json\/wp\/v2\/product"}],"about":[{"href":"https:\/\/atmosferasmuebles.com\/tienda\/wp-json\/wp\/v2\/types\/product"}],"replies":[{"embeddable":true,"href":"https:\/\/atmosferasmuebles.com\/tienda\/wp-json\/wp\/v2\/comments?post=6186"}],"version-history":[{"count":1,"href":"https:\/\/atmosferasmuebles.com\/tienda\/wp-json\/wp\/v2\/product\/6186\/revisions"}],"predecessor-version":[{"id":6192,"href":"https:\/\/atmosferasmuebles.com\/tienda\/wp-json\/wp\/v2\/product\/6186\/revisions\/6192"}],"wp:featuredmedia":[{"embeddable":true,"href":"https:\/\/atmosferasmuebles.com\/tienda\/wp-json\/wp\/v2\/media\/6726"}],"wp:attachment":[{"href":"https:\/\/atmosferasmuebles.com\/tienda\/wp-json\/wp\/v2\/media?parent=6186"}],"wp:term":[{"taxonomy":"product_brand","embeddable":true,"href":"https:\/\/atmosferasmuebles.com\/tienda\/wp-json\/wp\/v2\/product_brand?post=6186"},{"taxonomy":"product_cat","embeddable":true,"href":"https:\/\/atmosferasmuebles.com\/tienda\/wp-json\/wp\/v2\/product_cat?post=6186"},{"taxonomy":"product_tag","embeddable":true,"href":"https:\/\/atmosferasmuebles.com\/tienda\/wp-json\/wp\/v2\/product_tag?post=6186"},{"taxonomy":"accesorios","embeddable":true,"href":"https:\/\/atmosferasmuebles.com\/tienda\/wp-json\/wp\/v2\/accesorios?post=6186"},{"taxonomy":"coleccion","embeddable":true,"href":"https:\/\/atmosferasmuebles.com\/tienda\/wp-json\/wp\/v2\/coleccion?post=6186"},{"taxonomy":"espacios","embeddable":true,"href":"https:\/\/atmosferasmuebles.com\/tienda\/wp-json\/wp\/v2\/espacios?post=6186"},{"taxonomy":"marca","embeddable":true,"href":"https:\/\/atmosferasmuebles.com\/tienda\/wp-json\/wp\/v2\/marca?post=6186"},{"taxonomy":"material","embeddable":true,"href":"https:\/\/atmosferasmuebles.com\/tienda\/wp-json\/wp\/v2\/material?post=6186"}],"curies":[{"name":"wp","href":"https:\/\/api.w.org\/{rel}","templated":true}]}}