{"id":6172,"date":"2022-01-27T15:47:33","date_gmt":"2022-01-27T15:47:33","guid":{"rendered":"https:\/\/atmosferasmuebles.com\/tienda\/?post_type=product&#038;p=6172"},"modified":"2026-03-03T23:59:45","modified_gmt":"2026-03-03T23:59:45","slug":"sillon-individual-oasis","status":"publish","type":"product","link":"https:\/\/atmosferasmuebles.com\/tienda\/producto\/sillon-individual-oasis\/","title":{"rendered":"Sillon individual Oasis"},"content":{"rendered":"<p>Sill\u00f3n individual Oasis, su estructura de barras le da un car\u00e1cter ligero y fresco.<\/p>\n<p>Su sistema modular te permitir\u00e1 tener configuraciones infinitas que se adaptan f\u00e1cilmente a cualquier espacio exterior.<\/p>\n<p>Fabricado en marco de aluminio, brazos de madera de teca y tejido Sunbrella.<\/p>\n<p>Disponible en 2 colores.<\/p>\n","protected":false},"excerpt":{"rendered":"<p>Sill\u00f3n individual Oasis, puedes usarlo solo o como complemento de los dem\u00e1s elementos de la colecci\u00f3n para formar una sala.<\/p>\n<p>Detalles del producto:<br \/>\nMarco de aluminio soldado de grado contractual.<br \/>\nMarco de recubrimiento en polvo de la marca Tiger.<br \/>\nBrazos de madera de teca sint\u00e9tica.<br \/>\nTejido Sunbrella duradero para exteriores.<\/p>\n","protected":false},"featured_media":6175,"comment_status":"open","ping_status":"closed","template":"","meta":{"_joinchat":[]},"product_brand":[],"product_cat":[19,394,351,17,98,22,69],"product_tag":[],"accesorios":[],"coleccion":[393],"espacios":[1466,212,1672,209,1224],"marca":[353],"material":[232,233],"class_list":{"0":"post-6172","1":"product","2":"type-product","3":"status-publish","4":"has-post-thumbnail","6":"product_cat-cinta-o-tela-para-exterior","7":"product_cat-coleccion-oasis","8":"product_cat-couture","9":"product_cat-muebles-de-exterior","10":"product_cat-salas","11":"product_cat-sillones","12":"product_cat-tela-para-exterior","13":"coleccion-oasis","14":"espacios-estancia","15":"espacios-jardin","16":"espacios-residencial","17":"espacios-salas","18":"espacios-terraza","19":"marca-couture","20":"material-aluminio","21":"material-textil","22":"sales-flash-overlay","23":"woocommerce-text-align-center","24":"woocommerce-image-align-center","25":"wc-has-gallery","27":"first","28":"instock","29":"shipping-taxable","30":"purchasable","31":"product-type-variable"},"_links":{"self":[{"href":"https:\/\/atmosferasmuebles.com\/tienda\/wp-json\/wp\/v2\/product\/6172","targetHints":{"allow":["GET"]}}],"collection":[{"href":"https:\/\/atmosferasmuebles.com\/tienda\/wp-json\/wp\/v2\/product"}],"about":[{"href":"https:\/\/atmosferasmuebles.com\/tienda\/wp-json\/wp\/v2\/types\/product"}],"replies":[{"embeddable":true,"href":"https:\/\/atmosferasmuebles.com\/tienda\/wp-json\/wp\/v2\/comments?post=6172"}],"version-history":[{"count":1,"href":"https:\/\/atmosferasmuebles.com\/tienda\/wp-json\/wp\/v2\/product\/6172\/revisions"}],"predecessor-version":[{"id":6177,"href":"https:\/\/atmosferasmuebles.com\/tienda\/wp-json\/wp\/v2\/product\/6172\/revisions\/6177"}],"wp:featuredmedia":[{"embeddable":true,"href":"https:\/\/atmosferasmuebles.com\/tienda\/wp-json\/wp\/v2\/media\/6175"}],"wp:attachment":[{"href":"https:\/\/atmosferasmuebles.com\/tienda\/wp-json\/wp\/v2\/media?parent=6172"}],"wp:term":[{"taxonomy":"product_brand","embeddable":true,"href":"https:\/\/atmosferasmuebles.com\/tienda\/wp-json\/wp\/v2\/product_brand?post=6172"},{"taxonomy":"product_cat","embeddable":true,"href":"https:\/\/atmosferasmuebles.com\/tienda\/wp-json\/wp\/v2\/product_cat?post=6172"},{"taxonomy":"product_tag","embeddable":true,"href":"https:\/\/atmosferasmuebles.com\/tienda\/wp-json\/wp\/v2\/product_tag?post=6172"},{"taxonomy":"accesorios","embeddable":true,"href":"https:\/\/atmosferasmuebles.com\/tienda\/wp-json\/wp\/v2\/accesorios?post=6172"},{"taxonomy":"coleccion","embeddable":true,"href":"https:\/\/atmosferasmuebles.com\/tienda\/wp-json\/wp\/v2\/coleccion?post=6172"},{"taxonomy":"espacios","embeddable":true,"href":"https:\/\/atmosferasmuebles.com\/tienda\/wp-json\/wp\/v2\/espacios?post=6172"},{"taxonomy":"marca","embeddable":true,"href":"https:\/\/atmosferasmuebles.com\/tienda\/wp-json\/wp\/v2\/marca?post=6172"},{"taxonomy":"material","embeddable":true,"href":"https:\/\/atmosferasmuebles.com\/tienda\/wp-json\/wp\/v2\/material?post=6172"}],"curies":[{"name":"wp","href":"https:\/\/api.w.org\/{rel}","templated":true}]}}