{"id":6159,"date":"2022-01-26T19:50:38","date_gmt":"2022-01-26T19:50:38","guid":{"rendered":"https:\/\/atmosferasmuebles.com\/tienda\/?post_type=product&#038;p=6159"},"modified":"2026-04-29T08:32:09","modified_gmt":"2026-04-29T08:32:09","slug":"mesa-comedor-loop","status":"publish","type":"product","link":"https:\/\/atmosferasmuebles.com\/tienda\/producto\/mesa-comedor-loop\/","title":{"rendered":"Mesa Comedor Loop"},"content":{"rendered":"<p>Mesa Comedor Loop de forma cl\u00e1sica vestida con lujosas fibras tejidas.<\/p>\n<p>Arma tu comedor con esta mesa y las Sillas Comedor, puedes escoger entre distintos tama\u00f1os dependiendo de lo grande que sean tus reuniones en el jard\u00edn o terraza.<\/p>\n<p>Fabricado en marco de aluminio, cuerda de PVC con tratamiento UV y HPL europeo.<\/p>\n<p>Tama\u00f1o a elegir mesa de 90 cm para 6 personas, mesa de 180 cm para 8 y 220 cm para 10 personas.<\/p>\n","protected":false},"excerpt":{"rendered":"<p>Mesa Comedor Loop aunque es una colecci\u00f3n contempor\u00e1nea, se integra f\u00e1cilmente en cualquier ambiente.<\/p>\n<p>Detalles del producto:<br \/>\nMarco de aluminio soldado de grado contractual.<br \/>\nMarco de recubrimiento en polvo de la marca Tiger.<br \/>\nHPL con altos est\u00e1ndares europeos de fabricaci\u00f3n.<\/p>\n","protected":false},"featured_media":6698,"comment_status":"open","ping_status":"closed","template":"","meta":{"_joinchat":[]},"product_brand":[],"product_cat":[1149,388,61,99,351,2237,1173,26,17,2236],"product_tag":[],"accesorios":[],"coleccion":[389],"espacios":[210,212,1224],"marca":[353],"material":[232],"class_list":{"0":"post-6159","1":"product","2":"type-product","3":"status-publish","4":"has-post-thumbnail","6":"product_cat-aluminio","7":"product_cat-coleccion-loop","8":"product_cat-comedor","9":"product_cat-comedores","10":"product_cat-couture","11":"product_cat-jardin","12":"product_cat-mesa-comedor","13":"product_cat-mesas","14":"product_cat-muebles-de-exterior","15":"product_cat-terraza","16":"coleccion-loop","17":"espacios-comedores","18":"espacios-jardin","19":"espacios-terraza","20":"marca-couture","21":"material-aluminio","22":"sales-flash-overlay","23":"woocommerce-text-align-center","24":"woocommerce-image-align-center","26":"first","27":"instock","28":"shipping-taxable","29":"purchasable","30":"product-type-variable"},"_links":{"self":[{"href":"https:\/\/atmosferasmuebles.com\/tienda\/wp-json\/wp\/v2\/product\/6159","targetHints":{"allow":["GET"]}}],"collection":[{"href":"https:\/\/atmosferasmuebles.com\/tienda\/wp-json\/wp\/v2\/product"}],"about":[{"href":"https:\/\/atmosferasmuebles.com\/tienda\/wp-json\/wp\/v2\/types\/product"}],"replies":[{"embeddable":true,"href":"https:\/\/atmosferasmuebles.com\/tienda\/wp-json\/wp\/v2\/comments?post=6159"}],"version-history":[{"count":1,"href":"https:\/\/atmosferasmuebles.com\/tienda\/wp-json\/wp\/v2\/product\/6159\/revisions"}],"predecessor-version":[{"id":6164,"href":"https:\/\/atmosferasmuebles.com\/tienda\/wp-json\/wp\/v2\/product\/6159\/revisions\/6164"}],"wp:featuredmedia":[{"embeddable":true,"href":"https:\/\/atmosferasmuebles.com\/tienda\/wp-json\/wp\/v2\/media\/6698"}],"wp:attachment":[{"href":"https:\/\/atmosferasmuebles.com\/tienda\/wp-json\/wp\/v2\/media?parent=6159"}],"wp:term":[{"taxonomy":"product_brand","embeddable":true,"href":"https:\/\/atmosferasmuebles.com\/tienda\/wp-json\/wp\/v2\/product_brand?post=6159"},{"taxonomy":"product_cat","embeddable":true,"href":"https:\/\/atmosferasmuebles.com\/tienda\/wp-json\/wp\/v2\/product_cat?post=6159"},{"taxonomy":"product_tag","embeddable":true,"href":"https:\/\/atmosferasmuebles.com\/tienda\/wp-json\/wp\/v2\/product_tag?post=6159"},{"taxonomy":"accesorios","embeddable":true,"href":"https:\/\/atmosferasmuebles.com\/tienda\/wp-json\/wp\/v2\/accesorios?post=6159"},{"taxonomy":"coleccion","embeddable":true,"href":"https:\/\/atmosferasmuebles.com\/tienda\/wp-json\/wp\/v2\/coleccion?post=6159"},{"taxonomy":"espacios","embeddable":true,"href":"https:\/\/atmosferasmuebles.com\/tienda\/wp-json\/wp\/v2\/espacios?post=6159"},{"taxonomy":"marca","embeddable":true,"href":"https:\/\/atmosferasmuebles.com\/tienda\/wp-json\/wp\/v2\/marca?post=6159"},{"taxonomy":"material","embeddable":true,"href":"https:\/\/atmosferasmuebles.com\/tienda\/wp-json\/wp\/v2\/material?post=6159"}],"curies":[{"name":"wp","href":"https:\/\/api.w.org\/{rel}","templated":true}]}}