{"id":6139,"date":"2022-01-26T18:41:45","date_gmt":"2022-01-26T18:41:45","guid":{"rendered":"https:\/\/atmosferasmuebles.com\/tienda\/?post_type=product&#038;p=6139"},"modified":"2026-04-29T08:32:10","modified_gmt":"2026-04-29T08:32:10","slug":"mesa-de-cafe-redonda-loop-2","status":"publish","type":"product","link":"https:\/\/atmosferasmuebles.com\/tienda\/producto\/mesa-de-cafe-redonda-loop-2\/","title":{"rendered":"Mesa de C\u00e1fe redonda Loop"},"content":{"rendered":"<p>Mesa de Caf\u00e9 redonda Loop de forma cl\u00e1sica vestida con lujosas fibras tejidas.<\/p>\n<p>Complemento de la sala Loop que puedes configurar con las muchas opciones modulares que tiene la colecci\u00f3n.<\/p>\n<p>Fabricado en marco de aluminio, cuerda de PVC con tratamiento UV y HPL europeo.<\/p>\n","protected":false},"excerpt":{"rendered":"<p>Mesa de Caf\u00e9 redonda Loop aunque es una colecci\u00f3n contempor\u00e1nea, se integra f\u00e1cilmente en cualquier ambiente.<\/p>\n<p>Detalles del producto:<br \/>\nMarco de aluminio soldado de grado contractual.<br \/>\nMarco de recubrimiento en polvo de la marca Tiger.<br \/>\nCuerda de PVC para exteriores con tratamiento UV con n\u00facleo de caucho.<br \/>\nHPL con altos est\u00e1ndares europeos de fabricaci\u00f3n.<\/p>\n","protected":false},"featured_media":6140,"comment_status":"open","ping_status":"closed","template":"","meta":{"_joinchat":[]},"product_brand":[],"product_cat":[1149,19,388,99,351,26,17,69],"product_tag":[],"accesorios":[],"coleccion":[389],"espacios":[213,210,212,209],"marca":[353],"material":[232,233],"class_list":{"0":"post-6139","1":"product","2":"type-product","3":"status-publish","4":"has-post-thumbnail","6":"product_cat-aluminio","7":"product_cat-cinta-o-tela-para-exterior","8":"product_cat-coleccion-loop","9":"product_cat-comedores","10":"product_cat-couture","11":"product_cat-mesas","12":"product_cat-muebles-de-exterior","13":"product_cat-tela-para-exterior","14":"coleccion-loop","15":"espacios-alberca","16":"espacios-comedores","17":"espacios-jardin","18":"espacios-salas","19":"marca-couture","20":"material-aluminio","21":"material-textil","22":"sales-flash-overlay","23":"woocommerce-text-align-center","24":"woocommerce-image-align-center","26":"first","27":"instock","28":"shipping-taxable","29":"purchasable","30":"product-type-simple"},"_links":{"self":[{"href":"https:\/\/atmosferasmuebles.com\/tienda\/wp-json\/wp\/v2\/product\/6139","targetHints":{"allow":["GET"]}}],"collection":[{"href":"https:\/\/atmosferasmuebles.com\/tienda\/wp-json\/wp\/v2\/product"}],"about":[{"href":"https:\/\/atmosferasmuebles.com\/tienda\/wp-json\/wp\/v2\/types\/product"}],"replies":[{"embeddable":true,"href":"https:\/\/atmosferasmuebles.com\/tienda\/wp-json\/wp\/v2\/comments?post=6139"}],"version-history":[{"count":1,"href":"https:\/\/atmosferasmuebles.com\/tienda\/wp-json\/wp\/v2\/product\/6139\/revisions"}],"predecessor-version":[{"id":6141,"href":"https:\/\/atmosferasmuebles.com\/tienda\/wp-json\/wp\/v2\/product\/6139\/revisions\/6141"}],"wp:featuredmedia":[{"embeddable":true,"href":"https:\/\/atmosferasmuebles.com\/tienda\/wp-json\/wp\/v2\/media\/6140"}],"wp:attachment":[{"href":"https:\/\/atmosferasmuebles.com\/tienda\/wp-json\/wp\/v2\/media?parent=6139"}],"wp:term":[{"taxonomy":"product_brand","embeddable":true,"href":"https:\/\/atmosferasmuebles.com\/tienda\/wp-json\/wp\/v2\/product_brand?post=6139"},{"taxonomy":"product_cat","embeddable":true,"href":"https:\/\/atmosferasmuebles.com\/tienda\/wp-json\/wp\/v2\/product_cat?post=6139"},{"taxonomy":"product_tag","embeddable":true,"href":"https:\/\/atmosferasmuebles.com\/tienda\/wp-json\/wp\/v2\/product_tag?post=6139"},{"taxonomy":"accesorios","embeddable":true,"href":"https:\/\/atmosferasmuebles.com\/tienda\/wp-json\/wp\/v2\/accesorios?post=6139"},{"taxonomy":"coleccion","embeddable":true,"href":"https:\/\/atmosferasmuebles.com\/tienda\/wp-json\/wp\/v2\/coleccion?post=6139"},{"taxonomy":"espacios","embeddable":true,"href":"https:\/\/atmosferasmuebles.com\/tienda\/wp-json\/wp\/v2\/espacios?post=6139"},{"taxonomy":"marca","embeddable":true,"href":"https:\/\/atmosferasmuebles.com\/tienda\/wp-json\/wp\/v2\/marca?post=6139"},{"taxonomy":"material","embeddable":true,"href":"https:\/\/atmosferasmuebles.com\/tienda\/wp-json\/wp\/v2\/material?post=6139"}],"curies":[{"name":"wp","href":"https:\/\/api.w.org\/{rel}","templated":true}]}}