{"id":6130,"date":"2022-01-26T18:24:16","date_gmt":"2022-01-26T18:24:16","guid":{"rendered":"https:\/\/atmosferasmuebles.com\/tienda\/?post_type=product&#038;p=6130"},"modified":"2026-03-03T23:59:46","modified_gmt":"2026-03-03T23:59:46","slug":"mesa-de-cafe-redonda-loop","status":"publish","type":"product","link":"https:\/\/atmosferasmuebles.com\/tienda\/producto\/mesa-de-cafe-redonda-loop\/","title":{"rendered":"Mesa de Caf\u00e9 Loop"},"content":{"rendered":"<p>Mesa de Caf\u00e9 Loop de forma cl\u00e1sica vestida con lujosas fibras tejidas.<\/p>\n<p>Complemento de la sala Loop que puedes configurar con las muchas opciones modulares que tiene la colecci\u00f3n.<\/p>\n<p>Fabricado en marco de aluminio, cuerda de PVC con tratamiento UV y HPL europeo.<\/p>\n","protected":false},"excerpt":{"rendered":"<p>Mesa de Caf\u00e9 Loop aunque es una colecci\u00f3n contempor\u00e1nea, se integra f\u00e1cilmente en cualquier ambiente.<\/p>\n<p>Detalles del producto:<br \/>\nMarco de aluminio soldado de grado contractual.<br \/>\nMarco de recubrimiento en polvo de la marca Tiger.<br \/>\nCuerda de PVC para exteriores con tratamiento UV con n\u00facleo de caucho.<br \/>\nHPL con altos est\u00e1ndares europeos de fabricaci\u00f3n.<\/p>\n","protected":false},"featured_media":6704,"comment_status":"open","ping_status":"closed","template":"","meta":{"_joinchat":[]},"product_brand":[],"product_cat":[19,388,351,26,17,878,98,69],"product_tag":[],"accesorios":[],"coleccion":[389],"espacios":[213,1466,212,1672,209,1224],"marca":[353],"material":[232,233],"class_list":{"0":"post-6130","1":"product","2":"type-product","3":"status-publish","4":"has-post-thumbnail","6":"product_cat-cinta-o-tela-para-exterior","7":"product_cat-coleccion-loop","8":"product_cat-couture","9":"product_cat-mesas","10":"product_cat-muebles-de-exterior","11":"product_cat-ofertas","12":"product_cat-salas","13":"product_cat-tela-para-exterior","14":"coleccion-loop","15":"espacios-alberca","16":"espacios-estancia","17":"espacios-jardin","18":"espacios-residencial","19":"espacios-salas","20":"espacios-terraza","21":"marca-couture","22":"material-aluminio","23":"material-textil","24":"sales-flash-overlay","25":"woocommerce-text-align-center","26":"woocommerce-image-align-center","27":"wc-has-gallery","29":"first","30":"instock","31":"sale","32":"shipping-taxable","33":"purchasable","34":"product-type-simple"},"_links":{"self":[{"href":"https:\/\/atmosferasmuebles.com\/tienda\/wp-json\/wp\/v2\/product\/6130","targetHints":{"allow":["GET"]}}],"collection":[{"href":"https:\/\/atmosferasmuebles.com\/tienda\/wp-json\/wp\/v2\/product"}],"about":[{"href":"https:\/\/atmosferasmuebles.com\/tienda\/wp-json\/wp\/v2\/types\/product"}],"replies":[{"embeddable":true,"href":"https:\/\/atmosferasmuebles.com\/tienda\/wp-json\/wp\/v2\/comments?post=6130"}],"version-history":[{"count":2,"href":"https:\/\/atmosferasmuebles.com\/tienda\/wp-json\/wp\/v2\/product\/6130\/revisions"}],"predecessor-version":[{"id":6138,"href":"https:\/\/atmosferasmuebles.com\/tienda\/wp-json\/wp\/v2\/product\/6130\/revisions\/6138"}],"wp:featuredmedia":[{"embeddable":true,"href":"https:\/\/atmosferasmuebles.com\/tienda\/wp-json\/wp\/v2\/media\/6704"}],"wp:attachment":[{"href":"https:\/\/atmosferasmuebles.com\/tienda\/wp-json\/wp\/v2\/media?parent=6130"}],"wp:term":[{"taxonomy":"product_brand","embeddable":true,"href":"https:\/\/atmosferasmuebles.com\/tienda\/wp-json\/wp\/v2\/product_brand?post=6130"},{"taxonomy":"product_cat","embeddable":true,"href":"https:\/\/atmosferasmuebles.com\/tienda\/wp-json\/wp\/v2\/product_cat?post=6130"},{"taxonomy":"product_tag","embeddable":true,"href":"https:\/\/atmosferasmuebles.com\/tienda\/wp-json\/wp\/v2\/product_tag?post=6130"},{"taxonomy":"accesorios","embeddable":true,"href":"https:\/\/atmosferasmuebles.com\/tienda\/wp-json\/wp\/v2\/accesorios?post=6130"},{"taxonomy":"coleccion","embeddable":true,"href":"https:\/\/atmosferasmuebles.com\/tienda\/wp-json\/wp\/v2\/coleccion?post=6130"},{"taxonomy":"espacios","embeddable":true,"href":"https:\/\/atmosferasmuebles.com\/tienda\/wp-json\/wp\/v2\/espacios?post=6130"},{"taxonomy":"marca","embeddable":true,"href":"https:\/\/atmosferasmuebles.com\/tienda\/wp-json\/wp\/v2\/marca?post=6130"},{"taxonomy":"material","embeddable":true,"href":"https:\/\/atmosferasmuebles.com\/tienda\/wp-json\/wp\/v2\/material?post=6130"}],"curies":[{"name":"wp","href":"https:\/\/api.w.org\/{rel}","templated":true}]}}