{"id":6119,"date":"2022-01-26T17:37:23","date_gmt":"2022-01-26T17:37:23","guid":{"rendered":"https:\/\/atmosferasmuebles.com\/tienda\/?post_type=product&#038;p=6119"},"modified":"2026-01-17T18:16:26","modified_gmt":"2026-01-17T18:16:26","slug":"sofa-derecho-loop","status":"publish","type":"product","link":"https:\/\/atmosferasmuebles.com\/tienda\/producto\/sofa-derecho-loop\/","title":{"rendered":"Sof\u00e1 Derecho Loop"},"content":{"rendered":"<p>Sof\u00e1 derecho Loop de forma cl\u00e1sica vestido con lujosas fibras tejidas, no solo se ve acogedor, la comodidad es la regla de la colecci\u00f3n.<\/p>\n<p>Usado de forma individual o en conjunto para configurar una sala \u00fanica adaptable a tu espacio al exterior.<\/p>\n<p>Fabricado en marco de aluminio, cuerda de PVC con tratamiento UV y tejido Sumbrella en cojines.<\/p>\n","protected":false},"excerpt":{"rendered":"<p>Sof\u00e1 derecho Loop aunque es una colecci\u00f3n contempor\u00e1nea, se integra f\u00e1cilmente en cualquier ambiente.<\/p>\n<p>Detalles del producto:<br \/>\nMarco de aluminio soldado de grado contractual<br \/>\nMarco de recubrimiento en polvo de la marca Tiger<br \/>\nCuerda de PVC para exteriores con tratamiento UV con n\u00facleo de caucho;<br \/>\nTejido Sunbrella duradero para exteriores<\/p>\n","protected":false},"featured_media":6120,"comment_status":"open","ping_status":"closed","template":"","meta":{"_joinchat":[]},"product_brand":[],"product_cat":[19,388,17,98,1197,1565,22,69],"product_tag":[],"accesorios":[],"coleccion":[389],"espacios":[209],"marca":[353],"material":[],"class_list":{"0":"post-6119","1":"product","2":"type-product","3":"status-publish","4":"has-post-thumbnail","6":"product_cat-cinta-o-tela-para-exterior","7":"product_cat-coleccion-loop","8":"product_cat-muebles-de-exterior","9":"product_cat-salas","10":"product_cat-sillon","11":"product_cat-sillon-3","12":"product_cat-sillones","13":"product_cat-tela-para-exterior","14":"coleccion-loop","15":"espacios-salas","16":"marca-couture","17":"sales-flash-overlay","18":"woocommerce-text-align-center","19":"woocommerce-image-align-center","20":"wc-has-gallery","22":"first","23":"instock","24":"shipping-taxable","25":"purchasable","26":"product-type-simple"},"_links":{"self":[{"href":"https:\/\/atmosferasmuebles.com\/tienda\/wp-json\/wp\/v2\/product\/6119","targetHints":{"allow":["GET"]}}],"collection":[{"href":"https:\/\/atmosferasmuebles.com\/tienda\/wp-json\/wp\/v2\/product"}],"about":[{"href":"https:\/\/atmosferasmuebles.com\/tienda\/wp-json\/wp\/v2\/types\/product"}],"replies":[{"embeddable":true,"href":"https:\/\/atmosferasmuebles.com\/tienda\/wp-json\/wp\/v2\/comments?post=6119"}],"version-history":[{"count":2,"href":"https:\/\/atmosferasmuebles.com\/tienda\/wp-json\/wp\/v2\/product\/6119\/revisions"}],"predecessor-version":[{"id":24976,"href":"https:\/\/atmosferasmuebles.com\/tienda\/wp-json\/wp\/v2\/product\/6119\/revisions\/24976"}],"wp:featuredmedia":[{"embeddable":true,"href":"https:\/\/atmosferasmuebles.com\/tienda\/wp-json\/wp\/v2\/media\/6120"}],"wp:attachment":[{"href":"https:\/\/atmosferasmuebles.com\/tienda\/wp-json\/wp\/v2\/media?parent=6119"}],"wp:term":[{"taxonomy":"product_brand","embeddable":true,"href":"https:\/\/atmosferasmuebles.com\/tienda\/wp-json\/wp\/v2\/product_brand?post=6119"},{"taxonomy":"product_cat","embeddable":true,"href":"https:\/\/atmosferasmuebles.com\/tienda\/wp-json\/wp\/v2\/product_cat?post=6119"},{"taxonomy":"product_tag","embeddable":true,"href":"https:\/\/atmosferasmuebles.com\/tienda\/wp-json\/wp\/v2\/product_tag?post=6119"},{"taxonomy":"accesorios","embeddable":true,"href":"https:\/\/atmosferasmuebles.com\/tienda\/wp-json\/wp\/v2\/accesorios?post=6119"},{"taxonomy":"coleccion","embeddable":true,"href":"https:\/\/atmosferasmuebles.com\/tienda\/wp-json\/wp\/v2\/coleccion?post=6119"},{"taxonomy":"espacios","embeddable":true,"href":"https:\/\/atmosferasmuebles.com\/tienda\/wp-json\/wp\/v2\/espacios?post=6119"},{"taxonomy":"marca","embeddable":true,"href":"https:\/\/atmosferasmuebles.com\/tienda\/wp-json\/wp\/v2\/marca?post=6119"},{"taxonomy":"material","embeddable":true,"href":"https:\/\/atmosferasmuebles.com\/tienda\/wp-json\/wp\/v2\/material?post=6119"}],"curies":[{"name":"wp","href":"https:\/\/api.w.org\/{rel}","templated":true}]}}