{"id":61,"date":"2021-04-03T05:59:00","date_gmt":"2021-04-03T05:59:00","guid":{"rendered":"http:\/\/atmosferasmuebles.com\/tienda\/?post_type=product&#038;p=61"},"modified":"2026-04-21T18:59:11","modified_gmt":"2026-04-21T18:59:11","slug":"sombrilla-parasol-flexo-olefin","status":"publish","type":"product","link":"https:\/\/atmosferasmuebles.com\/tienda\/producto\/sombrilla-parasol-flexo-olefin\/","title":{"rendered":"Sombrilla parasol Flexo Olefin"},"content":{"rendered":"<p>La Sombrilla Parasol FLEXO Olef\u00edn es el accesorio ideal para a\u00f1adir sombra y estilo a tu jard\u00edn, terraza o espacio al aire libre. Dise\u00f1ada con un m\u00e1stil lateral que permite inclinaci\u00f3n, incorpora un moderno sistema de rotaci\u00f3n de 360\u00b0 y un nuevo sistema de estabilizaci\u00f3n que mejora su resistencia al viento.<br \/>\nSu cubierta cuadrada de 3 metros est\u00e1 fabricada con tela Olef\u00edn de 250g, un material de alto desempe\u00f1o que se seca r\u00e1pidamente, es resistente a rayos UV, manchas, abrasiones y qu\u00edmicos.<br \/>\nDisponible con estructura en color blanco o antracita, y cubierta en distintos tonos para adaptarse a tu decoraci\u00f3n. Entrega inmediata y 2 a\u00f1os de garant\u00eda. Si deseas elevar a\u00fan m\u00e1s su calidad, consulta nuestra opci\u00f3n con tela Sunbrella\u00ae, ideal para uso intensivo.<\/p>\n<p>\u26a0\ufe0f No incluye base. Asegura tu sombrilla complement\u00e1ndola con una base compatible, disponible en nuestra tienda.<\/p>\n","protected":false},"excerpt":{"rendered":"<p>Sombrilla FLEXO con m\u00e1stil lateral, rotaci\u00f3n 360\u00ba y cubierta de tela Olef\u00edn de 3 m. Resistente, elegante y perfecta para jard\u00edn o terraza. No incluye base.<\/p>\n","protected":false},"featured_media":29440,"comment_status":"closed","ping_status":"closed","template":"","meta":{"_joinchat":[]},"product_brand":[],"product_cat":[19,16,23,17,27],"product_tag":[136,137],"accesorios":[],"coleccion":[],"espacios":[213,212],"marca":[214],"material":[232],"class_list":{"0":"post-61","1":"product","2":"type-product","3":"status-publish","4":"has-post-thumbnail","6":"product_cat-cinta-o-tela-para-exterior","7":"product_cat-ezpeleta","8":"product_cat-metal","9":"product_cat-muebles-de-exterior","10":"product_cat-sombrillas","11":"product_tag-aluminio","12":"product_tag-textil-o-cinta","13":"espacios-alberca","14":"espacios-jardin","15":"marca-ezpeleta","16":"material-aluminio","17":"sales-flash-overlay","18":"woocommerce-text-align-center","19":"woocommerce-image-align-center","20":"wc-has-gallery","22":"first","23":"instock","24":"shipping-taxable","25":"purchasable","26":"product-type-variable"},"_links":{"self":[{"href":"https:\/\/atmosferasmuebles.com\/tienda\/wp-json\/wp\/v2\/product\/61","targetHints":{"allow":["GET"]}}],"collection":[{"href":"https:\/\/atmosferasmuebles.com\/tienda\/wp-json\/wp\/v2\/product"}],"about":[{"href":"https:\/\/atmosferasmuebles.com\/tienda\/wp-json\/wp\/v2\/types\/product"}],"replies":[{"embeddable":true,"href":"https:\/\/atmosferasmuebles.com\/tienda\/wp-json\/wp\/v2\/comments?post=61"}],"version-history":[{"count":3,"href":"https:\/\/atmosferasmuebles.com\/tienda\/wp-json\/wp\/v2\/product\/61\/revisions"}],"predecessor-version":[{"id":29442,"href":"https:\/\/atmosferasmuebles.com\/tienda\/wp-json\/wp\/v2\/product\/61\/revisions\/29442"}],"wp:featuredmedia":[{"embeddable":true,"href":"https:\/\/atmosferasmuebles.com\/tienda\/wp-json\/wp\/v2\/media\/29440"}],"wp:attachment":[{"href":"https:\/\/atmosferasmuebles.com\/tienda\/wp-json\/wp\/v2\/media?parent=61"}],"wp:term":[{"taxonomy":"product_brand","embeddable":true,"href":"https:\/\/atmosferasmuebles.com\/tienda\/wp-json\/wp\/v2\/product_brand?post=61"},{"taxonomy":"product_cat","embeddable":true,"href":"https:\/\/atmosferasmuebles.com\/tienda\/wp-json\/wp\/v2\/product_cat?post=61"},{"taxonomy":"product_tag","embeddable":true,"href":"https:\/\/atmosferasmuebles.com\/tienda\/wp-json\/wp\/v2\/product_tag?post=61"},{"taxonomy":"accesorios","embeddable":true,"href":"https:\/\/atmosferasmuebles.com\/tienda\/wp-json\/wp\/v2\/accesorios?post=61"},{"taxonomy":"coleccion","embeddable":true,"href":"https:\/\/atmosferasmuebles.com\/tienda\/wp-json\/wp\/v2\/coleccion?post=61"},{"taxonomy":"espacios","embeddable":true,"href":"https:\/\/atmosferasmuebles.com\/tienda\/wp-json\/wp\/v2\/espacios?post=61"},{"taxonomy":"marca","embeddable":true,"href":"https:\/\/atmosferasmuebles.com\/tienda\/wp-json\/wp\/v2\/marca?post=61"},{"taxonomy":"material","embeddable":true,"href":"https:\/\/atmosferasmuebles.com\/tienda\/wp-json\/wp\/v2\/material?post=61"}],"curies":[{"name":"wp","href":"https:\/\/api.w.org\/{rel}","templated":true}]}}