{"id":6094,"date":"2022-01-26T16:58:37","date_gmt":"2022-01-26T16:58:37","guid":{"rendered":"https:\/\/atmosferasmuebles.com\/tienda\/?post_type=product&#038;p=6094"},"modified":"2026-05-03T04:57:03","modified_gmt":"2026-05-03T04:57:03","slug":"mesa-auxiliar-hug","status":"publish","type":"product","link":"https:\/\/atmosferasmuebles.com\/tienda\/producto\/mesa-auxiliar-hug\/","title":{"rendered":"Mesa auxiliar Hug"},"content":{"rendered":"<p>Mesa auxiliar Hug, complemento que no puede faltar para tu sala Hug o camastro en la zona de alberca.<\/p>\n<p>A primera vista ya te sientes c\u00f3modo y listo para disfrutar con los componentes de esta colecci\u00f3n, sus m\u00f3dulos te ayudaran a configurar el espacio ideal para ti.<\/p>\n<p>Fabricado con marco de aluminio de gran resistencia.<\/p>\n","protected":false},"excerpt":{"rendered":"<p>Mesa auxiliar Hug, te invita a disfrutar momentos de relajaci\u00f3n en el jard\u00edn, \u00e1rea de alberca o terraza.<\/p>\n<p>Detalles del producto:<br \/>\nMarco de aluminio soldado de grado contractual.<br \/>\nMarco de recubrimiento en polvo de la marca Tiger.<br \/>\nMaxrope exterior tratado con UV.<\/p>\n","protected":false},"featured_media":6095,"comment_status":"open","ping_status":"closed","template":"","meta":{"_joinchat":[]},"product_brand":[],"product_cat":[2234,1149,387,351,2237,26,17,2236],"product_tag":[],"accesorios":[],"coleccion":[386],"espacios":[213,212,209,1224],"marca":[353],"material":[232],"class_list":{"0":"post-6094","1":"product","2":"type-product","3":"status-publish","4":"has-post-thumbnail","6":"product_cat-alberca","7":"product_cat-aluminio","8":"product_cat-coleccion-hug","9":"product_cat-couture","10":"product_cat-jardin","11":"product_cat-mesas","12":"product_cat-muebles-de-exterior","13":"product_cat-terraza","14":"coleccion-hug","15":"espacios-alberca","16":"espacios-jardin","17":"espacios-salas","18":"espacios-terraza","19":"marca-couture","20":"material-aluminio","21":"sales-flash-overlay","22":"woocommerce-text-align-center","23":"woocommerce-image-align-center","25":"first","26":"instock","27":"shipping-taxable","28":"purchasable","29":"product-type-simple"},"_links":{"self":[{"href":"https:\/\/atmosferasmuebles.com\/tienda\/wp-json\/wp\/v2\/product\/6094","targetHints":{"allow":["GET"]}}],"collection":[{"href":"https:\/\/atmosferasmuebles.com\/tienda\/wp-json\/wp\/v2\/product"}],"about":[{"href":"https:\/\/atmosferasmuebles.com\/tienda\/wp-json\/wp\/v2\/types\/product"}],"replies":[{"embeddable":true,"href":"https:\/\/atmosferasmuebles.com\/tienda\/wp-json\/wp\/v2\/comments?post=6094"}],"version-history":[{"count":1,"href":"https:\/\/atmosferasmuebles.com\/tienda\/wp-json\/wp\/v2\/product\/6094\/revisions"}],"predecessor-version":[{"id":6096,"href":"https:\/\/atmosferasmuebles.com\/tienda\/wp-json\/wp\/v2\/product\/6094\/revisions\/6096"}],"wp:featuredmedia":[{"embeddable":true,"href":"https:\/\/atmosferasmuebles.com\/tienda\/wp-json\/wp\/v2\/media\/6095"}],"wp:attachment":[{"href":"https:\/\/atmosferasmuebles.com\/tienda\/wp-json\/wp\/v2\/media?parent=6094"}],"wp:term":[{"taxonomy":"product_brand","embeddable":true,"href":"https:\/\/atmosferasmuebles.com\/tienda\/wp-json\/wp\/v2\/product_brand?post=6094"},{"taxonomy":"product_cat","embeddable":true,"href":"https:\/\/atmosferasmuebles.com\/tienda\/wp-json\/wp\/v2\/product_cat?post=6094"},{"taxonomy":"product_tag","embeddable":true,"href":"https:\/\/atmosferasmuebles.com\/tienda\/wp-json\/wp\/v2\/product_tag?post=6094"},{"taxonomy":"accesorios","embeddable":true,"href":"https:\/\/atmosferasmuebles.com\/tienda\/wp-json\/wp\/v2\/accesorios?post=6094"},{"taxonomy":"coleccion","embeddable":true,"href":"https:\/\/atmosferasmuebles.com\/tienda\/wp-json\/wp\/v2\/coleccion?post=6094"},{"taxonomy":"espacios","embeddable":true,"href":"https:\/\/atmosferasmuebles.com\/tienda\/wp-json\/wp\/v2\/espacios?post=6094"},{"taxonomy":"marca","embeddable":true,"href":"https:\/\/atmosferasmuebles.com\/tienda\/wp-json\/wp\/v2\/marca?post=6094"},{"taxonomy":"material","embeddable":true,"href":"https:\/\/atmosferasmuebles.com\/tienda\/wp-json\/wp\/v2\/material?post=6094"}],"curies":[{"name":"wp","href":"https:\/\/api.w.org\/{rel}","templated":true}]}}