{"id":6090,"date":"2022-01-26T16:52:52","date_gmt":"2022-01-26T16:52:52","guid":{"rendered":"https:\/\/atmosferasmuebles.com\/tienda\/?post_type=product&#038;p=6090"},"modified":"2025-08-20T21:18:15","modified_gmt":"2025-08-20T21:18:15","slug":"mesa-de-cafe-hug","status":"publish","type":"product","link":"https:\/\/atmosferasmuebles.com\/tienda\/producto\/mesa-de-cafe-hug\/","title":{"rendered":"Mesa de Caf\u00e9 Hug"},"content":{"rendered":"<p>Mesa de Caf\u00e9 Hug, complemento que no puede faltar para tu sala Hug o camastro en la zona de alberca.<\/p>\n<p>A primera vista ya te sientes c\u00f3modo y listo para disfrutar con los componentes de esta colecci\u00f3n, sus m\u00f3dulos te ayudaran a configurar el espacio ideal para ti.<\/p>\n<p>Fabricado con marco de aluminio de gran resistencia.<\/p>\n","protected":false},"excerpt":{"rendered":"<p>Mesa de Caf\u00e9 Hug, te invita a disfrutar momentos de relajaci\u00f3n en el jard\u00edn, \u00e1rea de alberca o terraza.<\/p>\n<p>Detalles del producto:<br \/>\nMarco de aluminio soldado de grado contractual.<br \/>\nMarco de recubrimiento en polvo de la marca Tiger.<br \/>\nMaxrope exterior tratado con UV.<\/p>\n","protected":false},"featured_media":6091,"comment_status":"open","ping_status":"closed","template":"","meta":{"_joinchat":[]},"product_brand":[],"product_cat":[387,351,26,17],"product_tag":[],"accesorios":[],"coleccion":[386],"espacios":[213,212,209],"marca":[353],"material":[232],"class_list":{"0":"post-6090","1":"product","2":"type-product","3":"status-publish","4":"has-post-thumbnail","6":"product_cat-coleccion-hug","7":"product_cat-couture","8":"product_cat-mesas","9":"product_cat-muebles-de-exterior","10":"coleccion-hug","11":"espacios-alberca","12":"espacios-jardin","13":"espacios-salas","14":"marca-couture","15":"material-aluminio","16":"sales-flash-overlay","17":"woocommerce-text-align-center","18":"woocommerce-image-align-center","19":"wc-has-gallery","21":"first","22":"instock","23":"shipping-taxable","24":"purchasable","25":"product-type-simple"},"_links":{"self":[{"href":"https:\/\/atmosferasmuebles.com\/tienda\/wp-json\/wp\/v2\/product\/6090","targetHints":{"allow":["GET"]}}],"collection":[{"href":"https:\/\/atmosferasmuebles.com\/tienda\/wp-json\/wp\/v2\/product"}],"about":[{"href":"https:\/\/atmosferasmuebles.com\/tienda\/wp-json\/wp\/v2\/types\/product"}],"replies":[{"embeddable":true,"href":"https:\/\/atmosferasmuebles.com\/tienda\/wp-json\/wp\/v2\/comments?post=6090"}],"version-history":[{"count":1,"href":"https:\/\/atmosferasmuebles.com\/tienda\/wp-json\/wp\/v2\/product\/6090\/revisions"}],"predecessor-version":[{"id":6093,"href":"https:\/\/atmosferasmuebles.com\/tienda\/wp-json\/wp\/v2\/product\/6090\/revisions\/6093"}],"wp:featuredmedia":[{"embeddable":true,"href":"https:\/\/atmosferasmuebles.com\/tienda\/wp-json\/wp\/v2\/media\/6091"}],"wp:attachment":[{"href":"https:\/\/atmosferasmuebles.com\/tienda\/wp-json\/wp\/v2\/media?parent=6090"}],"wp:term":[{"taxonomy":"product_brand","embeddable":true,"href":"https:\/\/atmosferasmuebles.com\/tienda\/wp-json\/wp\/v2\/product_brand?post=6090"},{"taxonomy":"product_cat","embeddable":true,"href":"https:\/\/atmosferasmuebles.com\/tienda\/wp-json\/wp\/v2\/product_cat?post=6090"},{"taxonomy":"product_tag","embeddable":true,"href":"https:\/\/atmosferasmuebles.com\/tienda\/wp-json\/wp\/v2\/product_tag?post=6090"},{"taxonomy":"accesorios","embeddable":true,"href":"https:\/\/atmosferasmuebles.com\/tienda\/wp-json\/wp\/v2\/accesorios?post=6090"},{"taxonomy":"coleccion","embeddable":true,"href":"https:\/\/atmosferasmuebles.com\/tienda\/wp-json\/wp\/v2\/coleccion?post=6090"},{"taxonomy":"espacios","embeddable":true,"href":"https:\/\/atmosferasmuebles.com\/tienda\/wp-json\/wp\/v2\/espacios?post=6090"},{"taxonomy":"marca","embeddable":true,"href":"https:\/\/atmosferasmuebles.com\/tienda\/wp-json\/wp\/v2\/marca?post=6090"},{"taxonomy":"material","embeddable":true,"href":"https:\/\/atmosferasmuebles.com\/tienda\/wp-json\/wp\/v2\/material?post=6090"}],"curies":[{"name":"wp","href":"https:\/\/api.w.org\/{rel}","templated":true}]}}