{"id":6072,"date":"2022-01-26T16:02:06","date_gmt":"2022-01-26T16:02:06","guid":{"rendered":"https:\/\/atmosferasmuebles.com\/tienda\/?post_type=product&#038;p=6072"},"modified":"2026-03-03T23:59:47","modified_gmt":"2026-03-03T23:59:47","slug":"sofa-curvo-hug","status":"publish","type":"product","link":"https:\/\/atmosferasmuebles.com\/tienda\/producto\/sofa-curvo-hug\/","title":{"rendered":"Sof\u00e1 Curvo Hug"},"content":{"rendered":"<p>Sof\u00e1 Curvo Hug, a primera vista ya te sientes c\u00f3modo y listo para disfrutar.<\/p>\n<p>Solo, acompa\u00f1ado de la mesa auxiliar o como elemento de tu sala Hug, este sof\u00e1 te invitara a pasar grandes momentos en ambientes al exterior.<\/p>\n<p>Fabricado con marco de aluminio, espuma de alta densidad, Maxrope y tejido acr\u00edlico ambos con tratamiento impermeable y UV.<\/p>\n","protected":false},"excerpt":{"rendered":"<p>Sof\u00e1 Curvo Hug, te invita a disfrutar momentos de relajaci\u00f3n solo o en familia con los dem\u00e1s elementos de la colecci\u00f3n.<\/p>\n<p>Detalles del producto:<br \/>\nMarco de aluminio soldado de grado contractual.<br \/>\nMarco de recubrimiento en polvo de la marca Tiger.<br \/>\nMaxrope exterior tratado con UV.<br \/>\nEspuma de alta densidad.<br \/>\nTejido acr\u00edlico resistente para exteriores con tratamiento UV COUTUREtex, tratado impermeable.<\/p>\n","protected":false},"featured_media":6729,"comment_status":"open","ping_status":"closed","template":"","meta":{"_joinchat":[]},"product_brand":[],"product_cat":[19,387,351,17,98,22,69],"product_tag":[],"accesorios":[],"coleccion":[386],"espacios":[1466,1672,209,1224],"marca":[353],"material":[232,233],"class_list":{"0":"post-6072","1":"product","2":"type-product","3":"status-publish","4":"has-post-thumbnail","6":"product_cat-cinta-o-tela-para-exterior","7":"product_cat-coleccion-hug","8":"product_cat-couture","9":"product_cat-muebles-de-exterior","10":"product_cat-salas","11":"product_cat-sillones","12":"product_cat-tela-para-exterior","13":"coleccion-hug","14":"espacios-estancia","15":"espacios-residencial","16":"espacios-salas","17":"espacios-terraza","18":"marca-couture","19":"material-aluminio","20":"material-textil","21":"sales-flash-overlay","22":"woocommerce-text-align-center","23":"woocommerce-image-align-center","25":"first","26":"instock","27":"shipping-taxable","28":"purchasable","29":"product-type-simple"},"_links":{"self":[{"href":"https:\/\/atmosferasmuebles.com\/tienda\/wp-json\/wp\/v2\/product\/6072","targetHints":{"allow":["GET"]}}],"collection":[{"href":"https:\/\/atmosferasmuebles.com\/tienda\/wp-json\/wp\/v2\/product"}],"about":[{"href":"https:\/\/atmosferasmuebles.com\/tienda\/wp-json\/wp\/v2\/types\/product"}],"replies":[{"embeddable":true,"href":"https:\/\/atmosferasmuebles.com\/tienda\/wp-json\/wp\/v2\/comments?post=6072"}],"version-history":[{"count":1,"href":"https:\/\/atmosferasmuebles.com\/tienda\/wp-json\/wp\/v2\/product\/6072\/revisions"}],"predecessor-version":[{"id":6074,"href":"https:\/\/atmosferasmuebles.com\/tienda\/wp-json\/wp\/v2\/product\/6072\/revisions\/6074"}],"wp:featuredmedia":[{"embeddable":true,"href":"https:\/\/atmosferasmuebles.com\/tienda\/wp-json\/wp\/v2\/media\/6729"}],"wp:attachment":[{"href":"https:\/\/atmosferasmuebles.com\/tienda\/wp-json\/wp\/v2\/media?parent=6072"}],"wp:term":[{"taxonomy":"product_brand","embeddable":true,"href":"https:\/\/atmosferasmuebles.com\/tienda\/wp-json\/wp\/v2\/product_brand?post=6072"},{"taxonomy":"product_cat","embeddable":true,"href":"https:\/\/atmosferasmuebles.com\/tienda\/wp-json\/wp\/v2\/product_cat?post=6072"},{"taxonomy":"product_tag","embeddable":true,"href":"https:\/\/atmosferasmuebles.com\/tienda\/wp-json\/wp\/v2\/product_tag?post=6072"},{"taxonomy":"accesorios","embeddable":true,"href":"https:\/\/atmosferasmuebles.com\/tienda\/wp-json\/wp\/v2\/accesorios?post=6072"},{"taxonomy":"coleccion","embeddable":true,"href":"https:\/\/atmosferasmuebles.com\/tienda\/wp-json\/wp\/v2\/coleccion?post=6072"},{"taxonomy":"espacios","embeddable":true,"href":"https:\/\/atmosferasmuebles.com\/tienda\/wp-json\/wp\/v2\/espacios?post=6072"},{"taxonomy":"marca","embeddable":true,"href":"https:\/\/atmosferasmuebles.com\/tienda\/wp-json\/wp\/v2\/marca?post=6072"},{"taxonomy":"material","embeddable":true,"href":"https:\/\/atmosferasmuebles.com\/tienda\/wp-json\/wp\/v2\/material?post=6072"}],"curies":[{"name":"wp","href":"https:\/\/api.w.org\/{rel}","templated":true}]}}