{"id":6069,"date":"2022-01-26T15:52:31","date_gmt":"2022-01-26T15:52:31","guid":{"rendered":"https:\/\/atmosferasmuebles.com\/tienda\/?post_type=product&#038;p=6069"},"modified":"2026-03-03T23:59:47","modified_gmt":"2026-03-03T23:59:47","slug":"sillon-individual-izquierdo-hug","status":"publish","type":"product","link":"https:\/\/atmosferasmuebles.com\/tienda\/producto\/sillon-individual-izquierdo-hug\/","title":{"rendered":"Sillon individual izquierdo Hug"},"content":{"rendered":"<p>Sill\u00f3n individual izquierdo Hug, a primera vista ya te sientes c\u00f3modo y listo para disfrutar.<\/p>\n<p>Solo, acompa\u00f1ada de la mesa auxiliar o como elemento de tu sala Hug este sill\u00f3n te invitara a pasar grandes momentos en ambientes al exterior.<\/p>\n<p>Fabricado con marco de aluminio, espuma de alta densidad, Maxrope y tejido acr\u00edlico ambos con tratamiento impermeable y UV.<\/p>\n","protected":false},"excerpt":{"rendered":"<p>Sill\u00f3n individual izquierdo Hug, te invita a disfrutar momentos de relajaci\u00f3n solo o en familia con los dem\u00e1s elementos de la colecci\u00f3n.<\/p>\n<p>Detalles del producto:<br \/>\nMarco de aluminio soldado de grado contractual.<br \/>\nMarco de recubrimiento en polvo de la marca Tiger.<br \/>\nMaxrope exterior tratado con UV.<br \/>\nEspuma de alta densidad.<br \/>\nTejido acr\u00edlico resistente para exteriores con tratamiento UV COUTUREtex, tratado impermeable.<\/p>\n","protected":false},"featured_media":6070,"comment_status":"open","ping_status":"closed","template":"","meta":{"_joinchat":[]},"product_brand":[],"product_cat":[19,387,351,98,22,69],"product_tag":[],"accesorios":[],"coleccion":[386],"espacios":[1466,1672,209,1224],"marca":[353],"material":[232,233],"class_list":{"0":"post-6069","1":"product","2":"type-product","3":"status-publish","4":"has-post-thumbnail","6":"product_cat-cinta-o-tela-para-exterior","7":"product_cat-coleccion-hug","8":"product_cat-couture","9":"product_cat-salas","10":"product_cat-sillones","11":"product_cat-tela-para-exterior","12":"coleccion-hug","13":"espacios-estancia","14":"espacios-residencial","15":"espacios-salas","16":"espacios-terraza","17":"marca-couture","18":"material-aluminio","19":"material-textil","20":"sales-flash-overlay","21":"woocommerce-text-align-center","22":"woocommerce-image-align-center","24":"first","25":"instock","26":"shipping-taxable","27":"purchasable","28":"product-type-simple"},"_links":{"self":[{"href":"https:\/\/atmosferasmuebles.com\/tienda\/wp-json\/wp\/v2\/product\/6069","targetHints":{"allow":["GET"]}}],"collection":[{"href":"https:\/\/atmosferasmuebles.com\/tienda\/wp-json\/wp\/v2\/product"}],"about":[{"href":"https:\/\/atmosferasmuebles.com\/tienda\/wp-json\/wp\/v2\/types\/product"}],"replies":[{"embeddable":true,"href":"https:\/\/atmosferasmuebles.com\/tienda\/wp-json\/wp\/v2\/comments?post=6069"}],"version-history":[{"count":1,"href":"https:\/\/atmosferasmuebles.com\/tienda\/wp-json\/wp\/v2\/product\/6069\/revisions"}],"predecessor-version":[{"id":6071,"href":"https:\/\/atmosferasmuebles.com\/tienda\/wp-json\/wp\/v2\/product\/6069\/revisions\/6071"}],"wp:featuredmedia":[{"embeddable":true,"href":"https:\/\/atmosferasmuebles.com\/tienda\/wp-json\/wp\/v2\/media\/6070"}],"wp:attachment":[{"href":"https:\/\/atmosferasmuebles.com\/tienda\/wp-json\/wp\/v2\/media?parent=6069"}],"wp:term":[{"taxonomy":"product_brand","embeddable":true,"href":"https:\/\/atmosferasmuebles.com\/tienda\/wp-json\/wp\/v2\/product_brand?post=6069"},{"taxonomy":"product_cat","embeddable":true,"href":"https:\/\/atmosferasmuebles.com\/tienda\/wp-json\/wp\/v2\/product_cat?post=6069"},{"taxonomy":"product_tag","embeddable":true,"href":"https:\/\/atmosferasmuebles.com\/tienda\/wp-json\/wp\/v2\/product_tag?post=6069"},{"taxonomy":"accesorios","embeddable":true,"href":"https:\/\/atmosferasmuebles.com\/tienda\/wp-json\/wp\/v2\/accesorios?post=6069"},{"taxonomy":"coleccion","embeddable":true,"href":"https:\/\/atmosferasmuebles.com\/tienda\/wp-json\/wp\/v2\/coleccion?post=6069"},{"taxonomy":"espacios","embeddable":true,"href":"https:\/\/atmosferasmuebles.com\/tienda\/wp-json\/wp\/v2\/espacios?post=6069"},{"taxonomy":"marca","embeddable":true,"href":"https:\/\/atmosferasmuebles.com\/tienda\/wp-json\/wp\/v2\/marca?post=6069"},{"taxonomy":"material","embeddable":true,"href":"https:\/\/atmosferasmuebles.com\/tienda\/wp-json\/wp\/v2\/material?post=6069"}],"curies":[{"name":"wp","href":"https:\/\/api.w.org\/{rel}","templated":true}]}}