{"id":6052,"date":"2022-01-25T20:38:30","date_gmt":"2022-01-25T20:38:30","guid":{"rendered":"https:\/\/atmosferasmuebles.com\/tienda\/?post_type=product&#038;p=6052"},"modified":"2026-03-03T23:59:48","modified_gmt":"2026-03-03T23:59:48","slug":"sillon-individual-derecho-hug","status":"publish","type":"product","link":"https:\/\/atmosferasmuebles.com\/tienda\/producto\/sillon-individual-derecho-hug\/","title":{"rendered":"Sill\u00f3n individual derecho Hug"},"content":{"rendered":"<p>Sill\u00f3n individual derecho Hug, a primera vista ya te sientes c\u00f3modo y listo para disfrutar.<\/p>\n<p>Solo, acompa\u00f1ada de la mesa auxiliar o como elemento de tu sala Hug este sill\u00f3n te invitara a pasar grandes momentos en ambientes al exterior.<\/p>\n<p>Fabricado con marco de aluminio, espuma de alta densidad, Maxrope y tejido acr\u00edlico ambos con tratamiento impermeable y UV.<\/p>\n","protected":false},"excerpt":{"rendered":"<p>Sill\u00f3n individual derecho Hug, te invita a disfrutar momentos de relajaci\u00f3n solo o en familia con los dem\u00e1s elementos de la colecci\u00f3n.<\/p>\n<p>Detalles del producto:<br \/>\nMarco de aluminio soldado de grado contractual.<br \/>\nMarco de recubrimiento en polvo de la marca Tiger.<br \/>\nMaxrope exterior tratado con UV.<br \/>\nEspuma de alta densidad.<br \/>\nTejido acr\u00edlico resistente para exteriores con tratamiento UV COUTUREtex, tratado impermeable.<\/p>\n","protected":false},"featured_media":6053,"comment_status":"open","ping_status":"closed","template":"","meta":{"_joinchat":[]},"product_brand":[],"product_cat":[19,387,351,17,98,22,69],"product_tag":[],"accesorios":[],"coleccion":[386],"espacios":[1466,1672,209,1224],"marca":[353],"material":[232,233],"class_list":{"0":"post-6052","1":"product","2":"type-product","3":"status-publish","4":"has-post-thumbnail","6":"product_cat-cinta-o-tela-para-exterior","7":"product_cat-coleccion-hug","8":"product_cat-couture","9":"product_cat-muebles-de-exterior","10":"product_cat-salas","11":"product_cat-sillones","12":"product_cat-tela-para-exterior","13":"coleccion-hug","14":"espacios-estancia","15":"espacios-residencial","16":"espacios-salas","17":"espacios-terraza","18":"marca-couture","19":"material-aluminio","20":"material-textil","21":"sales-flash-overlay","22":"woocommerce-text-align-center","23":"woocommerce-image-align-center","24":"wc-has-gallery","26":"first","27":"instock","28":"shipping-taxable","29":"purchasable","30":"product-type-simple"},"_links":{"self":[{"href":"https:\/\/atmosferasmuebles.com\/tienda\/wp-json\/wp\/v2\/product\/6052","targetHints":{"allow":["GET"]}}],"collection":[{"href":"https:\/\/atmosferasmuebles.com\/tienda\/wp-json\/wp\/v2\/product"}],"about":[{"href":"https:\/\/atmosferasmuebles.com\/tienda\/wp-json\/wp\/v2\/types\/product"}],"replies":[{"embeddable":true,"href":"https:\/\/atmosferasmuebles.com\/tienda\/wp-json\/wp\/v2\/comments?post=6052"}],"version-history":[{"count":1,"href":"https:\/\/atmosferasmuebles.com\/tienda\/wp-json\/wp\/v2\/product\/6052\/revisions"}],"predecessor-version":[{"id":6055,"href":"https:\/\/atmosferasmuebles.com\/tienda\/wp-json\/wp\/v2\/product\/6052\/revisions\/6055"}],"wp:featuredmedia":[{"embeddable":true,"href":"https:\/\/atmosferasmuebles.com\/tienda\/wp-json\/wp\/v2\/media\/6053"}],"wp:attachment":[{"href":"https:\/\/atmosferasmuebles.com\/tienda\/wp-json\/wp\/v2\/media?parent=6052"}],"wp:term":[{"taxonomy":"product_brand","embeddable":true,"href":"https:\/\/atmosferasmuebles.com\/tienda\/wp-json\/wp\/v2\/product_brand?post=6052"},{"taxonomy":"product_cat","embeddable":true,"href":"https:\/\/atmosferasmuebles.com\/tienda\/wp-json\/wp\/v2\/product_cat?post=6052"},{"taxonomy":"product_tag","embeddable":true,"href":"https:\/\/atmosferasmuebles.com\/tienda\/wp-json\/wp\/v2\/product_tag?post=6052"},{"taxonomy":"accesorios","embeddable":true,"href":"https:\/\/atmosferasmuebles.com\/tienda\/wp-json\/wp\/v2\/accesorios?post=6052"},{"taxonomy":"coleccion","embeddable":true,"href":"https:\/\/atmosferasmuebles.com\/tienda\/wp-json\/wp\/v2\/coleccion?post=6052"},{"taxonomy":"espacios","embeddable":true,"href":"https:\/\/atmosferasmuebles.com\/tienda\/wp-json\/wp\/v2\/espacios?post=6052"},{"taxonomy":"marca","embeddable":true,"href":"https:\/\/atmosferasmuebles.com\/tienda\/wp-json\/wp\/v2\/marca?post=6052"},{"taxonomy":"material","embeddable":true,"href":"https:\/\/atmosferasmuebles.com\/tienda\/wp-json\/wp\/v2\/material?post=6052"}],"curies":[{"name":"wp","href":"https:\/\/api.w.org\/{rel}","templated":true}]}}