{"id":5977,"date":"2022-01-25T16:44:11","date_gmt":"2022-01-25T16:44:11","guid":{"rendered":"https:\/\/atmosferasmuebles.com\/tienda\/?post_type=product&#038;p=5977"},"modified":"2026-04-29T08:32:11","modified_gmt":"2026-04-29T08:32:11","slug":"mesa-cuadrada-club-de-aluminio-y-resistente-a-exteriores","status":"publish","type":"product","link":"https:\/\/atmosferasmuebles.com\/tienda\/producto\/mesa-cuadrada-club-de-aluminio-y-resistente-a-exteriores\/","title":{"rendered":"Mesa Cuadrada Club"},"content":{"rendered":"<p>Mesa Cuadrada Club, ideal para ese tiempo de convivencia en la terraza o jard\u00edn, complementa tu mesa con las sillas Club para obtener un comedor hasta para 4 personas.<\/p>\n<p>Fabricado con marco de aluminio con HPL de fabricaci\u00f3n europea con altos est\u00e1ndares para su elaboraci\u00f3n.<\/p>\n<p>La colecci\u00f3n tiene una amplia variedad de piezas,<br \/>\ntanto para sentarse como para cenar, para crear, para interiores y al aire libre para crear un lugar elegante para ti.<\/p>\n","protected":false},"excerpt":{"rendered":"<p>Mesa Cuadrada Club, complem\u00e9ntala con las sillas Club para formar un comedor de 4 personas.<\/p>\n<p>Detalles del producto:<br \/>\nMarco de aluminio soldado de grado contract<br \/>\nMarco con recubrimiento en polvo de la marca Tiger<br \/>\nHPL con altos est\u00e1ndares europeos de fabricaci\u00f3n.<\/p>\n","protected":false},"featured_media":6700,"comment_status":"open","ping_status":"closed","template":"","meta":{"_joinchat":[]},"product_brand":[],"product_cat":[1149,376,61,99,351,2237,1173,17,2236],"product_tag":[],"accesorios":[],"coleccion":[375],"espacios":[210,212,1224],"marca":[353],"material":[232],"class_list":{"0":"post-5977","1":"product","2":"type-product","3":"status-publish","4":"has-post-thumbnail","6":"product_cat-aluminio","7":"product_cat-coleccion-club","8":"product_cat-comedor","9":"product_cat-comedores","10":"product_cat-couture","11":"product_cat-jardin","12":"product_cat-mesa-comedor","13":"product_cat-muebles-de-exterior","14":"product_cat-terraza","15":"coleccion-club","16":"espacios-comedores","17":"espacios-jardin","18":"espacios-terraza","19":"marca-couture","20":"material-aluminio","21":"sales-flash-overlay","22":"woocommerce-text-align-center","23":"woocommerce-image-align-center","24":"wc-has-gallery","26":"first","27":"instock","28":"shipping-taxable","29":"purchasable","30":"product-type-simple"},"_links":{"self":[{"href":"https:\/\/atmosferasmuebles.com\/tienda\/wp-json\/wp\/v2\/product\/5977","targetHints":{"allow":["GET"]}}],"collection":[{"href":"https:\/\/atmosferasmuebles.com\/tienda\/wp-json\/wp\/v2\/product"}],"about":[{"href":"https:\/\/atmosferasmuebles.com\/tienda\/wp-json\/wp\/v2\/types\/product"}],"replies":[{"embeddable":true,"href":"https:\/\/atmosferasmuebles.com\/tienda\/wp-json\/wp\/v2\/comments?post=5977"}],"version-history":[{"count":2,"href":"https:\/\/atmosferasmuebles.com\/tienda\/wp-json\/wp\/v2\/product\/5977\/revisions"}],"predecessor-version":[{"id":8817,"href":"https:\/\/atmosferasmuebles.com\/tienda\/wp-json\/wp\/v2\/product\/5977\/revisions\/8817"}],"wp:featuredmedia":[{"embeddable":true,"href":"https:\/\/atmosferasmuebles.com\/tienda\/wp-json\/wp\/v2\/media\/6700"}],"wp:attachment":[{"href":"https:\/\/atmosferasmuebles.com\/tienda\/wp-json\/wp\/v2\/media?parent=5977"}],"wp:term":[{"taxonomy":"product_brand","embeddable":true,"href":"https:\/\/atmosferasmuebles.com\/tienda\/wp-json\/wp\/v2\/product_brand?post=5977"},{"taxonomy":"product_cat","embeddable":true,"href":"https:\/\/atmosferasmuebles.com\/tienda\/wp-json\/wp\/v2\/product_cat?post=5977"},{"taxonomy":"product_tag","embeddable":true,"href":"https:\/\/atmosferasmuebles.com\/tienda\/wp-json\/wp\/v2\/product_tag?post=5977"},{"taxonomy":"accesorios","embeddable":true,"href":"https:\/\/atmosferasmuebles.com\/tienda\/wp-json\/wp\/v2\/accesorios?post=5977"},{"taxonomy":"coleccion","embeddable":true,"href":"https:\/\/atmosferasmuebles.com\/tienda\/wp-json\/wp\/v2\/coleccion?post=5977"},{"taxonomy":"espacios","embeddable":true,"href":"https:\/\/atmosferasmuebles.com\/tienda\/wp-json\/wp\/v2\/espacios?post=5977"},{"taxonomy":"marca","embeddable":true,"href":"https:\/\/atmosferasmuebles.com\/tienda\/wp-json\/wp\/v2\/marca?post=5977"},{"taxonomy":"material","embeddable":true,"href":"https:\/\/atmosferasmuebles.com\/tienda\/wp-json\/wp\/v2\/material?post=5977"}],"curies":[{"name":"wp","href":"https:\/\/api.w.org\/{rel}","templated":true}]}}