{"id":5948,"date":"2022-01-24T20:37:37","date_gmt":"2022-01-24T20:37:37","guid":{"rendered":"https:\/\/atmosferasmuebles.com\/tienda\/?post_type=product&#038;p=5948"},"modified":"2026-04-29T08:32:12","modified_gmt":"2026-04-29T08:32:12","slug":"mesa-de-cafe-club-de-aluminio-y-resistente-a-exteriores","status":"publish","type":"product","link":"https:\/\/atmosferasmuebles.com\/tienda\/producto\/mesa-de-cafe-club-de-aluminio-y-resistente-a-exteriores\/","title":{"rendered":"Mesa de Caf\u00e9 Club"},"content":{"rendered":"<p>Mesa de Caf\u00e9 Club, complemento para tu sala modular Club, integra esta mesa de caf\u00e9 para completar tu dise\u00f1o personalizado.<\/p>\n<p>Fabricado con marco de aluminio con HPL de fabricaci\u00f3n europea con altos est\u00e1ndares para su elaboraci\u00f3n.<\/p>\n<p>La colecci\u00f3n tiene una amplia variedad de piezas,<br \/>\ntanto para sentarse como para cenar, para crear, para interiores y al aire libre para crear un lugar elegante para ti.<\/p>\n","protected":false},"excerpt":{"rendered":"<p>Mesa de Caf\u00e9 Club modulo complementario para armar tu sala Club.<\/p>\n<p>Esta l\u00ednea se caracteriza por su amplia posibilidad de configuraci\u00f3n al ser modular y tener muchos elementos que combinados forman tu propia sala.<\/p>\n<p>Detalles del producto:<br \/>\nMarco de aluminio soldado de grado contract<br \/>\nMarco con recubrimiento en polvo de la marca Tiger<br \/>\nHPL con altos est\u00e1ndares europeos de fabricaci\u00f3n.<\/p>\n","protected":false},"featured_media":6705,"comment_status":"open","ping_status":"closed","template":"","meta":{"_joinchat":[]},"product_brand":[],"product_cat":[1149,19,376,99,351,26,17,878,69],"product_tag":[],"accesorios":[],"coleccion":[375],"espacios":[213,210,212,209],"marca":[353],"material":[232],"class_list":{"0":"post-5948","1":"product","2":"type-product","3":"status-publish","4":"has-post-thumbnail","6":"product_cat-aluminio","7":"product_cat-cinta-o-tela-para-exterior","8":"product_cat-coleccion-club","9":"product_cat-comedores","10":"product_cat-couture","11":"product_cat-mesas","12":"product_cat-muebles-de-exterior","13":"product_cat-ofertas","14":"product_cat-tela-para-exterior","15":"coleccion-club","16":"espacios-alberca","17":"espacios-comedores","18":"espacios-jardin","19":"espacios-salas","20":"marca-couture","21":"material-aluminio","22":"sales-flash-overlay","23":"woocommerce-text-align-center","24":"woocommerce-image-align-center","25":"wc-has-gallery","27":"first","28":"instock","29":"sale","30":"shipping-taxable","31":"purchasable","32":"product-type-simple"},"_links":{"self":[{"href":"https:\/\/atmosferasmuebles.com\/tienda\/wp-json\/wp\/v2\/product\/5948","targetHints":{"allow":["GET"]}}],"collection":[{"href":"https:\/\/atmosferasmuebles.com\/tienda\/wp-json\/wp\/v2\/product"}],"about":[{"href":"https:\/\/atmosferasmuebles.com\/tienda\/wp-json\/wp\/v2\/types\/product"}],"replies":[{"embeddable":true,"href":"https:\/\/atmosferasmuebles.com\/tienda\/wp-json\/wp\/v2\/comments?post=5948"}],"version-history":[{"count":2,"href":"https:\/\/atmosferasmuebles.com\/tienda\/wp-json\/wp\/v2\/product\/5948\/revisions"}],"predecessor-version":[{"id":8820,"href":"https:\/\/atmosferasmuebles.com\/tienda\/wp-json\/wp\/v2\/product\/5948\/revisions\/8820"}],"wp:featuredmedia":[{"embeddable":true,"href":"https:\/\/atmosferasmuebles.com\/tienda\/wp-json\/wp\/v2\/media\/6705"}],"wp:attachment":[{"href":"https:\/\/atmosferasmuebles.com\/tienda\/wp-json\/wp\/v2\/media?parent=5948"}],"wp:term":[{"taxonomy":"product_brand","embeddable":true,"href":"https:\/\/atmosferasmuebles.com\/tienda\/wp-json\/wp\/v2\/product_brand?post=5948"},{"taxonomy":"product_cat","embeddable":true,"href":"https:\/\/atmosferasmuebles.com\/tienda\/wp-json\/wp\/v2\/product_cat?post=5948"},{"taxonomy":"product_tag","embeddable":true,"href":"https:\/\/atmosferasmuebles.com\/tienda\/wp-json\/wp\/v2\/product_tag?post=5948"},{"taxonomy":"accesorios","embeddable":true,"href":"https:\/\/atmosferasmuebles.com\/tienda\/wp-json\/wp\/v2\/accesorios?post=5948"},{"taxonomy":"coleccion","embeddable":true,"href":"https:\/\/atmosferasmuebles.com\/tienda\/wp-json\/wp\/v2\/coleccion?post=5948"},{"taxonomy":"espacios","embeddable":true,"href":"https:\/\/atmosferasmuebles.com\/tienda\/wp-json\/wp\/v2\/espacios?post=5948"},{"taxonomy":"marca","embeddable":true,"href":"https:\/\/atmosferasmuebles.com\/tienda\/wp-json\/wp\/v2\/marca?post=5948"},{"taxonomy":"material","embeddable":true,"href":"https:\/\/atmosferasmuebles.com\/tienda\/wp-json\/wp\/v2\/material?post=5948"}],"curies":[{"name":"wp","href":"https:\/\/api.w.org\/{rel}","templated":true}]}}