{"id":5933,"date":"2022-01-24T19:56:45","date_gmt":"2022-01-24T19:56:45","guid":{"rendered":"https:\/\/atmosferasmuebles.com\/tienda\/?post_type=product&#038;p=5933"},"modified":"2026-03-03T23:59:48","modified_gmt":"2026-03-03T23:59:48","slug":"sillon-curvo-izquierdo-club-de-aluminio-y-resistente-a-exteriores","status":"publish","type":"product","link":"https:\/\/atmosferasmuebles.com\/tienda\/producto\/sillon-curvo-izquierdo-club-de-aluminio-y-resistente-a-exteriores\/","title":{"rendered":"Sill\u00f3n Curvo Izquierdo Club"},"content":{"rendered":"<p>Sill\u00f3n Curvo izquierdo Club, la adaptabilidad es una caracter\u00edstica de esta colecci\u00f3n.<\/p>\n<p>Sus diferentes m\u00f3dulos te ofrecen configuraciones infinitas incluso podr\u00e1s reconfigurar tu sala en cientos de formas distintas.<\/p>\n<p>Fabricado en aluminio, cord\u00f3n, espuma de alta densidad y tejido acr\u00edlico con tratamiento UV para exteriores.<\/p>\n","protected":false},"excerpt":{"rendered":"<p>Sill\u00f3n Curvo izquierdo Club, esta l\u00ednea se caracteriza por su amplia posibilidad de configuraci\u00f3n al ser modular y tener muchos elementos que combinados forman tu propia sala.<\/p>\n<p>Detalles del producto:<br \/>\nMarco de aluminio soldado de grado contractual<br \/>\nMarco de recubrimiento en polvo de la marca Tiger<br \/>\nCord\u00f3n exterior tratado con UV<br \/>\nEspuma de alta densidad<br \/>\nTejido acr\u00edlico resistente para exteriores con tratamiento UV COUTUREtex, tratado impermeable<\/p>\n","protected":false},"featured_media":6711,"comment_status":"open","ping_status":"closed","template":"","meta":{"_joinchat":[]},"product_brand":[],"product_cat":[19,376,351,17,878,98,22,69],"product_tag":[],"accesorios":[],"coleccion":[375],"espacios":[1466,1672,209,1224],"marca":[353],"material":[232],"class_list":{"0":"post-5933","1":"product","2":"type-product","3":"status-publish","4":"has-post-thumbnail","6":"product_cat-cinta-o-tela-para-exterior","7":"product_cat-coleccion-club","8":"product_cat-couture","9":"product_cat-muebles-de-exterior","10":"product_cat-ofertas","11":"product_cat-salas","12":"product_cat-sillones","13":"product_cat-tela-para-exterior","14":"coleccion-club","15":"espacios-estancia","16":"espacios-residencial","17":"espacios-salas","18":"espacios-terraza","19":"marca-couture","20":"material-aluminio","21":"sales-flash-overlay","22":"woocommerce-text-align-center","23":"woocommerce-image-align-center","24":"wc-has-gallery","26":"first","27":"instock","28":"sale","29":"shipping-taxable","30":"purchasable","31":"product-type-simple"},"_links":{"self":[{"href":"https:\/\/atmosferasmuebles.com\/tienda\/wp-json\/wp\/v2\/product\/5933","targetHints":{"allow":["GET"]}}],"collection":[{"href":"https:\/\/atmosferasmuebles.com\/tienda\/wp-json\/wp\/v2\/product"}],"about":[{"href":"https:\/\/atmosferasmuebles.com\/tienda\/wp-json\/wp\/v2\/types\/product"}],"replies":[{"embeddable":true,"href":"https:\/\/atmosferasmuebles.com\/tienda\/wp-json\/wp\/v2\/comments?post=5933"}],"version-history":[{"count":2,"href":"https:\/\/atmosferasmuebles.com\/tienda\/wp-json\/wp\/v2\/product\/5933\/revisions"}],"predecessor-version":[{"id":8822,"href":"https:\/\/atmosferasmuebles.com\/tienda\/wp-json\/wp\/v2\/product\/5933\/revisions\/8822"}],"wp:featuredmedia":[{"embeddable":true,"href":"https:\/\/atmosferasmuebles.com\/tienda\/wp-json\/wp\/v2\/media\/6711"}],"wp:attachment":[{"href":"https:\/\/atmosferasmuebles.com\/tienda\/wp-json\/wp\/v2\/media?parent=5933"}],"wp:term":[{"taxonomy":"product_brand","embeddable":true,"href":"https:\/\/atmosferasmuebles.com\/tienda\/wp-json\/wp\/v2\/product_brand?post=5933"},{"taxonomy":"product_cat","embeddable":true,"href":"https:\/\/atmosferasmuebles.com\/tienda\/wp-json\/wp\/v2\/product_cat?post=5933"},{"taxonomy":"product_tag","embeddable":true,"href":"https:\/\/atmosferasmuebles.com\/tienda\/wp-json\/wp\/v2\/product_tag?post=5933"},{"taxonomy":"accesorios","embeddable":true,"href":"https:\/\/atmosferasmuebles.com\/tienda\/wp-json\/wp\/v2\/accesorios?post=5933"},{"taxonomy":"coleccion","embeddable":true,"href":"https:\/\/atmosferasmuebles.com\/tienda\/wp-json\/wp\/v2\/coleccion?post=5933"},{"taxonomy":"espacios","embeddable":true,"href":"https:\/\/atmosferasmuebles.com\/tienda\/wp-json\/wp\/v2\/espacios?post=5933"},{"taxonomy":"marca","embeddable":true,"href":"https:\/\/atmosferasmuebles.com\/tienda\/wp-json\/wp\/v2\/marca?post=5933"},{"taxonomy":"material","embeddable":true,"href":"https:\/\/atmosferasmuebles.com\/tienda\/wp-json\/wp\/v2\/material?post=5933"}],"curies":[{"name":"wp","href":"https:\/\/api.w.org\/{rel}","templated":true}]}}