{"id":5891,"date":"2022-01-24T17:24:09","date_gmt":"2022-01-24T17:24:09","guid":{"rendered":"https:\/\/atmosferasmuebles.com\/tienda\/?post_type=product&#038;p=5891"},"modified":"2026-04-29T08:27:00","modified_gmt":"2026-04-29T08:27:00","slug":"mesa-cafe-welcome-de-aluminio-para-exteriores","status":"publish","type":"product","link":"https:\/\/atmosferasmuebles.com\/tienda\/producto\/mesa-cafe-welcome-de-aluminio-para-exteriores\/","title":{"rendered":"Mesa Caf\u00e9 Welcome de aluminio para exteriores"},"content":{"rendered":"<p>Mesa Caf\u00e9 Welcome excelente complemento para formar la sala del mismo nombre, dise\u00f1a tu espacio para tu terraza o jard\u00edn con los dem\u00e1s elementos de la colecci\u00f3n.<\/p>\n<p>Fabricado con un marco de aluminio y HPL de fabricaci\u00f3n europea con altos est\u00e1ndares para su elaboraci\u00f3n.<\/p>\n<p>Disponible en 2 colores.<\/p>\n","protected":false},"excerpt":{"rendered":"<p>Mesa Caf\u00e9 Welcome, solo o en conjunto para formar la sala Welcome<\/p>\n<p>Detalles del producto:<br \/>\nMarco de aluminio soldado de grado contract<br \/>\nMarco con recubrimiento en polvo de la marca Tiger<br \/>\nHPL con altos est\u00e1ndares europeos de fabricaci\u00f3n.<\/p>\n","protected":false},"featured_media":6697,"comment_status":"open","ping_status":"closed","template":"","meta":{"_joinchat":[]},"product_brand":[],"product_cat":[1149,19,370,351,2237,26,23,17,98,69,2236],"product_tag":[],"accesorios":[],"coleccion":[373],"espacios":[213,212,209,1224],"marca":[353],"material":[232],"class_list":{"0":"post-5891","1":"product","2":"type-product","3":"status-publish","4":"has-post-thumbnail","6":"product_cat-aluminio","7":"product_cat-cinta-o-tela-para-exterior","8":"product_cat-coleccion-welcome","9":"product_cat-couture","10":"product_cat-jardin","11":"product_cat-mesas","12":"product_cat-metal","13":"product_cat-muebles-de-exterior","14":"product_cat-salas","15":"product_cat-tela-para-exterior","16":"product_cat-terraza","17":"coleccion-welcome","18":"espacios-alberca","19":"espacios-jardin","20":"espacios-salas","21":"espacios-terraza","22":"marca-couture","23":"material-aluminio","24":"sales-flash-overlay","25":"woocommerce-text-align-center","26":"woocommerce-image-align-center","27":"wc-has-gallery","29":"first","30":"instock","31":"shipping-taxable","32":"purchasable","33":"product-type-variable"},"_links":{"self":[{"href":"https:\/\/atmosferasmuebles.com\/tienda\/wp-json\/wp\/v2\/product\/5891","targetHints":{"allow":["GET"]}}],"collection":[{"href":"https:\/\/atmosferasmuebles.com\/tienda\/wp-json\/wp\/v2\/product"}],"about":[{"href":"https:\/\/atmosferasmuebles.com\/tienda\/wp-json\/wp\/v2\/types\/product"}],"replies":[{"embeddable":true,"href":"https:\/\/atmosferasmuebles.com\/tienda\/wp-json\/wp\/v2\/comments?post=5891"}],"version-history":[{"count":1,"href":"https:\/\/atmosferasmuebles.com\/tienda\/wp-json\/wp\/v2\/product\/5891\/revisions"}],"predecessor-version":[{"id":5899,"href":"https:\/\/atmosferasmuebles.com\/tienda\/wp-json\/wp\/v2\/product\/5891\/revisions\/5899"}],"wp:featuredmedia":[{"embeddable":true,"href":"https:\/\/atmosferasmuebles.com\/tienda\/wp-json\/wp\/v2\/media\/6697"}],"wp:attachment":[{"href":"https:\/\/atmosferasmuebles.com\/tienda\/wp-json\/wp\/v2\/media?parent=5891"}],"wp:term":[{"taxonomy":"product_brand","embeddable":true,"href":"https:\/\/atmosferasmuebles.com\/tienda\/wp-json\/wp\/v2\/product_brand?post=5891"},{"taxonomy":"product_cat","embeddable":true,"href":"https:\/\/atmosferasmuebles.com\/tienda\/wp-json\/wp\/v2\/product_cat?post=5891"},{"taxonomy":"product_tag","embeddable":true,"href":"https:\/\/atmosferasmuebles.com\/tienda\/wp-json\/wp\/v2\/product_tag?post=5891"},{"taxonomy":"accesorios","embeddable":true,"href":"https:\/\/atmosferasmuebles.com\/tienda\/wp-json\/wp\/v2\/accesorios?post=5891"},{"taxonomy":"coleccion","embeddable":true,"href":"https:\/\/atmosferasmuebles.com\/tienda\/wp-json\/wp\/v2\/coleccion?post=5891"},{"taxonomy":"espacios","embeddable":true,"href":"https:\/\/atmosferasmuebles.com\/tienda\/wp-json\/wp\/v2\/espacios?post=5891"},{"taxonomy":"marca","embeddable":true,"href":"https:\/\/atmosferasmuebles.com\/tienda\/wp-json\/wp\/v2\/marca?post=5891"},{"taxonomy":"material","embeddable":true,"href":"https:\/\/atmosferasmuebles.com\/tienda\/wp-json\/wp\/v2\/material?post=5891"}],"curies":[{"name":"wp","href":"https:\/\/api.w.org\/{rel}","templated":true}]}}