{"id":5865,"date":"2022-01-05T05:29:58","date_gmt":"2022-01-05T05:29:58","guid":{"rendered":"https:\/\/atmosferasmuebles.com\/tienda\/?post_type=product&#038;p=5865"},"modified":"2026-03-03T23:59:48","modified_gmt":"2026-03-03T23:59:48","slug":"sofa-welcome","status":"publish","type":"product","link":"https:\/\/atmosferasmuebles.com\/tienda\/producto\/sofa-welcome\/","title":{"rendered":"Sof\u00e1 Welcome"},"content":{"rendered":"<p>Sof\u00e1 Welcome, solo o en conjunto para formar la sala Welcome<\/p>\n<p>Detalles del producto:.<br \/>\nMarco de aluminio soldado de grado contract.<br \/>\nMarco con recubrimiento en polvo de la marca Tiger.<br \/>\nMalla gris claro con tratamiento UV para reposabrazos \/ respaldo<br \/>\nTejido Sunbrella duradero para exteriores.<\/p>\n","protected":false},"excerpt":{"rendered":"<p>Sof\u00e1 Welcome moderno y a la vez elegante, m\u00f3dulo de la sala Welcome o tambi\u00e9n puede ser acompa\u00f1ado de una mesa para formar un espacio de relajaci\u00f3n para tu terraza.<\/p>\n<p>Fabricado con un marco de aluminio, malla gris claro con tratamiento UV para reposabrazos y en respaldo y asiento tejido en Snbrella, duradero para exteriores.<\/p>\n<p>Disponible en 2 colores.<\/p>\n","protected":false},"featured_media":5573,"comment_status":"open","ping_status":"closed","template":"","meta":{"_joinchat":[]},"product_brand":[],"product_cat":[19,370,351,17,98,22,69],"product_tag":[],"accesorios":[],"coleccion":[373],"espacios":[1466,1672,209,1224],"marca":[353],"material":[228,233],"class_list":{"0":"post-5865","1":"product","2":"type-product","3":"status-publish","4":"has-post-thumbnail","6":"product_cat-cinta-o-tela-para-exterior","7":"product_cat-coleccion-welcome","8":"product_cat-couture","9":"product_cat-muebles-de-exterior","10":"product_cat-salas","11":"product_cat-sillones","12":"product_cat-tela-para-exterior","13":"coleccion-welcome","14":"espacios-estancia","15":"espacios-residencial","16":"espacios-salas","17":"espacios-terraza","18":"marca-couture","19":"material-madera","20":"material-textil","21":"sales-flash-overlay","22":"woocommerce-text-align-center","23":"woocommerce-image-align-center","24":"wc-has-gallery","26":"first","27":"instock","28":"shipping-taxable","29":"purchasable","30":"product-type-variable"},"_links":{"self":[{"href":"https:\/\/atmosferasmuebles.com\/tienda\/wp-json\/wp\/v2\/product\/5865","targetHints":{"allow":["GET"]}}],"collection":[{"href":"https:\/\/atmosferasmuebles.com\/tienda\/wp-json\/wp\/v2\/product"}],"about":[{"href":"https:\/\/atmosferasmuebles.com\/tienda\/wp-json\/wp\/v2\/types\/product"}],"replies":[{"embeddable":true,"href":"https:\/\/atmosferasmuebles.com\/tienda\/wp-json\/wp\/v2\/comments?post=5865"}],"version-history":[{"count":1,"href":"https:\/\/atmosferasmuebles.com\/tienda\/wp-json\/wp\/v2\/product\/5865\/revisions"}],"predecessor-version":[{"id":5868,"href":"https:\/\/atmosferasmuebles.com\/tienda\/wp-json\/wp\/v2\/product\/5865\/revisions\/5868"}],"wp:featuredmedia":[{"embeddable":true,"href":"https:\/\/atmosferasmuebles.com\/tienda\/wp-json\/wp\/v2\/media\/5573"}],"wp:attachment":[{"href":"https:\/\/atmosferasmuebles.com\/tienda\/wp-json\/wp\/v2\/media?parent=5865"}],"wp:term":[{"taxonomy":"product_brand","embeddable":true,"href":"https:\/\/atmosferasmuebles.com\/tienda\/wp-json\/wp\/v2\/product_brand?post=5865"},{"taxonomy":"product_cat","embeddable":true,"href":"https:\/\/atmosferasmuebles.com\/tienda\/wp-json\/wp\/v2\/product_cat?post=5865"},{"taxonomy":"product_tag","embeddable":true,"href":"https:\/\/atmosferasmuebles.com\/tienda\/wp-json\/wp\/v2\/product_tag?post=5865"},{"taxonomy":"accesorios","embeddable":true,"href":"https:\/\/atmosferasmuebles.com\/tienda\/wp-json\/wp\/v2\/accesorios?post=5865"},{"taxonomy":"coleccion","embeddable":true,"href":"https:\/\/atmosferasmuebles.com\/tienda\/wp-json\/wp\/v2\/coleccion?post=5865"},{"taxonomy":"espacios","embeddable":true,"href":"https:\/\/atmosferasmuebles.com\/tienda\/wp-json\/wp\/v2\/espacios?post=5865"},{"taxonomy":"marca","embeddable":true,"href":"https:\/\/atmosferasmuebles.com\/tienda\/wp-json\/wp\/v2\/marca?post=5865"},{"taxonomy":"material","embeddable":true,"href":"https:\/\/atmosferasmuebles.com\/tienda\/wp-json\/wp\/v2\/material?post=5865"}],"curies":[{"name":"wp","href":"https:\/\/api.w.org\/{rel}","templated":true}]}}