{"id":5851,"date":"2022-01-05T04:00:19","date_gmt":"2022-01-05T04:00:19","guid":{"rendered":"https:\/\/atmosferasmuebles.com\/tienda\/?post_type=product&#038;p=5851"},"modified":"2026-04-29T08:29:00","modified_gmt":"2026-04-29T08:29:00","slug":"mesa-bar-polo","status":"publish","type":"product","link":"https:\/\/atmosferasmuebles.com\/tienda\/producto\/mesa-bar-polo\/","title":{"rendered":"Mesa Bar Polo"},"content":{"rendered":"<p>Mesa Bar Ella que en conjunto con la Silla Bar Polo podr\u00e1s formar un comedor alto con mucho estilo.<\/p>\n<p>Detalles del producto:<br \/>\nMarco de aluminio soldado de grado contract<br \/>\nMarco con recubrimiento en polvo de la marca Tiger<br \/>\nHPL con altos est\u00e1ndares Europeos de fabricaci\u00f3n.<\/p>\n","protected":false},"excerpt":{"rendered":"<p>Mesa Bar Polo, compa\u00f1era del Bnaco Bar Polo para formar un comedor con mucho estilo.<\/p>\n<p>Fabricado con un marco de aluminio y HPL de fabricaci\u00f3n europea con altos est\u00e1ndares para su elaboraci\u00f3n.<\/p>\n<p>Disponible en 2 colores.<\/p>\n","protected":false},"featured_media":5586,"comment_status":"open","ping_status":"closed","template":"","meta":{"_joinchat":[]},"product_brand":[],"product_cat":[1149,2239,362,61,351,1173,26,23,17],"product_tag":[],"accesorios":[],"coleccion":[363],"espacios":[1611,210,212],"marca":[353],"material":[232],"class_list":{"0":"post-5851","1":"product","2":"type-product","3":"status-publish","4":"has-post-thumbnail","6":"product_cat-aluminio","7":"product_cat-bar","8":"product_cat-coleccion-polo","9":"product_cat-comedor","10":"product_cat-couture","11":"product_cat-mesa-comedor","12":"product_cat-mesas","13":"product_cat-metal","14":"product_cat-muebles-de-exterior","15":"coleccion-polo","16":"espacios-bar","17":"espacios-comedores","18":"espacios-jardin","19":"marca-couture","20":"material-aluminio","21":"sales-flash-overlay","22":"woocommerce-text-align-center","23":"woocommerce-image-align-center","24":"wc-has-gallery","26":"first","27":"instock","28":"shipping-taxable","29":"purchasable","30":"product-type-variable"},"_links":{"self":[{"href":"https:\/\/atmosferasmuebles.com\/tienda\/wp-json\/wp\/v2\/product\/5851","targetHints":{"allow":["GET"]}}],"collection":[{"href":"https:\/\/atmosferasmuebles.com\/tienda\/wp-json\/wp\/v2\/product"}],"about":[{"href":"https:\/\/atmosferasmuebles.com\/tienda\/wp-json\/wp\/v2\/types\/product"}],"replies":[{"embeddable":true,"href":"https:\/\/atmosferasmuebles.com\/tienda\/wp-json\/wp\/v2\/comments?post=5851"}],"version-history":[{"count":1,"href":"https:\/\/atmosferasmuebles.com\/tienda\/wp-json\/wp\/v2\/product\/5851\/revisions"}],"predecessor-version":[{"id":5854,"href":"https:\/\/atmosferasmuebles.com\/tienda\/wp-json\/wp\/v2\/product\/5851\/revisions\/5854"}],"wp:featuredmedia":[{"embeddable":true,"href":"https:\/\/atmosferasmuebles.com\/tienda\/wp-json\/wp\/v2\/media\/5586"}],"wp:attachment":[{"href":"https:\/\/atmosferasmuebles.com\/tienda\/wp-json\/wp\/v2\/media?parent=5851"}],"wp:term":[{"taxonomy":"product_brand","embeddable":true,"href":"https:\/\/atmosferasmuebles.com\/tienda\/wp-json\/wp\/v2\/product_brand?post=5851"},{"taxonomy":"product_cat","embeddable":true,"href":"https:\/\/atmosferasmuebles.com\/tienda\/wp-json\/wp\/v2\/product_cat?post=5851"},{"taxonomy":"product_tag","embeddable":true,"href":"https:\/\/atmosferasmuebles.com\/tienda\/wp-json\/wp\/v2\/product_tag?post=5851"},{"taxonomy":"accesorios","embeddable":true,"href":"https:\/\/atmosferasmuebles.com\/tienda\/wp-json\/wp\/v2\/accesorios?post=5851"},{"taxonomy":"coleccion","embeddable":true,"href":"https:\/\/atmosferasmuebles.com\/tienda\/wp-json\/wp\/v2\/coleccion?post=5851"},{"taxonomy":"espacios","embeddable":true,"href":"https:\/\/atmosferasmuebles.com\/tienda\/wp-json\/wp\/v2\/espacios?post=5851"},{"taxonomy":"marca","embeddable":true,"href":"https:\/\/atmosferasmuebles.com\/tienda\/wp-json\/wp\/v2\/marca?post=5851"},{"taxonomy":"material","embeddable":true,"href":"https:\/\/atmosferasmuebles.com\/tienda\/wp-json\/wp\/v2\/material?post=5851"}],"curies":[{"name":"wp","href":"https:\/\/api.w.org\/{rel}","templated":true}]}}