{"id":5849,"date":"2022-01-05T03:52:43","date_gmt":"2022-01-05T03:52:43","guid":{"rendered":"https:\/\/atmosferasmuebles.com\/tienda\/?post_type=product&#038;p=5849"},"modified":"2026-04-29T08:32:12","modified_gmt":"2026-04-29T08:32:12","slug":"mesa-con-extension-polo","status":"publish","type":"product","link":"https:\/\/atmosferasmuebles.com\/tienda\/producto\/mesa-con-extension-polo\/","title":{"rendered":"Mesa con extensi\u00f3n Polo"},"content":{"rendered":"<p>Mesa con extensi\u00f3n Polo, de 6 a 10 invitados en un momento.<\/p>\n<p>Detalles del producto:<br \/>\nMarco de aluminio soldado de grado contract<br \/>\nMarco con recubrimiento en polvo de la marca Tiger<br \/>\nHPL con altos est\u00e1ndares Europeos de fabricaci\u00f3n.<\/p>\n","protected":false},"excerpt":{"rendered":"<p>Mesa con extensi\u00f3n Polo, ya no hay pretexto para no recibir a todos con esta mesa que puede ampliarse hasta para 10 personas.<\/p>\n<p>Fabricado con un marco de aluminio, con HPL de fabricaci\u00f3n europea con altos est\u00e1ndares para su elaboraci\u00f3n y madera de teca genuina.<\/p>\n<p>Complementa tu comedor con la Silla Polo.<\/p>\n","protected":false},"featured_media":5592,"comment_status":"open","ping_status":"closed","template":"","meta":{"_joinchat":[]},"product_brand":[],"product_cat":[1149,362,61,99,351,40,1173,26,23,17],"product_tag":[],"accesorios":[],"coleccion":[363],"espacios":[210],"marca":[353],"material":[232],"class_list":{"0":"post-5849","1":"product","2":"type-product","3":"status-publish","4":"has-post-thumbnail","6":"product_cat-aluminio","7":"product_cat-coleccion-polo","8":"product_cat-comedor","9":"product_cat-comedores","10":"product_cat-couture","11":"product_cat-madera","12":"product_cat-mesa-comedor","13":"product_cat-mesas","14":"product_cat-metal","15":"product_cat-muebles-de-exterior","16":"coleccion-polo","17":"espacios-comedores","18":"marca-couture","19":"material-aluminio","20":"sales-flash-overlay","21":"woocommerce-text-align-center","22":"woocommerce-image-align-center","23":"wc-has-gallery","25":"first","26":"instock","27":"shipping-taxable","28":"purchasable","29":"product-type-simple"},"_links":{"self":[{"href":"https:\/\/atmosferasmuebles.com\/tienda\/wp-json\/wp\/v2\/product\/5849","targetHints":{"allow":["GET"]}}],"collection":[{"href":"https:\/\/atmosferasmuebles.com\/tienda\/wp-json\/wp\/v2\/product"}],"about":[{"href":"https:\/\/atmosferasmuebles.com\/tienda\/wp-json\/wp\/v2\/types\/product"}],"replies":[{"embeddable":true,"href":"https:\/\/atmosferasmuebles.com\/tienda\/wp-json\/wp\/v2\/comments?post=5849"}],"version-history":[{"count":1,"href":"https:\/\/atmosferasmuebles.com\/tienda\/wp-json\/wp\/v2\/product\/5849\/revisions"}],"predecessor-version":[{"id":5850,"href":"https:\/\/atmosferasmuebles.com\/tienda\/wp-json\/wp\/v2\/product\/5849\/revisions\/5850"}],"wp:featuredmedia":[{"embeddable":true,"href":"https:\/\/atmosferasmuebles.com\/tienda\/wp-json\/wp\/v2\/media\/5592"}],"wp:attachment":[{"href":"https:\/\/atmosferasmuebles.com\/tienda\/wp-json\/wp\/v2\/media?parent=5849"}],"wp:term":[{"taxonomy":"product_brand","embeddable":true,"href":"https:\/\/atmosferasmuebles.com\/tienda\/wp-json\/wp\/v2\/product_brand?post=5849"},{"taxonomy":"product_cat","embeddable":true,"href":"https:\/\/atmosferasmuebles.com\/tienda\/wp-json\/wp\/v2\/product_cat?post=5849"},{"taxonomy":"product_tag","embeddable":true,"href":"https:\/\/atmosferasmuebles.com\/tienda\/wp-json\/wp\/v2\/product_tag?post=5849"},{"taxonomy":"accesorios","embeddable":true,"href":"https:\/\/atmosferasmuebles.com\/tienda\/wp-json\/wp\/v2\/accesorios?post=5849"},{"taxonomy":"coleccion","embeddable":true,"href":"https:\/\/atmosferasmuebles.com\/tienda\/wp-json\/wp\/v2\/coleccion?post=5849"},{"taxonomy":"espacios","embeddable":true,"href":"https:\/\/atmosferasmuebles.com\/tienda\/wp-json\/wp\/v2\/espacios?post=5849"},{"taxonomy":"marca","embeddable":true,"href":"https:\/\/atmosferasmuebles.com\/tienda\/wp-json\/wp\/v2\/marca?post=5849"},{"taxonomy":"material","embeddable":true,"href":"https:\/\/atmosferasmuebles.com\/tienda\/wp-json\/wp\/v2\/material?post=5849"}],"curies":[{"name":"wp","href":"https:\/\/api.w.org\/{rel}","templated":true}]}}