{"id":5499,"date":"2021-12-02T04:35:46","date_gmt":"2021-12-02T04:35:46","guid":{"rendered":"https:\/\/atmosferasmuebles.com\/tienda\/?post_type=product&#038;p=5499"},"modified":"2026-02-10T19:20:06","modified_gmt":"2026-02-10T19:20:06","slug":"camastro-hawaii","status":"publish","type":"product","link":"https:\/\/atmosferasmuebles.com\/tienda\/producto\/camastro-hawaii\/","title":{"rendered":"Camastro Hawaii"},"content":{"rendered":"<p data-start=\"640\" data-end=\"877\">El Camastro Hawaii est\u00e1 dise\u00f1ado para evocar la relajaci\u00f3n y tranquilidad de un para\u00edso tropical. Su forma fluida y curvada, inspirada en la silueta de un cachalote, transmite libertad y movimiento, como si flotara en el mar.<\/p>\n<p data-start=\"879\" data-end=\"1094\">Fabricado en polipropileno con fibra de vidrio y protecci\u00f3n UV, es un camastro resistente al clima, ligero y f\u00e1cil de mantener, ideal para exteriores como playas, jardines, terrazas o \u00e1reas de alberca.<\/p>\n<p data-start=\"1096\" data-end=\"1266\">Cuenta con un respaldo reclinable ajustable que permite adaptar la posici\u00f3n a tu gusto y su estructura apilable lo hace muy pr\u00e1ctico para almacenar o transportar.<\/p>\n<p data-start=\"1268\" data-end=\"1397\">M\u00e1s que un mueble, el Hawaii es una invitaci\u00f3n a disfrutar de la vida con comodidad y estilo, al aire libre y sin preocupaciones.<\/p>\n","protected":false},"excerpt":{"rendered":"<p>El camastro Hawaii est\u00e1 inspirado en el esp\u00edritu relajado del para\u00edso tropical. Posee un dise\u00f1o c\u00f3modo, apilable y resistente. Su forma curva se inspira en la silueta de un cachalote, e invita a disfrutar del descanso al sol. Con respaldo ajustable y protecci\u00f3n UV, es ideal para playa, jard\u00edn o alberca.<\/p>\n","protected":false},"featured_media":5439,"comment_status":"open","ping_status":"closed","template":"","meta":{"_joinchat":[]},"product_brand":[],"product_cat":[1097,259,59,18],"product_tag":[],"accesorios":[],"coleccion":[1140],"espacios":[213,212],"marca":[225],"material":[989,234],"class_list":{"0":"post-5499","1":"product","2":"type-product","3":"status-publish","4":"has-post-thumbnail","6":"product_cat-coleccion-lagoon","7":"product_cat-lagoon","8":"product_cat-resina","9":"product_cat-tumbonas-y-camastros","10":"coleccion-hawaii","11":"espacios-alberca","12":"espacios-jardin","13":"marca-lagoon","14":"material-fibra-de-vidrio","15":"material-resina","16":"sales-flash-overlay","17":"woocommerce-text-align-center","18":"woocommerce-image-align-center","19":"wc-has-gallery","21":"first","22":"instock","23":"shipping-taxable","24":"purchasable","25":"product-type-variable"},"_links":{"self":[{"href":"https:\/\/atmosferasmuebles.com\/tienda\/wp-json\/wp\/v2\/product\/5499","targetHints":{"allow":["GET"]}}],"collection":[{"href":"https:\/\/atmosferasmuebles.com\/tienda\/wp-json\/wp\/v2\/product"}],"about":[{"href":"https:\/\/atmosferasmuebles.com\/tienda\/wp-json\/wp\/v2\/types\/product"}],"replies":[{"embeddable":true,"href":"https:\/\/atmosferasmuebles.com\/tienda\/wp-json\/wp\/v2\/comments?post=5499"}],"version-history":[{"count":3,"href":"https:\/\/atmosferasmuebles.com\/tienda\/wp-json\/wp\/v2\/product\/5499\/revisions"}],"predecessor-version":[{"id":14321,"href":"https:\/\/atmosferasmuebles.com\/tienda\/wp-json\/wp\/v2\/product\/5499\/revisions\/14321"}],"wp:featuredmedia":[{"embeddable":true,"href":"https:\/\/atmosferasmuebles.com\/tienda\/wp-json\/wp\/v2\/media\/5439"}],"wp:attachment":[{"href":"https:\/\/atmosferasmuebles.com\/tienda\/wp-json\/wp\/v2\/media?parent=5499"}],"wp:term":[{"taxonomy":"product_brand","embeddable":true,"href":"https:\/\/atmosferasmuebles.com\/tienda\/wp-json\/wp\/v2\/product_brand?post=5499"},{"taxonomy":"product_cat","embeddable":true,"href":"https:\/\/atmosferasmuebles.com\/tienda\/wp-json\/wp\/v2\/product_cat?post=5499"},{"taxonomy":"product_tag","embeddable":true,"href":"https:\/\/atmosferasmuebles.com\/tienda\/wp-json\/wp\/v2\/product_tag?post=5499"},{"taxonomy":"accesorios","embeddable":true,"href":"https:\/\/atmosferasmuebles.com\/tienda\/wp-json\/wp\/v2\/accesorios?post=5499"},{"taxonomy":"coleccion","embeddable":true,"href":"https:\/\/atmosferasmuebles.com\/tienda\/wp-json\/wp\/v2\/coleccion?post=5499"},{"taxonomy":"espacios","embeddable":true,"href":"https:\/\/atmosferasmuebles.com\/tienda\/wp-json\/wp\/v2\/espacios?post=5499"},{"taxonomy":"marca","embeddable":true,"href":"https:\/\/atmosferasmuebles.com\/tienda\/wp-json\/wp\/v2\/marca?post=5499"},{"taxonomy":"material","embeddable":true,"href":"https:\/\/atmosferasmuebles.com\/tienda\/wp-json\/wp\/v2\/material?post=5499"}],"curies":[{"name":"wp","href":"https:\/\/api.w.org\/{rel}","templated":true}]}}