{"id":5050,"date":"2021-11-23T16:24:48","date_gmt":"2021-11-23T16:24:48","guid":{"rendered":"https:\/\/atmosferasmuebles.com\/tienda\/?post_type=product&#038;p=5050"},"modified":"2026-01-18T22:19:37","modified_gmt":"2026-01-18T22:19:37","slug":"mesa-comedor-area","status":"publish","type":"product","link":"https:\/\/atmosferasmuebles.com\/tienda\/producto\/mesa-comedor-area\/","title":{"rendered":"Mesa Comedor \u00c1rea"},"content":{"rendered":"<p>Mesa Comedor \u00c1rea de dise\u00f1o moderno con gran resistencia a la luz, dando larga vida \u00fatil con un m\u00ednimo mantenimiento y limpieza.<\/p>\n<p>Complementa tu comedor con cualquier silla de la linea Cane- Line tanto de dise\u00f1o moderno o cl\u00e1sico y de cualquier material como aluminio, tela o teca.<\/p>\n","protected":false},"excerpt":{"rendered":"<p>Mesa Comedor \u00c1rea ofrece un dise\u00f1o funcional minimalista sin detalles innecesarios.<\/p>\n<p>Elegante mesa redonda con un di\u00e1metro de 110 cm, fabricada en aluminio s\u00f3lido con recubrimiento de polvo f\u00e1cil de mantener.<\/p>\n<p>La mesa es el compa\u00f1ero perfecto para cualquier silla de comedor y combina perfectamente con las sillas de comedor modernas y cl\u00e1sicas, ya sean de aluminio, tela o teca.<\/p>\n<p>Reune a tus amigos cerca de la mesa y disfrute de las c\u00e1lidas noches de verano en el patio.<\/p>\n","protected":false},"featured_media":5054,"comment_status":"open","ping_status":"closed","template":"","meta":{"_joinchat":[]},"product_brand":[],"product_cat":[278,61,1173,26,23,17],"product_tag":[],"accesorios":[],"coleccion":[],"espacios":[210],"marca":[219],"material":[232],"class_list":{"0":"post-5050","1":"product","2":"type-product","3":"status-publish","4":"has-post-thumbnail","6":"product_cat-cane-line","7":"product_cat-comedor","8":"product_cat-mesa-comedor","9":"product_cat-mesas","10":"product_cat-metal","11":"product_cat-muebles-de-exterior","12":"espacios-comedores","13":"marca-cane-line","14":"material-aluminio","15":"sales-flash-overlay","16":"woocommerce-text-align-center","17":"woocommerce-image-align-center","18":"wc-has-gallery","20":"first","21":"instock","22":"shipping-taxable","23":"purchasable","24":"product-type-variable"},"_links":{"self":[{"href":"https:\/\/atmosferasmuebles.com\/tienda\/wp-json\/wp\/v2\/product\/5050","targetHints":{"allow":["GET"]}}],"collection":[{"href":"https:\/\/atmosferasmuebles.com\/tienda\/wp-json\/wp\/v2\/product"}],"about":[{"href":"https:\/\/atmosferasmuebles.com\/tienda\/wp-json\/wp\/v2\/types\/product"}],"replies":[{"embeddable":true,"href":"https:\/\/atmosferasmuebles.com\/tienda\/wp-json\/wp\/v2\/comments?post=5050"}],"version-history":[{"count":1,"href":"https:\/\/atmosferasmuebles.com\/tienda\/wp-json\/wp\/v2\/product\/5050\/revisions"}],"predecessor-version":[{"id":5058,"href":"https:\/\/atmosferasmuebles.com\/tienda\/wp-json\/wp\/v2\/product\/5050\/revisions\/5058"}],"wp:featuredmedia":[{"embeddable":true,"href":"https:\/\/atmosferasmuebles.com\/tienda\/wp-json\/wp\/v2\/media\/5054"}],"wp:attachment":[{"href":"https:\/\/atmosferasmuebles.com\/tienda\/wp-json\/wp\/v2\/media?parent=5050"}],"wp:term":[{"taxonomy":"product_brand","embeddable":true,"href":"https:\/\/atmosferasmuebles.com\/tienda\/wp-json\/wp\/v2\/product_brand?post=5050"},{"taxonomy":"product_cat","embeddable":true,"href":"https:\/\/atmosferasmuebles.com\/tienda\/wp-json\/wp\/v2\/product_cat?post=5050"},{"taxonomy":"product_tag","embeddable":true,"href":"https:\/\/atmosferasmuebles.com\/tienda\/wp-json\/wp\/v2\/product_tag?post=5050"},{"taxonomy":"accesorios","embeddable":true,"href":"https:\/\/atmosferasmuebles.com\/tienda\/wp-json\/wp\/v2\/accesorios?post=5050"},{"taxonomy":"coleccion","embeddable":true,"href":"https:\/\/atmosferasmuebles.com\/tienda\/wp-json\/wp\/v2\/coleccion?post=5050"},{"taxonomy":"espacios","embeddable":true,"href":"https:\/\/atmosferasmuebles.com\/tienda\/wp-json\/wp\/v2\/espacios?post=5050"},{"taxonomy":"marca","embeddable":true,"href":"https:\/\/atmosferasmuebles.com\/tienda\/wp-json\/wp\/v2\/marca?post=5050"},{"taxonomy":"material","embeddable":true,"href":"https:\/\/atmosferasmuebles.com\/tienda\/wp-json\/wp\/v2\/material?post=5050"}],"curies":[{"name":"wp","href":"https:\/\/api.w.org\/{rel}","templated":true}]}}