{"id":4982,"date":"2021-11-23T16:06:11","date_gmt":"2021-11-23T16:06:11","guid":{"rendered":"https:\/\/atmosferasmuebles.com\/tienda\/?post_type=product&#038;p=4982"},"modified":"2026-01-25T03:35:02","modified_gmt":"2026-01-25T03:35:02","slug":"mesa-comedor-joy","status":"publish","type":"product","link":"https:\/\/atmosferasmuebles.com\/tienda\/producto\/mesa-comedor-joy\/","title":{"rendered":"Mesa comedor Joy"},"content":{"rendered":"<p>Mesa comedor Joy es la combinaci\u00f3n de elegantes l\u00edneas limpias y un lenguaje de dise\u00f1o impecable.<br \/>\nPuede ser utilizada para interior o exterior.<br \/>\nTiene una gran resistencia a la luz y una superficie resistente a los ara\u00f1azos.<br \/>\nSus materiales de alta calidad le dan una larga vida \u00fatil con un m\u00ednimo mantenimiento y limpieza.<\/p>\n","protected":false},"excerpt":{"rendered":"<p>Mesa comedor Joy elegante mesa de comedor para tu espacio al aire libre.<\/p>\n<p>El pie de mesa de Joy le da una expresi\u00f3n \u00fanica, que con patas c\u00f3nicas de aluminio y su forma curva contribuyen a un aspecto est\u00e9tico y minimalista.<\/p>\n<p>Las mesas Joy vienen en versi\u00f3n redonda y con dos colores de estructura uno oscuro y el otro m\u00e1s claro, adicionalmente puedes seleccionar el color del tablero entre los 4 disponibles permitiendo personalizarla para combinarla f\u00e1cilmente con tu decoraci\u00f3n.<\/p>\n","protected":false},"featured_media":4993,"comment_status":"open","ping_status":"closed","template":"","meta":{"_joinchat":[]},"product_brand":[],"product_cat":[278,61,40,1173,26,23,17],"product_tag":[],"accesorios":[],"coleccion":[],"espacios":[210],"marca":[219],"material":[232,228],"class_list":{"0":"post-4982","1":"product","2":"type-product","3":"status-publish","4":"has-post-thumbnail","6":"product_cat-cane-line","7":"product_cat-comedor","8":"product_cat-madera","9":"product_cat-mesa-comedor","10":"product_cat-mesas","11":"product_cat-metal","12":"product_cat-muebles-de-exterior","13":"espacios-comedores","14":"marca-cane-line","15":"material-aluminio","16":"material-madera","17":"sales-flash-overlay","18":"woocommerce-text-align-center","19":"woocommerce-image-align-center","20":"wc-has-gallery","22":"first","23":"instock","24":"shipping-taxable","25":"purchasable","26":"product-type-variable"},"_links":{"self":[{"href":"https:\/\/atmosferasmuebles.com\/tienda\/wp-json\/wp\/v2\/product\/4982","targetHints":{"allow":["GET"]}}],"collection":[{"href":"https:\/\/atmosferasmuebles.com\/tienda\/wp-json\/wp\/v2\/product"}],"about":[{"href":"https:\/\/atmosferasmuebles.com\/tienda\/wp-json\/wp\/v2\/types\/product"}],"replies":[{"embeddable":true,"href":"https:\/\/atmosferasmuebles.com\/tienda\/wp-json\/wp\/v2\/comments?post=4982"}],"version-history":[{"count":1,"href":"https:\/\/atmosferasmuebles.com\/tienda\/wp-json\/wp\/v2\/product\/4982\/revisions"}],"predecessor-version":[{"id":5002,"href":"https:\/\/atmosferasmuebles.com\/tienda\/wp-json\/wp\/v2\/product\/4982\/revisions\/5002"}],"wp:featuredmedia":[{"embeddable":true,"href":"https:\/\/atmosferasmuebles.com\/tienda\/wp-json\/wp\/v2\/media\/4993"}],"wp:attachment":[{"href":"https:\/\/atmosferasmuebles.com\/tienda\/wp-json\/wp\/v2\/media?parent=4982"}],"wp:term":[{"taxonomy":"product_brand","embeddable":true,"href":"https:\/\/atmosferasmuebles.com\/tienda\/wp-json\/wp\/v2\/product_brand?post=4982"},{"taxonomy":"product_cat","embeddable":true,"href":"https:\/\/atmosferasmuebles.com\/tienda\/wp-json\/wp\/v2\/product_cat?post=4982"},{"taxonomy":"product_tag","embeddable":true,"href":"https:\/\/atmosferasmuebles.com\/tienda\/wp-json\/wp\/v2\/product_tag?post=4982"},{"taxonomy":"accesorios","embeddable":true,"href":"https:\/\/atmosferasmuebles.com\/tienda\/wp-json\/wp\/v2\/accesorios?post=4982"},{"taxonomy":"coleccion","embeddable":true,"href":"https:\/\/atmosferasmuebles.com\/tienda\/wp-json\/wp\/v2\/coleccion?post=4982"},{"taxonomy":"espacios","embeddable":true,"href":"https:\/\/atmosferasmuebles.com\/tienda\/wp-json\/wp\/v2\/espacios?post=4982"},{"taxonomy":"marca","embeddable":true,"href":"https:\/\/atmosferasmuebles.com\/tienda\/wp-json\/wp\/v2\/marca?post=4982"},{"taxonomy":"material","embeddable":true,"href":"https:\/\/atmosferasmuebles.com\/tienda\/wp-json\/wp\/v2\/material?post=4982"}],"curies":[{"name":"wp","href":"https:\/\/api.w.org\/{rel}","templated":true}]}}