{"id":4761,"date":"2021-11-23T02:54:13","date_gmt":"2021-11-23T02:54:13","guid":{"rendered":"https:\/\/atmosferasmuebles.com\/tienda\/?post_type=product&#038;p=4761"},"modified":"2025-08-20T21:17:41","modified_gmt":"2025-08-20T21:17:41","slug":"mesa-de-centro-chill-out","status":"publish","type":"product","link":"https:\/\/atmosferasmuebles.com\/tienda\/producto\/mesa-de-centro-chill-out\/","title":{"rendered":"Mesa de centro Chill-Out"},"content":{"rendered":"<p>Mesa de centro Chill-out de dise\u00f1o moderno con gran resistencia y larga vida \u00fatil con un m\u00ednimo mantenimiento y limpieza.<\/p>\n<p>Esta mesa puede combinar con cualquier tipo de decoraci\u00f3n moderna y puede ser el complemento ideal de la colecci\u00f3n Savannah.<\/p>\n","protected":false},"excerpt":{"rendered":"<p>Mesa de centro Chill-out con un dise\u00f1o moderno y sencillo que encaja bien con una decoraci\u00f3n moderna.<\/p>\n<p>Lo que hace especial esta mesa es su altura ajustable, se puede utilizar como mesa de caf\u00e9 o se puede ajustar a una altura c\u00f3moda para comer o trabajar.<\/p>\n<p>Fabricada en aluminio con recubrimiento de polvo que la hace resistente a la intemperie, adem\u00e1s de ser ligera y f\u00e1cil de mover.<\/p>\n","protected":false},"featured_media":4763,"comment_status":"open","ping_status":"closed","template":"","meta":{"_joinchat":[]},"product_brand":[],"product_cat":[278,26,23,17,98],"product_tag":[],"accesorios":[],"coleccion":[],"espacios":[213,212,209],"marca":[219],"material":[232],"class_list":{"0":"post-4761","1":"product","2":"type-product","3":"status-publish","4":"has-post-thumbnail","6":"product_cat-cane-line","7":"product_cat-mesas","8":"product_cat-metal","9":"product_cat-muebles-de-exterior","10":"product_cat-salas","11":"espacios-alberca","12":"espacios-jardin","13":"espacios-salas","14":"marca-cane-line","15":"material-aluminio","16":"sales-flash-overlay","17":"woocommerce-text-align-center","18":"woocommerce-image-align-center","19":"wc-has-gallery","21":"first","22":"instock","23":"shipping-taxable","24":"purchasable","25":"product-type-simple"},"_links":{"self":[{"href":"https:\/\/atmosferasmuebles.com\/tienda\/wp-json\/wp\/v2\/product\/4761","targetHints":{"allow":["GET"]}}],"collection":[{"href":"https:\/\/atmosferasmuebles.com\/tienda\/wp-json\/wp\/v2\/product"}],"about":[{"href":"https:\/\/atmosferasmuebles.com\/tienda\/wp-json\/wp\/v2\/types\/product"}],"replies":[{"embeddable":true,"href":"https:\/\/atmosferasmuebles.com\/tienda\/wp-json\/wp\/v2\/comments?post=4761"}],"version-history":[{"count":1,"href":"https:\/\/atmosferasmuebles.com\/tienda\/wp-json\/wp\/v2\/product\/4761\/revisions"}],"predecessor-version":[{"id":4770,"href":"https:\/\/atmosferasmuebles.com\/tienda\/wp-json\/wp\/v2\/product\/4761\/revisions\/4770"}],"wp:featuredmedia":[{"embeddable":true,"href":"https:\/\/atmosferasmuebles.com\/tienda\/wp-json\/wp\/v2\/media\/4763"}],"wp:attachment":[{"href":"https:\/\/atmosferasmuebles.com\/tienda\/wp-json\/wp\/v2\/media?parent=4761"}],"wp:term":[{"taxonomy":"product_brand","embeddable":true,"href":"https:\/\/atmosferasmuebles.com\/tienda\/wp-json\/wp\/v2\/product_brand?post=4761"},{"taxonomy":"product_cat","embeddable":true,"href":"https:\/\/atmosferasmuebles.com\/tienda\/wp-json\/wp\/v2\/product_cat?post=4761"},{"taxonomy":"product_tag","embeddable":true,"href":"https:\/\/atmosferasmuebles.com\/tienda\/wp-json\/wp\/v2\/product_tag?post=4761"},{"taxonomy":"accesorios","embeddable":true,"href":"https:\/\/atmosferasmuebles.com\/tienda\/wp-json\/wp\/v2\/accesorios?post=4761"},{"taxonomy":"coleccion","embeddable":true,"href":"https:\/\/atmosferasmuebles.com\/tienda\/wp-json\/wp\/v2\/coleccion?post=4761"},{"taxonomy":"espacios","embeddable":true,"href":"https:\/\/atmosferasmuebles.com\/tienda\/wp-json\/wp\/v2\/espacios?post=4761"},{"taxonomy":"marca","embeddable":true,"href":"https:\/\/atmosferasmuebles.com\/tienda\/wp-json\/wp\/v2\/marca?post=4761"},{"taxonomy":"material","embeddable":true,"href":"https:\/\/atmosferasmuebles.com\/tienda\/wp-json\/wp\/v2\/material?post=4761"}],"curies":[{"name":"wp","href":"https:\/\/api.w.org\/{rel}","templated":true}]}}