{"id":4755,"date":"2021-11-23T02:42:05","date_gmt":"2021-11-23T02:42:05","guid":{"rendered":"https:\/\/atmosferasmuebles.com\/tienda\/?post_type=product&#038;p=4755"},"modified":"2025-08-20T21:17:42","modified_gmt":"2025-08-20T21:17:42","slug":"divan-savannah-izquierdo","status":"publish","type":"product","link":"https:\/\/atmosferasmuebles.com\/tienda\/producto\/divan-savannah-izquierdo\/","title":{"rendered":"Div\u00e1n Savannah izquierdo"},"content":{"rendered":"<p>Div\u00e1n Savannah izquierdo puede permanecer en el exterior durante todo el a\u00f1o.<\/p>\n<p>Hecho de materiales reciclables con gran resistencia a la luz dando larga vida \u00fatil al sof\u00e1 con un m\u00ednimo mantenimiento y limpieza.<\/p>\n<p>El sill\u00f3n tiene un aspecto redondo y excepcionalmente agradable, y un dise\u00f1o atemporal.<\/p>\n<p>Disponible en 4 variantes de color.<\/p>\n","protected":false},"excerpt":{"rendered":"<p>Div\u00e1n Savannah izquierdo es parte del sistema modular de la colecci\u00f3n, se puede utilizar el m\u00f3dulo derecho e izquierdo de forma individual o combinarlos para formar un sof\u00e1 cama grande para dos personas.<\/p>\n<p>Cada div\u00e1n tiene un parasol extra\u00edble, que proporciona sombra durante las horas m\u00e1s calurosas del sol.<\/p>\n<p>Est\u00e1 fabricado en Cane-line Weave\u00ae, que es un material incre\u00edblemente resistente a la intemperie que no se desvanece su color con la luz del sol, por lo que puede permanecer en el exterior durante todo el a\u00f1o<\/p>\n","protected":false},"featured_media":4740,"comment_status":"open","ping_status":"closed","template":"","meta":{"_joinchat":[]},"product_brand":[],"product_cat":[278,19,307,63,17,69,18],"product_tag":[],"accesorios":[],"coleccion":[308],"espacios":[213,212],"marca":[219],"material":[230,233],"class_list":{"0":"post-4755","1":"product","2":"type-product","3":"status-publish","4":"has-post-thumbnail","6":"product_cat-cane-line","7":"product_cat-cinta-o-tela-para-exterior","8":"product_cat-coleccion-savannah","9":"product_cat-mimbre-intemperie","10":"product_cat-muebles-de-exterior","11":"product_cat-tela-para-exterior","12":"product_cat-tumbonas-y-camastros","13":"coleccion-savannah","14":"espacios-alberca","15":"espacios-jardin","16":"marca-cane-line","17":"material-mimbre","18":"material-textil","19":"sales-flash-overlay","20":"woocommerce-text-align-center","21":"woocommerce-image-align-center","22":"wc-has-gallery","24":"first","25":"instock","26":"shipping-taxable","27":"purchasable","28":"product-type-variable"},"_links":{"self":[{"href":"https:\/\/atmosferasmuebles.com\/tienda\/wp-json\/wp\/v2\/product\/4755","targetHints":{"allow":["GET"]}}],"collection":[{"href":"https:\/\/atmosferasmuebles.com\/tienda\/wp-json\/wp\/v2\/product"}],"about":[{"href":"https:\/\/atmosferasmuebles.com\/tienda\/wp-json\/wp\/v2\/types\/product"}],"replies":[{"embeddable":true,"href":"https:\/\/atmosferasmuebles.com\/tienda\/wp-json\/wp\/v2\/comments?post=4755"}],"version-history":[{"count":1,"href":"https:\/\/atmosferasmuebles.com\/tienda\/wp-json\/wp\/v2\/product\/4755\/revisions"}],"predecessor-version":[{"id":4760,"href":"https:\/\/atmosferasmuebles.com\/tienda\/wp-json\/wp\/v2\/product\/4755\/revisions\/4760"}],"wp:featuredmedia":[{"embeddable":true,"href":"https:\/\/atmosferasmuebles.com\/tienda\/wp-json\/wp\/v2\/media\/4740"}],"wp:attachment":[{"href":"https:\/\/atmosferasmuebles.com\/tienda\/wp-json\/wp\/v2\/media?parent=4755"}],"wp:term":[{"taxonomy":"product_brand","embeddable":true,"href":"https:\/\/atmosferasmuebles.com\/tienda\/wp-json\/wp\/v2\/product_brand?post=4755"},{"taxonomy":"product_cat","embeddable":true,"href":"https:\/\/atmosferasmuebles.com\/tienda\/wp-json\/wp\/v2\/product_cat?post=4755"},{"taxonomy":"product_tag","embeddable":true,"href":"https:\/\/atmosferasmuebles.com\/tienda\/wp-json\/wp\/v2\/product_tag?post=4755"},{"taxonomy":"accesorios","embeddable":true,"href":"https:\/\/atmosferasmuebles.com\/tienda\/wp-json\/wp\/v2\/accesorios?post=4755"},{"taxonomy":"coleccion","embeddable":true,"href":"https:\/\/atmosferasmuebles.com\/tienda\/wp-json\/wp\/v2\/coleccion?post=4755"},{"taxonomy":"espacios","embeddable":true,"href":"https:\/\/atmosferasmuebles.com\/tienda\/wp-json\/wp\/v2\/espacios?post=4755"},{"taxonomy":"marca","embeddable":true,"href":"https:\/\/atmosferasmuebles.com\/tienda\/wp-json\/wp\/v2\/marca?post=4755"},{"taxonomy":"material","embeddable":true,"href":"https:\/\/atmosferasmuebles.com\/tienda\/wp-json\/wp\/v2\/material?post=4755"}],"curies":[{"name":"wp","href":"https:\/\/api.w.org\/{rel}","templated":true}]}}