{"id":4595,"date":"2021-11-17T03:34:02","date_gmt":"2021-11-17T03:34:02","guid":{"rendered":"https:\/\/atmosferasmuebles.com\/tienda\/?post_type=product&#038;p=4595"},"modified":"2025-08-20T21:17:39","modified_gmt":"2025-08-20T21:17:39","slug":"sofa-individual-savannah","status":"publish","type":"product","link":"https:\/\/atmosferasmuebles.com\/tienda\/producto\/sofa-individual-savannah\/","title":{"rendered":"Sof\u00e1 individual Savannah"},"content":{"rendered":"<p>Sof\u00e1 Savannah 2 lugares modulo individual puede permanecer en el exterior durante todo el a\u00f1o.<\/p>\n<p>Hecho de materiales reciclables con gran resistencia a la luz dando larga vida \u00fatil al sof\u00e1 con un m\u00ednimo mantenimiento y limpieza.<\/p>\n<p>El sof\u00e1 tiene un aspecto redondo y excepcionalmente agradable, y un dise\u00f1o atemporal.<\/p>\n<p>Disponible en 4 variantes de color.<\/p>\n","protected":false},"excerpt":{"rendered":"<p>Sof\u00e1 Savannah 2 lugares modulo individual con dise\u00f1o moderno y atemporal es parte de un sistema modular que te permite construir tu espacio como m\u00e1s te guste.<\/p>\n<p>A este m\u00f3dulo puedes agregar un esquinero y obtendr\u00e1s un sof\u00e1 de 3 plazas o simplemente unirlo con otros m\u00f3dulos para crear un gran sof\u00e1.<\/p>\n<p>Est\u00e1 fabricado en Cane-line Weave\u00ae, que es un material incre\u00edblemente resistente a la intemperie. El sof\u00e1 tiene una larga vida \u00fatil y una alta resistencia a la luz, con un m\u00ednimo mantenimiento esta sala podr\u00eda estar mucho tiempo en tu jard\u00edn.<\/p>\n","protected":false},"featured_media":4608,"comment_status":"open","ping_status":"closed","template":"","meta":{"_joinchat":[]},"product_brand":[],"product_cat":[278,19,307,63,17,22,69],"product_tag":[],"accesorios":[],"coleccion":[308],"espacios":[209],"marca":[219],"material":[230,233],"class_list":{"0":"post-4595","1":"product","2":"type-product","3":"status-publish","4":"has-post-thumbnail","6":"product_cat-cane-line","7":"product_cat-cinta-o-tela-para-exterior","8":"product_cat-coleccion-savannah","9":"product_cat-mimbre-intemperie","10":"product_cat-muebles-de-exterior","11":"product_cat-sillones","12":"product_cat-tela-para-exterior","13":"coleccion-savannah","14":"espacios-salas","15":"marca-cane-line","16":"material-mimbre","17":"material-textil","18":"sales-flash-overlay","19":"woocommerce-text-align-center","20":"woocommerce-image-align-center","21":"wc-has-gallery","23":"first","24":"instock","25":"shipping-taxable","26":"purchasable","27":"product-type-variable"},"_links":{"self":[{"href":"https:\/\/atmosferasmuebles.com\/tienda\/wp-json\/wp\/v2\/product\/4595","targetHints":{"allow":["GET"]}}],"collection":[{"href":"https:\/\/atmosferasmuebles.com\/tienda\/wp-json\/wp\/v2\/product"}],"about":[{"href":"https:\/\/atmosferasmuebles.com\/tienda\/wp-json\/wp\/v2\/types\/product"}],"replies":[{"embeddable":true,"href":"https:\/\/atmosferasmuebles.com\/tienda\/wp-json\/wp\/v2\/comments?post=4595"}],"version-history":[{"count":1,"href":"https:\/\/atmosferasmuebles.com\/tienda\/wp-json\/wp\/v2\/product\/4595\/revisions"}],"predecessor-version":[{"id":4614,"href":"https:\/\/atmosferasmuebles.com\/tienda\/wp-json\/wp\/v2\/product\/4595\/revisions\/4614"}],"wp:featuredmedia":[{"embeddable":true,"href":"https:\/\/atmosferasmuebles.com\/tienda\/wp-json\/wp\/v2\/media\/4608"}],"wp:attachment":[{"href":"https:\/\/atmosferasmuebles.com\/tienda\/wp-json\/wp\/v2\/media?parent=4595"}],"wp:term":[{"taxonomy":"product_brand","embeddable":true,"href":"https:\/\/atmosferasmuebles.com\/tienda\/wp-json\/wp\/v2\/product_brand?post=4595"},{"taxonomy":"product_cat","embeddable":true,"href":"https:\/\/atmosferasmuebles.com\/tienda\/wp-json\/wp\/v2\/product_cat?post=4595"},{"taxonomy":"product_tag","embeddable":true,"href":"https:\/\/atmosferasmuebles.com\/tienda\/wp-json\/wp\/v2\/product_tag?post=4595"},{"taxonomy":"accesorios","embeddable":true,"href":"https:\/\/atmosferasmuebles.com\/tienda\/wp-json\/wp\/v2\/accesorios?post=4595"},{"taxonomy":"coleccion","embeddable":true,"href":"https:\/\/atmosferasmuebles.com\/tienda\/wp-json\/wp\/v2\/coleccion?post=4595"},{"taxonomy":"espacios","embeddable":true,"href":"https:\/\/atmosferasmuebles.com\/tienda\/wp-json\/wp\/v2\/espacios?post=4595"},{"taxonomy":"marca","embeddable":true,"href":"https:\/\/atmosferasmuebles.com\/tienda\/wp-json\/wp\/v2\/marca?post=4595"},{"taxonomy":"material","embeddable":true,"href":"https:\/\/atmosferasmuebles.com\/tienda\/wp-json\/wp\/v2\/material?post=4595"}],"curies":[{"name":"wp","href":"https:\/\/api.w.org\/{rel}","templated":true}]}}