{"id":4416,"date":"2021-11-17T00:55:25","date_gmt":"2021-11-17T00:55:25","guid":{"rendered":"https:\/\/atmosferasmuebles.com\/tienda\/?post_type=product&#038;p=4416"},"modified":"2025-08-20T21:17:32","modified_gmt":"2025-08-20T21:17:32","slug":"mesa-de-cafe-pequena-twist","status":"publish","type":"product","link":"https:\/\/atmosferasmuebles.com\/tienda\/producto\/mesa-de-cafe-pequena-twist\/","title":{"rendered":"Mesa de caf\u00e9 peque\u00f1a Twist"},"content":{"rendered":"<p>Mesa de caf\u00e9 peque\u00f1a Twist detr\u00e1s de su creaci\u00f3n esta byKATO, conocido por su dise\u00f1o contempor\u00e1neo y detallado con el sentido de la artesan\u00eda de alta calidad.<br \/>\nEst\u00e1 hecha de un marco simple con un giro, para agregar una dimensi\u00f3n adicional a una mesa de caf\u00e9 que de otro modo ser\u00eda simple.<\/p>\n<p>La mesa Twist puede utilizarse de forma independiente o combinarse en un grupo de mesas Twist de diferentes tama\u00f1os, ya que las mesas tienen diferentes alturas y pueden caber unas debajo de otras.<\/p>\n<p>Esta mesa puede ser el complemento ideal de la colecci\u00f3n Flex o Ocean y con sus 12 combinaciones distintas seguramente lograras realzar tu espacio.<\/p>\n","protected":false},"excerpt":{"rendered":"<p>Mesa de caf\u00e9 peque\u00f1a Twist elegante, decorativa y pr\u00e1ctica para el ambiente exterior.<\/p>\n<p>La mesa Twist es muy vers\u00e1til, es perfecta como complemento en una terraza al aire libre, como una peque\u00f1a mesa auxiliar para acompa\u00f1ar tu asiento favorito en el jard\u00edn o cuando llega el oto\u00f1o, la mesa Twist se puede mover f\u00e1cilmente al interior de la casa.<\/p>\n<p>Est\u00e1 hecho de un marco liviano en aluminio con recubrimiento en polvo y una tablero de mesa con superficie s\u00f3lida de material duradero.<\/p>\n<p>Puedes elegirla su estructura en 3 colores y su cubierta en 4 colores distintos, as\u00ed podr\u00e1 hacer la combinaci\u00f3n que m\u00e1s te agrade.<\/p>\n","protected":false},"featured_media":4431,"comment_status":"open","ping_status":"closed","template":"","meta":{"_joinchat":[]},"product_brand":[],"product_cat":[278,26,23,17,98],"product_tag":[],"accesorios":[],"coleccion":[],"espacios":[213,212,209],"marca":[219],"material":[232],"class_list":{"0":"post-4416","1":"product","2":"type-product","3":"status-publish","4":"has-post-thumbnail","6":"product_cat-cane-line","7":"product_cat-mesas","8":"product_cat-metal","9":"product_cat-muebles-de-exterior","10":"product_cat-salas","11":"espacios-alberca","12":"espacios-jardin","13":"espacios-salas","14":"marca-cane-line","15":"material-aluminio","16":"sales-flash-overlay","17":"woocommerce-text-align-center","18":"woocommerce-image-align-center","19":"wc-has-gallery","21":"first","22":"instock","23":"shipping-taxable","24":"purchasable","25":"product-type-variable"},"_links":{"self":[{"href":"https:\/\/atmosferasmuebles.com\/tienda\/wp-json\/wp\/v2\/product\/4416","targetHints":{"allow":["GET"]}}],"collection":[{"href":"https:\/\/atmosferasmuebles.com\/tienda\/wp-json\/wp\/v2\/product"}],"about":[{"href":"https:\/\/atmosferasmuebles.com\/tienda\/wp-json\/wp\/v2\/types\/product"}],"replies":[{"embeddable":true,"href":"https:\/\/atmosferasmuebles.com\/tienda\/wp-json\/wp\/v2\/comments?post=4416"}],"version-history":[{"count":1,"href":"https:\/\/atmosferasmuebles.com\/tienda\/wp-json\/wp\/v2\/product\/4416\/revisions"}],"predecessor-version":[{"id":4443,"href":"https:\/\/atmosferasmuebles.com\/tienda\/wp-json\/wp\/v2\/product\/4416\/revisions\/4443"}],"wp:featuredmedia":[{"embeddable":true,"href":"https:\/\/atmosferasmuebles.com\/tienda\/wp-json\/wp\/v2\/media\/4431"}],"wp:attachment":[{"href":"https:\/\/atmosferasmuebles.com\/tienda\/wp-json\/wp\/v2\/media?parent=4416"}],"wp:term":[{"taxonomy":"product_brand","embeddable":true,"href":"https:\/\/atmosferasmuebles.com\/tienda\/wp-json\/wp\/v2\/product_brand?post=4416"},{"taxonomy":"product_cat","embeddable":true,"href":"https:\/\/atmosferasmuebles.com\/tienda\/wp-json\/wp\/v2\/product_cat?post=4416"},{"taxonomy":"product_tag","embeddable":true,"href":"https:\/\/atmosferasmuebles.com\/tienda\/wp-json\/wp\/v2\/product_tag?post=4416"},{"taxonomy":"accesorios","embeddable":true,"href":"https:\/\/atmosferasmuebles.com\/tienda\/wp-json\/wp\/v2\/accesorios?post=4416"},{"taxonomy":"coleccion","embeddable":true,"href":"https:\/\/atmosferasmuebles.com\/tienda\/wp-json\/wp\/v2\/coleccion?post=4416"},{"taxonomy":"espacios","embeddable":true,"href":"https:\/\/atmosferasmuebles.com\/tienda\/wp-json\/wp\/v2\/espacios?post=4416"},{"taxonomy":"marca","embeddable":true,"href":"https:\/\/atmosferasmuebles.com\/tienda\/wp-json\/wp\/v2\/marca?post=4416"},{"taxonomy":"material","embeddable":true,"href":"https:\/\/atmosferasmuebles.com\/tienda\/wp-json\/wp\/v2\/material?post=4416"}],"curies":[{"name":"wp","href":"https:\/\/api.w.org\/{rel}","templated":true}]}}