{"id":4404,"date":"2021-11-16T23:43:47","date_gmt":"2021-11-16T23:43:47","guid":{"rendered":"https:\/\/atmosferasmuebles.com\/tienda\/?post_type=product&#038;p=4404"},"modified":"2025-08-20T21:17:32","modified_gmt":"2025-08-20T21:17:32","slug":"sofa-flex-izquierdo","status":"publish","type":"product","link":"https:\/\/atmosferasmuebles.com\/tienda\/producto\/sofa-flex-izquierdo\/","title":{"rendered":"Sof\u00e1 Flex izquierdo"},"content":{"rendered":"<p>Sofa Flex izquierdo de dise\u00f1o moderno y exclusivo.<br \/>\nIdeal para uso en exteriores por su secado r\u00e1pido despu\u00e9s de la lluvia.<\/p>\n<p>Al ser un sistema modular pueden ser utilizados tanto para relajarse como banco para la mesa del comedor, usted mismo decide la funci\u00f3n.<\/p>\n<p>Disponible en 2 tonos de grises.<\/p>\n","protected":false},"excerpt":{"rendered":"<p>Sof\u00e1 Flex izquierdo es la esencia de la \u201cvida c\u00f3moda&#8221;<\/p>\n<p>Sistema modular, donde puedes dise\u00f1ar tu propia sala de estar que se adapte perfectamente a tus necesidades y deseos.<br \/>\nCon su dise\u00f1o y funci\u00f3n \u00fanicos, puede cambiar la forma en solo unos segundos.<\/p>\n<p>Ideales para uso al aire libre por su gran solidez a la luz y tejido resistente a la humedad y al agua, el material con el que esta fabricado garantiza una larga vida \u00fatil con un m\u00ednimo mantenimiento y limpieza.<\/p>\n","protected":false},"featured_media":4409,"comment_status":"open","ping_status":"closed","template":"","meta":{"_joinchat":[]},"product_brand":[],"product_cat":[278,294,23,17,98,69],"product_tag":[],"accesorios":[],"coleccion":[295],"espacios":[209],"marca":[219],"material":[231,233],"class_list":{"0":"post-4404","1":"product","2":"type-product","3":"status-publish","4":"has-post-thumbnail","6":"product_cat-cane-line","7":"product_cat-coleccion-flex","8":"product_cat-metal","9":"product_cat-muebles-de-exterior","10":"product_cat-salas","11":"product_cat-tela-para-exterior","12":"coleccion-flex","13":"espacios-salas","14":"marca-cane-line","15":"material-acero","16":"material-textil","17":"sales-flash-overlay","18":"woocommerce-text-align-center","19":"woocommerce-image-align-center","20":"wc-has-gallery","22":"first","23":"instock","24":"shipping-taxable","25":"purchasable","26":"product-type-variable"},"_links":{"self":[{"href":"https:\/\/atmosferasmuebles.com\/tienda\/wp-json\/wp\/v2\/product\/4404","targetHints":{"allow":["GET"]}}],"collection":[{"href":"https:\/\/atmosferasmuebles.com\/tienda\/wp-json\/wp\/v2\/product"}],"about":[{"href":"https:\/\/atmosferasmuebles.com\/tienda\/wp-json\/wp\/v2\/types\/product"}],"replies":[{"embeddable":true,"href":"https:\/\/atmosferasmuebles.com\/tienda\/wp-json\/wp\/v2\/comments?post=4404"}],"version-history":[{"count":1,"href":"https:\/\/atmosferasmuebles.com\/tienda\/wp-json\/wp\/v2\/product\/4404\/revisions"}],"predecessor-version":[{"id":4411,"href":"https:\/\/atmosferasmuebles.com\/tienda\/wp-json\/wp\/v2\/product\/4404\/revisions\/4411"}],"wp:featuredmedia":[{"embeddable":true,"href":"https:\/\/atmosferasmuebles.com\/tienda\/wp-json\/wp\/v2\/media\/4409"}],"wp:attachment":[{"href":"https:\/\/atmosferasmuebles.com\/tienda\/wp-json\/wp\/v2\/media?parent=4404"}],"wp:term":[{"taxonomy":"product_brand","embeddable":true,"href":"https:\/\/atmosferasmuebles.com\/tienda\/wp-json\/wp\/v2\/product_brand?post=4404"},{"taxonomy":"product_cat","embeddable":true,"href":"https:\/\/atmosferasmuebles.com\/tienda\/wp-json\/wp\/v2\/product_cat?post=4404"},{"taxonomy":"product_tag","embeddable":true,"href":"https:\/\/atmosferasmuebles.com\/tienda\/wp-json\/wp\/v2\/product_tag?post=4404"},{"taxonomy":"accesorios","embeddable":true,"href":"https:\/\/atmosferasmuebles.com\/tienda\/wp-json\/wp\/v2\/accesorios?post=4404"},{"taxonomy":"coleccion","embeddable":true,"href":"https:\/\/atmosferasmuebles.com\/tienda\/wp-json\/wp\/v2\/coleccion?post=4404"},{"taxonomy":"espacios","embeddable":true,"href":"https:\/\/atmosferasmuebles.com\/tienda\/wp-json\/wp\/v2\/espacios?post=4404"},{"taxonomy":"marca","embeddable":true,"href":"https:\/\/atmosferasmuebles.com\/tienda\/wp-json\/wp\/v2\/marca?post=4404"},{"taxonomy":"material","embeddable":true,"href":"https:\/\/atmosferasmuebles.com\/tienda\/wp-json\/wp\/v2\/material?post=4404"}],"curies":[{"name":"wp","href":"https:\/\/api.w.org\/{rel}","templated":true}]}}